{"id":12695,"date":"2025-05-21T06:37:59","date_gmt":"2025-05-21T06:37:59","guid":{"rendered":"https:\/\/toprisesafety.com\/?post_type=product&#038;p=12695"},"modified":"2025-05-21T08:01:27","modified_gmt":"2025-05-21T08:01:27","slug":"round-fiberglass-flower-pot","status":"publish","type":"product","link":"https:\/\/toprisesafety.com\/de\/product\/round-fiberglass-flower-pot\/","title":{"rendered":"Runder Blumentopf aus Fiberglas"},"content":{"rendered":"<h1>Runder Blumentopf aus Fiberglas<\/h1>\n<ul>\n<li>Einzigartige Form: Das runde Design ist einfach und modern und eignet sich f\u00fcr verschiedene Innen- und Au\u00dfenbereiche.<\/li>\n<li>Robustes Material: Glasfaserverst\u00e4rkter Kunststoff ist leicht, langlebig und \u00e4u\u00dferst sto\u00dffest.<\/li>\n<li>Wasserdicht und korrosionsbest\u00e4ndig: Geeignet f\u00fcr verschiedene klimatische Bedingungen und kann f\u00fcr eine lange Zeit verwendet werden.<\/li>\n<li>Leicht zu reinigen: Die Oberfl\u00e4che ist glatt, nicht anf\u00e4llig f\u00fcr Staubansammlungen und bequem f\u00fcr die t\u00e4gliche Reinigung.<\/li>\n<li>Bunte Auswahl: Eine Vielzahl von Farben steht zur Verf\u00fcgung, um die Bed\u00fcrfnisse verschiedener Dekorationsstile zu erf\u00fcllen.<\/li>\n<\/ul>\n<table>\n<tbody>\n<tr>\n<td width=\"284\">ART NO.<\/td>\n<td width=\"284\">FP08<\/td>\n<\/tr>\n<tr>\n<td width=\"284\">MATERIAL<\/td>\n<td width=\"284\">Fiberglas<\/td>\n<\/tr>\n<tr>\n<td width=\"284\">GR\u00d6SSE<\/td>\n<td width=\"284\">siehe unten Gr\u00f6\u00dfe pic.or angepasst<\/td>\n<\/tr>\n<tr>\n<td width=\"284\">MOQ<\/td>\n<td width=\"284\">3 PC<\/td>\n<\/tr>\n<tr>\n<td colspan=\"2\" width=\"568\">Wir unterst\u00fctzen kundenspezifische Designs, Gr\u00f6\u00dfen und Farben. Wenn Sie Ihr Design haben, k\u00f6nnen wir es entsprechend machen.<\/td>\n<\/tr>\n<\/tbody>\n<\/table>\n<p>TOPRISE unterst\u00fctzt verschiedene Arten der individuellen Gestaltung von Pflanzgef\u00e4\u00dfen aus Fiberglas; klicken Sie auf <a href=\"https:\/\/toprisesafety.com\/de\/product-category\/frp-products\/fiberglass-planter\/\">weitere Modelle von Fiberglas-Pflanzgef\u00e4\u00dfen ansehen.<\/a><\/p>\n<p>Wenn Sie Ihre gew\u00fcnschten Fiberglas-Pflanzgef\u00e4\u00dfe nicht finden, <a href=\"https:\/\/toprisesafety.com\/de\/contact-us\/\">kontaktieren Sie uns;<\/a> Wir unterst\u00fctzen spezielle Anpassungen mit niedrigem MOQ.<\/p>","protected":false},"excerpt":{"rendered":"<p>&nbsp;<\/p>\n<p>ART NO. FP08<\/p>\n<p>MATERIAL: Fiberglas<\/p>\n<p>Gr\u00f6\u00dfe: siehe unten Gr\u00f6\u00dfe pic.or angepasst<\/p>\n<p>Farbe: Wei\u00df, schwarz oder individuell<\/p>\n<p>MOQ: 3 PC<\/p>","protected":false},"featured_media":12696,"template":"","meta":{"_acf_changed":false},"product_brand":[],"product_cat":[398,399],"product_tag":[],"class_list":{"0":"post-12695","1":"product","2":"type-product","3":"status-publish","4":"has-post-thumbnail","6":"product_cat-frp-products","7":"product_cat-fiberglass-planter","9":"first","10":"instock","11":"shipping-taxable","12":"product-type-simple"},"acf":[],"_links":{"self":[{"href":"https:\/\/toprisesafety.com\/de\/wp-json\/wp\/v2\/product\/12695"}],"collection":[{"href":"https:\/\/toprisesafety.com\/de\/wp-json\/wp\/v2\/product"}],"about":[{"href":"https:\/\/toprisesafety.com\/de\/wp-json\/wp\/v2\/types\/product"}],"wp:featuredmedia":[{"embeddable":true,"href":"https:\/\/toprisesafety.com\/de\/wp-json\/wp\/v2\/media\/12696"}],"wp:attachment":[{"href":"https:\/\/toprisesafety.com\/de\/wp-json\/wp\/v2\/media?parent=12695"}],"wp:term":[{"taxonomy":"product_brand","embeddable":true,"href":"https:\/\/toprisesafety.com\/de\/wp-json\/wp\/v2\/product_brand?post=12695"},{"taxonomy":"product_cat","embeddable":true,"href":"https:\/\/toprisesafety.com\/de\/wp-json\/wp\/v2\/product_cat?post=12695"},{"taxonomy":"product_tag","embeddable":true,"href":"https:\/\/toprisesafety.com\/de\/wp-json\/wp\/v2\/product_tag?post=12695"}],"curies":[{"name":"wp","href":"https:\/\/api.w.org\/{rel}","templated":true}]}}