{"id":12679,"date":"2025-05-21T06:13:23","date_gmt":"2025-05-21T06:13:23","guid":{"rendered":"https:\/\/toprisesafety.com\/?post_type=product&#038;p=12679"},"modified":"2025-05-21T08:02:05","modified_gmt":"2025-05-21T08:02:05","slug":"rectangular-fibeglass-planter","status":"publish","type":"product","link":"https:\/\/toprisesafety.com\/de\/product\/rectangular-fibeglass-planter\/","title":{"rendered":"Rechteckiges Pflanzgef\u00e4\u00df aus Fiberglas"},"content":{"rendered":"<h1>Pflanzgef\u00e4\u00df aus Fiberglas, rechteckig<\/h1>\n<ul>\n<li>Starke Haltbarkeit: Das Material ist solide, sto\u00dffest und nicht leicht zu brechen.<\/li>\n<li>Wasserdicht und korrosionsbest\u00e4ndig: Geeignet f\u00fcr Innen- und Au\u00dfenbereiche, resistent gegen Wasser und Feuchtigkeit.<\/li>\n<li>Leicht und einfach zu tragen: Leicht im Gewicht, ist es bequem zu bewegen und neu zu ordnen.<\/li>\n<li>Modernes Aussehen: Einzigartiges Design und Farbe, anpassungsf\u00e4hig an verschiedene moderne Dekorationsstile.<\/li>\n<li>Leicht zu reinigen: glatte Oberfl\u00e4che, bequem zu reinigen und nicht anf\u00e4llig f\u00fcr Staubablagerungen.<\/li>\n<li>Anpassung in kleinen St\u00fcckzahlen: Unterst\u00fctzt individuelle Anpassungen mit einer geringen Mindestbestellmenge, um unterschiedlichen Anforderungen gerecht zu werden.<\/li>\n<\/ul>\n<table>\n<tbody>\n<tr>\n<td width=\"284\">ART NO.<\/td>\n<td width=\"284\">FP05<\/td>\n<\/tr>\n<tr>\n<td width=\"284\">MATERIAL<\/td>\n<td width=\"284\">Fiberglas<\/td>\n<\/tr>\n<tr>\n<td width=\"284\">GR\u00d6SSE<\/td>\n<td width=\"284\">angepasst<\/td>\n<\/tr>\n<tr>\n<td width=\"284\">MOQ<\/td>\n<td width=\"284\">3 PC<\/td>\n<\/tr>\n<tr>\n<td colspan=\"2\" width=\"568\">Wir unterst\u00fctzen kundenspezifische Designs, Gr\u00f6\u00dfen und Farben. Wenn Sie Ihr Design haben, k\u00f6nnen wir es entsprechend machen.<\/td>\n<\/tr>\n<\/tbody>\n<\/table>\n<div style=\"width: 800px;\" class=\"wp-video\"><video class=\"wp-video-shortcode\" id=\"video-12679-1\" width=\"800\" height=\"453\" preload=\"metadata\" controls=\"controls\"><source type=\"video\/mp4\" src=\"https:\/\/toprisesafety.com\/wp-content\/uploads\/2025\/05\/Rectangular-Fibeglass-Planter-1.mp4?_=1\" \/><a href=\"https:\/\/toprisesafety.com\/wp-content\/uploads\/2025\/05\/Rectangular-Fibeglass-Planter-1.mp4\">https:\/\/toprisesafety.com\/wp-content\/uploads\/2025\/05\/Rectangular-Fibeglass-Planter-1.mp4<\/a><\/video><\/div>\n<p>TOPRISE unterst\u00fctzt verschiedene Arten der individuellen Gestaltung von Pflanzgef\u00e4\u00dfen aus Fiberglas; klicken Sie auf <a href=\"https:\/\/toprisesafety.com\/de\/product-category\/frp-products\/fiberglass-planter\/\">weitere Modelle von Fiberglas-Pflanzgef\u00e4\u00dfen ansehen.<\/a><\/p>\n<p>Wenn Sie Ihre gew\u00fcnschten Fiberglas-Pflanzgef\u00e4\u00dfe nicht finden, <a href=\"https:\/\/toprisesafety.com\/de\/contact-us\/\">kontaktieren Sie uns;<\/a> Wir unterst\u00fctzen spezielle Anpassungen mit niedrigem MOQ.<\/p>","protected":false},"excerpt":{"rendered":"<p>&nbsp;<\/p>\n<p>ART NO. FP05<\/p>\n<p>MATERIAL: Fiberglas<\/p>\n<p>Gr\u00f6\u00dfe: kundenspezifisch<\/p>\n<p>Farbe: Wei\u00df, schwarz oder individuell<\/p>\n<p>MOQ: 3 PC<\/p>","protected":false},"featured_media":12683,"template":"","meta":{"_acf_changed":false},"product_brand":[],"product_cat":[398,399],"product_tag":[],"class_list":{"0":"post-12679","1":"product","2":"type-product","3":"status-publish","4":"has-post-thumbnail","6":"product_cat-frp-products","7":"product_cat-fiberglass-planter","9":"first","10":"instock","11":"shipping-taxable","12":"product-type-simple"},"acf":[],"_links":{"self":[{"href":"https:\/\/toprisesafety.com\/de\/wp-json\/wp\/v2\/product\/12679","targetHints":{"allow":["GET"]}}],"collection":[{"href":"https:\/\/toprisesafety.com\/de\/wp-json\/wp\/v2\/product"}],"about":[{"href":"https:\/\/toprisesafety.com\/de\/wp-json\/wp\/v2\/types\/product"}],"wp:featuredmedia":[{"embeddable":true,"href":"https:\/\/toprisesafety.com\/de\/wp-json\/wp\/v2\/media\/12683"}],"wp:attachment":[{"href":"https:\/\/toprisesafety.com\/de\/wp-json\/wp\/v2\/media?parent=12679"}],"wp:term":[{"taxonomy":"product_brand","embeddable":true,"href":"https:\/\/toprisesafety.com\/de\/wp-json\/wp\/v2\/product_brand?post=12679"},{"taxonomy":"product_cat","embeddable":true,"href":"https:\/\/toprisesafety.com\/de\/wp-json\/wp\/v2\/product_cat?post=12679"},{"taxonomy":"product_tag","embeddable":true,"href":"https:\/\/toprisesafety.com\/de\/wp-json\/wp\/v2\/product_tag?post=12679"}],"curies":[{"name":"wp","href":"https:\/\/api.w.org\/{rel}","templated":true}]}}