{"id":12670,"date":"2025-05-21T06:02:42","date_gmt":"2025-05-21T06:02:42","guid":{"rendered":"https:\/\/toprisesafety.com\/?post_type=product&#038;p=12670"},"modified":"2025-05-21T08:02:17","modified_gmt":"2025-05-21T08:02:17","slug":"fiberglass-flower-pot","status":"publish","type":"product","link":"https:\/\/toprisesafety.com\/de\/product\/fiberglass-flower-pot\/","title":{"rendered":"Blumentopf aus Fiberglas"},"content":{"rendered":"<h1>Blumentopf aus Fiberglas<\/h1>\n<p>Vorteile des Blumentopfs aus Fiberglas:<\/p>\n<ul>\n<li>Starke Haltbarkeit: Das Material ist solide, sto\u00dffest und nicht leicht zu brechen.<\/li>\n<li>Wasserdicht und korrosionsbest\u00e4ndig: Geeignet f\u00fcr Innen- und Au\u00dfenbereiche, resistent gegen Wasser und Feuchtigkeit.<\/li>\n<li>Leicht und einfach zu tragen: Leicht im Gewicht, ist es bequem zu bewegen und neu zu ordnen.<\/li>\n<li>Modernes Aussehen: Einzigartiges Design und Farbe, anpassungsf\u00e4hig an verschiedene moderne Dekorationsstile.<\/li>\n<li>Leicht zu reinigen: glatte Oberfl\u00e4che, bequem zu reinigen und nicht anf\u00e4llig f\u00fcr Staubablagerungen.<\/li>\n<li>Anpassung in kleinen St\u00fcckzahlen: Unterst\u00fctzt individuelle Anpassungen mit einer geringen Mindestbestellmenge, um unterschiedlichen Anforderungen gerecht zu werden.<\/li>\n<\/ul>\n<table>\n<tbody>\n<tr>\n<td width=\"284\">ART NO.<\/td>\n<td width=\"284\">FP03<\/td>\n<\/tr>\n<tr>\n<td width=\"284\">MATERIAL<\/td>\n<td width=\"284\">Fiberglas<\/td>\n<\/tr>\n<tr>\n<td width=\"284\">GR\u00d6SSE<\/td>\n<td width=\"284\">siehe unten Gr\u00f6\u00dfe pic \uff0ccustomized<\/td>\n<\/tr>\n<tr>\n<td width=\"284\">MOQ<\/td>\n<td width=\"284\">3 PC<\/td>\n<\/tr>\n<tr>\n<td colspan=\"2\" width=\"568\">Wir unterst\u00fctzen kundenspezifische Designs, Gr\u00f6\u00dfen und Farben. Wenn Sie Ihr Design haben, k\u00f6nnen wir es entsprechend machen.<\/td>\n<\/tr>\n<\/tbody>\n<\/table>\n<p><img fetchpriority=\"high\" decoding=\"async\" class=\"alignnone wp-image-12678\" src=\"https:\/\/toprisesafety.com\/wp-content\/uploads\/2025\/05\/SIZES-OF-POT-228x300.png\" alt=\"\" width=\"593\" height=\"781\" srcset=\"https:\/\/toprisesafety.com\/wp-content\/uploads\/2025\/05\/SIZES-OF-POT-228x300.png 228w, https:\/\/toprisesafety.com\/wp-content\/uploads\/2025\/05\/SIZES-OF-POT-778x1024.png 778w, https:\/\/toprisesafety.com\/wp-content\/uploads\/2025\/05\/SIZES-OF-POT-768x1011.png 768w, https:\/\/toprisesafety.com\/wp-content\/uploads\/2025\/05\/SIZES-OF-POT-1167x1536.png 1167w, https:\/\/toprisesafety.com\/wp-content\/uploads\/2025\/05\/SIZES-OF-POT-1556x2048.png 1556w, https:\/\/toprisesafety.com\/wp-content\/uploads\/2025\/05\/SIZES-OF-POT-600x790.png 600w\" sizes=\"(max-width: 593px) 100vw, 593px\" \/><\/p>\n<div style=\"width: 720px;\" class=\"wp-video\"><video class=\"wp-video-shortcode\" id=\"video-12670-1\" width=\"720\" height=\"960\" preload=\"metadata\" controls=\"controls\"><source type=\"video\/mp4\" src=\"https:\/\/toprisesafety.com\/wp-content\/uploads\/2025\/05\/\u73bb\u7483\u94a2\u82b1\u76c6\u5236\u4f5c.mp4?_=1\" \/><a href=\"https:\/\/toprisesafety.com\/wp-content\/uploads\/2025\/05\/\u73bb\u7483\u94a2\u82b1\u76c6\u5236\u4f5c.mp4\">https:\/\/toprisesafety.com\/wp-content\/uploads\/2025\/05\/\u73bb\u7483\u94a2\u82b1\u76c6\u5236\u4f5c.mp4<\/a><\/video><\/div>\n<p>TOPRISE unterst\u00fctzt verschiedene Arten der individuellen Gestaltung von Pflanzgef\u00e4\u00dfen aus Fiberglas; klicken Sie auf <a href=\"https:\/\/toprisesafety.com\/de\/product-category\/frp-products\/fiberglass-planter\/\">weitere Modelle von Fiberglas-Pflanzgef\u00e4\u00dfen ansehen.<\/a><\/p>\n<p>Wenn Sie Ihre gew\u00fcnschten Fiberglas-Pflanzgef\u00e4\u00dfe nicht finden, <a href=\"https:\/\/toprisesafety.com\/de\/contact-us\/\">kontaktieren Sie uns;<\/a> Wir unterst\u00fctzen spezielle Anpassungen mit niedrigem MOQ.<\/p>","protected":false},"excerpt":{"rendered":"<p>ART NO. FP03<\/p>\n<p>MATERIAL: Fiberglas<\/p>\n<p>Gr\u00f6\u00dfe: siehe unten Gr\u00f6\u00dfe pic. oder angepasst<\/p>\n<p>Farbe: Wei\u00df, schwarz oder individuell<\/p>\n<p>MOQ: 3 PC<\/p>","protected":false},"featured_media":12674,"template":"","meta":{"_acf_changed":false},"product_brand":[],"product_cat":[398,399],"product_tag":[],"class_list":{"0":"post-12670","1":"product","2":"type-product","3":"status-publish","4":"has-post-thumbnail","6":"product_cat-frp-products","7":"product_cat-fiberglass-planter","9":"first","10":"instock","11":"shipping-taxable","12":"product-type-simple"},"acf":[],"_links":{"self":[{"href":"https:\/\/toprisesafety.com\/de\/wp-json\/wp\/v2\/product\/12670","targetHints":{"allow":["GET"]}}],"collection":[{"href":"https:\/\/toprisesafety.com\/de\/wp-json\/wp\/v2\/product"}],"about":[{"href":"https:\/\/toprisesafety.com\/de\/wp-json\/wp\/v2\/types\/product"}],"wp:featuredmedia":[{"embeddable":true,"href":"https:\/\/toprisesafety.com\/de\/wp-json\/wp\/v2\/media\/12674"}],"wp:attachment":[{"href":"https:\/\/toprisesafety.com\/de\/wp-json\/wp\/v2\/media?parent=12670"}],"wp:term":[{"taxonomy":"product_brand","embeddable":true,"href":"https:\/\/toprisesafety.com\/de\/wp-json\/wp\/v2\/product_brand?post=12670"},{"taxonomy":"product_cat","embeddable":true,"href":"https:\/\/toprisesafety.com\/de\/wp-json\/wp\/v2\/product_cat?post=12670"},{"taxonomy":"product_tag","embeddable":true,"href":"https:\/\/toprisesafety.com\/de\/wp-json\/wp\/v2\/product_tag?post=12670"}],"curies":[{"name":"wp","href":"https:\/\/api.w.org\/{rel}","templated":true}]}}