{"id":12665,"date":"2025-05-21T05:52:50","date_gmt":"2025-05-21T05:52:50","guid":{"rendered":"https:\/\/toprisesafety.com\/?post_type=product&#038;p=12665"},"modified":"2025-05-21T08:02:29","modified_gmt":"2025-05-21T08:02:29","slug":"fiberglass-plant-pots","status":"publish","type":"product","link":"https:\/\/toprisesafety.com\/de\/product\/fiberglass-plant-pots\/","title":{"rendered":"Fiberglas-Pflanzt\u00f6pfe"},"content":{"rendered":"<h1>Fiberglas-Pflanzt\u00f6pfe<\/h1>\n<ul>\n<li>Leicht und einfach zu transportieren: FRP Blument\u00f6pfe sind leicht, so dass sie bequem zu bewegen und anzupassen.<\/li>\n<li>Starke Korrosionsbest\u00e4ndigkeit: Diese T\u00f6pfe sind wasser- und feuchtigkeitsbest\u00e4ndig und daher f\u00fcr den Au\u00dfenbereich geeignet.<\/li>\n<li>Hohe Festigkeit: Nicht leicht zu brechen, hohe Schlagfestigkeit und lange Lebensdauer.<\/li>\n<li>Vielf\u00e4ltige Formen: Er kann je nach Bedarf in verschiedenen Formen und Farben gestaltet werden, um sich an unterschiedliche Umgebungen anzupassen.<\/li>\n<li>Leicht zu reinigen: Glatte Oberfl\u00e4che, einfach zu reinigen und zu pflegen.<\/li>\n<li>Umweltfreundlich: Aus umweltfreundlichen Materialien hergestellt, ist es unsch\u00e4dlich f\u00fcr die Umwelt.<\/li>\n<li>Starke Anpassungsf\u00e4higkeit: Eine individuelle Anpassung an die Bed\u00fcrfnisse des Kunden ist m\u00f6glich, und die Mindestbestellmenge ist relativ gering.<\/li>\n<\/ul>\n<table>\n<tbody>\n<tr>\n<td width=\"284\">ART NO.<\/td>\n<td width=\"284\">FP02<\/td>\n<\/tr>\n<tr>\n<td width=\"284\">MATERIAL<\/td>\n<td width=\"284\">Fiberglas<\/td>\n<\/tr>\n<tr>\n<td width=\"284\">GR\u00d6SSE<\/td>\n<td width=\"284\">50\u00d750\u00d748 cm , 50\u00d750\u00d768 cm, 50\u00d750\u00d7100 cm, oder individuell<\/td>\n<\/tr>\n<tr>\n<td width=\"284\">MOQ<\/td>\n<td width=\"284\">3 PC<\/td>\n<\/tr>\n<tr>\n<td colspan=\"2\" width=\"568\">Wir unterst\u00fctzen kundenspezifische Designs, Gr\u00f6\u00dfen und Farben. Wenn Sie Ihr Design haben, k\u00f6nnen wir es entsprechend machen.<\/td>\n<\/tr>\n<\/tbody>\n<\/table>\n<p>TOPRISE unterst\u00fctzt verschiedene Arten der individuellen Gestaltung von Pflanzgef\u00e4\u00dfen aus Fiberglas; klicken Sie auf <a href=\"https:\/\/toprisesafety.com\/de\/product-category\/frp-products\/fiberglass-planter\/\">weitere Modelle von Fiberglas-Pflanzgef\u00e4\u00dfen ansehen.<\/a><\/p>\n<p>Wenn Sie Ihre gew\u00fcnschten Fiberglas-Pflanzgef\u00e4\u00dfe nicht finden, <a href=\"https:\/\/toprisesafety.com\/de\/contact-us\/\">kontaktieren Sie uns;<\/a> Wir unterst\u00fctzen spezielle Anpassungen mit niedrigem MOQ.<\/p>","protected":false},"excerpt":{"rendered":"<p>ART NO. FP02<\/p>\n<p>MATERIAL: Fiberglas<\/p>\n<p>Gr\u00f6\u00dfe: 50\u00d750\u00d748 cm, 50\u00d750\u00d768 cm, 50\u00d750\u00d7100 cm oder individuell<\/p>\n<p>Farbe: Wei\u00df, schwarz oder individuell<\/p>\n<p>MOQ: 3 PC<\/p>","protected":false},"featured_media":12666,"template":"","meta":{"_acf_changed":false},"product_brand":[],"product_cat":[398,399],"product_tag":[],"class_list":{"0":"post-12665","1":"product","2":"type-product","3":"status-publish","4":"has-post-thumbnail","6":"product_cat-frp-products","7":"product_cat-fiberglass-planter","9":"first","10":"instock","11":"shipping-taxable","12":"product-type-simple"},"acf":[],"_links":{"self":[{"href":"https:\/\/toprisesafety.com\/de\/wp-json\/wp\/v2\/product\/12665"}],"collection":[{"href":"https:\/\/toprisesafety.com\/de\/wp-json\/wp\/v2\/product"}],"about":[{"href":"https:\/\/toprisesafety.com\/de\/wp-json\/wp\/v2\/types\/product"}],"wp:featuredmedia":[{"embeddable":true,"href":"https:\/\/toprisesafety.com\/de\/wp-json\/wp\/v2\/media\/12666"}],"wp:attachment":[{"href":"https:\/\/toprisesafety.com\/de\/wp-json\/wp\/v2\/media?parent=12665"}],"wp:term":[{"taxonomy":"product_brand","embeddable":true,"href":"https:\/\/toprisesafety.com\/de\/wp-json\/wp\/v2\/product_brand?post=12665"},{"taxonomy":"product_cat","embeddable":true,"href":"https:\/\/toprisesafety.com\/de\/wp-json\/wp\/v2\/product_cat?post=12665"},{"taxonomy":"product_tag","embeddable":true,"href":"https:\/\/toprisesafety.com\/de\/wp-json\/wp\/v2\/product_tag?post=12665"}],"curies":[{"name":"wp","href":"https:\/\/api.w.org\/{rel}","templated":true}]}}