{"id":12660,"date":"2025-05-21T05:39:21","date_gmt":"2025-05-21T05:39:21","guid":{"rendered":"https:\/\/toprisesafety.com\/?post_type=product&#038;p=12660"},"modified":"2025-05-21T08:02:41","modified_gmt":"2025-05-21T08:02:41","slug":"fiberglass-planter-box","status":"publish","type":"product","link":"https:\/\/toprisesafety.com\/de\/product\/fiberglass-planter-box\/","title":{"rendered":"Fiberglas Pflanzgef\u00e4\u00df"},"content":{"rendered":"<h1>Fiberglas Pflanzgef\u00e4\u00df<\/h1>\n<p>Vorteile von Pflanzk\u00e4sten aus Fiberglas:<\/p>\n<ul>\n<li>Korrosionsbest\u00e4ndig und wasserdicht: Das Material verf\u00fcgt \u00fcber ausgezeichnete wasserdichte und korrosionsbest\u00e4ndige Eigenschaften, die es f\u00fcr den Au\u00dfeneinsatz geeignet machen.<\/li>\n<li>Sto\u00dffestigkeit: Das glasfaserverst\u00e4rkte Kunststoffmaterial ist stark und kann erheblichen St\u00f6\u00dfen standhalten.<\/li>\n<li>Leicht zu reinigen: Die glatte Oberfl\u00e4che ist nicht anf\u00e4llig f\u00fcr Staubansammlungen und l\u00e4sst sich leicht reinigen.<\/li>\n<li>Hohe Witterungsbest\u00e4ndigkeit: Unempfindlich gegen\u00fcber Witterungseinfl\u00fcssen, wodurch das \u00e4sthetische Erscheinungsbild lange erhalten bleibt.<\/li>\n<li>Flexibler Entwurf: Verschiedene Formen, Farben und Gr\u00f6\u00dfen k\u00f6nnen je nach Bedarf angepasst werden.<\/li>\n<\/ul>\n<table>\n<tbody>\n<tr>\n<td width=\"284\">ART NO.<\/td>\n<td width=\"284\">FP01<\/td>\n<\/tr>\n<tr>\n<td width=\"284\">MATERIAL<\/td>\n<td width=\"284\">Fiberglas<\/td>\n<\/tr>\n<tr>\n<td width=\"284\">GR\u00d6SSE<\/td>\n<td width=\"284\">1200 \u00d7300\u00d7500 mm oder kundenspezifisch<\/td>\n<\/tr>\n<tr>\n<td width=\"284\">MOQ<\/td>\n<td width=\"284\">1 PC<\/td>\n<\/tr>\n<tr>\n<td colspan=\"2\" width=\"568\">Wir unterst\u00fctzen kundenspezifische Designs, Gr\u00f6\u00dfen und Farben. Wenn Sie Ihr Design haben, k\u00f6nnen wir es entsprechend machen.<\/td>\n<\/tr>\n<\/tbody>\n<\/table>\n<p><img fetchpriority=\"high\" decoding=\"async\" class=\"alignnone wp-image-12664\" src=\"https:\/\/toprisesafety.com\/wp-content\/uploads\/2025\/05\/Fiberglass-planter-box-2-300x300.jpg\" alt=\"\" width=\"578\" height=\"578\" srcset=\"https:\/\/toprisesafety.com\/wp-content\/uploads\/2025\/05\/Fiberglass-planter-box-2-300x300.jpg 300w, https:\/\/toprisesafety.com\/wp-content\/uploads\/2025\/05\/Fiberglass-planter-box-2-150x150.jpg 150w, https:\/\/toprisesafety.com\/wp-content\/uploads\/2025\/05\/Fiberglass-planter-box-2-768x768.jpg 768w, https:\/\/toprisesafety.com\/wp-content\/uploads\/2025\/05\/Fiberglass-planter-box-2-600x600.jpg 600w, https:\/\/toprisesafety.com\/wp-content\/uploads\/2025\/05\/Fiberglass-planter-box-2-100x100.jpg 100w, https:\/\/toprisesafety.com\/wp-content\/uploads\/2025\/05\/Fiberglass-planter-box-2.jpg 800w\" sizes=\"(max-width: 578px) 100vw, 578px\" \/><\/p>\n<p>TOPRISE unterst\u00fctzt verschiedene Arten der individuellen Gestaltung von Pflanzgef\u00e4\u00dfen aus Fiberglas; klicken Sie auf <a href=\"https:\/\/toprisesafety.com\/de\/product-category\/frp-products\/fiberglass-planter\/\">weitere Modelle von Fiberglas-Pflanzgef\u00e4\u00dfen ansehen.<\/a><\/p>\n<p>Wenn Sie Ihre gew\u00fcnschten Fiberglas-Pflanzgef\u00e4\u00dfe nicht finden, <a href=\"https:\/\/toprisesafety.com\/de\/contact-us\/\">kontaktieren Sie uns;<\/a> Wir unterst\u00fctzen spezielle Anpassungen mit niedrigem MOQ.<\/p>","protected":false},"excerpt":{"rendered":"<p>ART NO. FP01<\/p>\n<p>MATERIAL: Fiberglas<\/p>\n<p>Gr\u00f6\u00dfe: 1200 \u00d7300\u00d7500 mm oder kundenspezifisch<\/p>\n<p>Farbe: Wei\u00df, schwarz oder individuell<\/p>\n<p>MOQ: 3 PC<\/p>","protected":false},"featured_media":12663,"template":"","meta":{"_acf_changed":false},"product_brand":[],"product_cat":[398,399],"product_tag":[],"class_list":{"0":"post-12660","1":"product","2":"type-product","3":"status-publish","4":"has-post-thumbnail","6":"product_cat-frp-products","7":"product_cat-fiberglass-planter","9":"first","10":"instock","11":"shipping-taxable","12":"product-type-simple"},"acf":[],"_links":{"self":[{"href":"https:\/\/toprisesafety.com\/de\/wp-json\/wp\/v2\/product\/12660"}],"collection":[{"href":"https:\/\/toprisesafety.com\/de\/wp-json\/wp\/v2\/product"}],"about":[{"href":"https:\/\/toprisesafety.com\/de\/wp-json\/wp\/v2\/types\/product"}],"wp:featuredmedia":[{"embeddable":true,"href":"https:\/\/toprisesafety.com\/de\/wp-json\/wp\/v2\/media\/12663"}],"wp:attachment":[{"href":"https:\/\/toprisesafety.com\/de\/wp-json\/wp\/v2\/media?parent=12660"}],"wp:term":[{"taxonomy":"product_brand","embeddable":true,"href":"https:\/\/toprisesafety.com\/de\/wp-json\/wp\/v2\/product_brand?post=12660"},{"taxonomy":"product_cat","embeddable":true,"href":"https:\/\/toprisesafety.com\/de\/wp-json\/wp\/v2\/product_cat?post=12660"},{"taxonomy":"product_tag","embeddable":true,"href":"https:\/\/toprisesafety.com\/de\/wp-json\/wp\/v2\/product_tag?post=12660"}],"curies":[{"name":"wp","href":"https:\/\/api.w.org\/{rel}","templated":true}]}}