{"id":12642,"date":"2025-05-20T06:15:16","date_gmt":"2025-05-20T06:15:16","guid":{"rendered":"https:\/\/toprisesafety.com\/?post_type=product&#038;p=12642"},"modified":"2025-05-21T07:02:28","modified_gmt":"2025-05-21T07:02:28","slug":"stone-lounge-chair-table","status":"publish","type":"product","link":"https:\/\/toprisesafety.com\/de\/product\/stone-lounge-chair-table\/","title":{"rendered":"Stone Lounge Chair Tisch"},"content":{"rendered":"<h1>Stone Lounge Chair Tisch<\/h1>\n<ul>\n<li>Kreatives Design: Das steinf\u00f6rmige Design ist einzigartig und f\u00fcgt nat\u00fcrliche Elemente hinzu, wodurch es sich f\u00fcr Au\u00dfenbereiche eignet.<\/li>\n<li>Anpassungsm\u00f6glichkeiten: Unterst\u00fctzung der pers\u00f6nlichen Anpassung von Farbe und Gr\u00f6\u00dfe an unterschiedliche Bed\u00fcrfnisse.<\/li>\n<li>Lange Haltbarkeit: FRP-Material ist korrosionsbest\u00e4ndig und hat eine hohe Witterungsbest\u00e4ndigkeit, so dass es sich f\u00fcr den langfristigen Einsatz eignet.<\/li>\n<li>Komfortable Erfahrung: Ergonomisch, bietet ein angenehmes Sitzgef\u00fchl.<\/li>\n<li>Umweltfreundliche Materialien: Hergestellt aus umweltfreundlichem, glasfaserverst\u00e4rktem Kunststoff, um die Auswirkungen auf die Umwelt zu reduzieren.<\/li>\n<\/ul>\n<table>\n<tbody>\n<tr>\n<td width=\"284\">ART NO.<\/td>\n<td width=\"284\">FB22<\/td>\n<\/tr>\n<tr>\n<td width=\"284\">MATERIAL<\/td>\n<td width=\"284\">Fiberglas<\/td>\n<\/tr>\n<tr>\n<td width=\"284\">GR\u00d6SSE<\/td>\n<td width=\"284\">Kundenspezifisch<\/td>\n<\/tr>\n<tr>\n<td width=\"284\">MOQ<\/td>\n<td width=\"284\">1 PC<\/td>\n<\/tr>\n<tr>\n<td colspan=\"2\" width=\"568\">Wir unterst\u00fctzen kundenspezifische Designs, Gr\u00f6\u00dfen und Farben. Wenn Sie Ihr Design haben, k\u00f6nnen wir es entsprechend machen.<\/td>\n<\/tr>\n<\/tbody>\n<\/table>\n<div style=\"width: 720px;\" class=\"wp-video\"><!--[if lt IE 9]><script>document.createElement('video');<\/script><![endif]-->\n<video class=\"wp-video-shortcode\" id=\"video-12642-1\" width=\"720\" height=\"720\" preload=\"metadata\" controls=\"controls\"><source type=\"video\/mp4\" src=\"https:\/\/toprisesafety.com\/wp-content\/uploads\/2025\/05\/Stone-Lounge-Chair-1.mp4?_=1\" \/><a href=\"https:\/\/toprisesafety.com\/wp-content\/uploads\/2025\/05\/Stone-Lounge-Chair-1.mp4\">https:\/\/toprisesafety.com\/wp-content\/uploads\/2025\/05\/Stone-Lounge-Chair-1.mp4<\/a><\/video><\/div>\n<p>TOPRISE unterst\u00fctzt verschiedene Arten der Anpassung von B\u00e4nken und St\u00fchlen aus Fiberglas; klicken Sie hier, um <a href=\"https:\/\/toprisesafety.com\/de\/product-category\/outdoor-goods\/fiberglass-bench\/\">weitere Modelle von B\u00e4nken und St\u00fchlen aus Fiberglas ansehen.<\/a><\/p>\n<p>Wenn Sie Ihre gew\u00fcnschten B\u00e4nke und St\u00fchle aus Fiberglas nicht finden, <a href=\"https:\/\/toprisesafety.com\/de\/contact-us\/\">kontaktieren Sie uns; <\/a>Wir unterst\u00fctzen spezielle Anpassungen mit niedrigem MOQ.<\/p>","protected":false},"excerpt":{"rendered":"<p>&nbsp;<\/p>\n<p>ART NR. FB22<\/p>\n<p>MATERIAL: Fiberglas<\/p>\n<p>Gr\u00f6\u00dfe: Kundenspezifisch<\/p>\n<p>Farbe: Kundenspezifisch<\/p>\n<p>MOQ: 1 PC<\/p>","protected":false},"featured_media":12643,"template":"","meta":{"_acf_changed":false},"product_brand":[],"product_cat":[397,398],"product_tag":[],"class_list":{"0":"post-12642","1":"product","2":"type-product","3":"status-publish","4":"has-post-thumbnail","6":"product_cat-fiberglass-bench","7":"product_cat-frp-products","9":"first","10":"instock","11":"shipping-taxable","12":"product-type-simple"},"acf":[],"_links":{"self":[{"href":"https:\/\/toprisesafety.com\/de\/wp-json\/wp\/v2\/product\/12642"}],"collection":[{"href":"https:\/\/toprisesafety.com\/de\/wp-json\/wp\/v2\/product"}],"about":[{"href":"https:\/\/toprisesafety.com\/de\/wp-json\/wp\/v2\/types\/product"}],"wp:featuredmedia":[{"embeddable":true,"href":"https:\/\/toprisesafety.com\/de\/wp-json\/wp\/v2\/media\/12643"}],"wp:attachment":[{"href":"https:\/\/toprisesafety.com\/de\/wp-json\/wp\/v2\/media?parent=12642"}],"wp:term":[{"taxonomy":"product_brand","embeddable":true,"href":"https:\/\/toprisesafety.com\/de\/wp-json\/wp\/v2\/product_brand?post=12642"},{"taxonomy":"product_cat","embeddable":true,"href":"https:\/\/toprisesafety.com\/de\/wp-json\/wp\/v2\/product_cat?post=12642"},{"taxonomy":"product_tag","embeddable":true,"href":"https:\/\/toprisesafety.com\/de\/wp-json\/wp\/v2\/product_tag?post=12642"}],"curies":[{"name":"wp","href":"https:\/\/api.w.org\/{rel}","templated":true}]}}