{"id":12625,"date":"2025-05-20T05:38:43","date_gmt":"2025-05-20T05:38:43","guid":{"rendered":"https:\/\/toprisesafety.com\/?post_type=product&#038;p=12625"},"modified":"2025-05-21T07:03:55","modified_gmt":"2025-05-21T07:03:55","slug":"special-shaped-bonos-bench","status":"publish","type":"product","link":"https:\/\/toprisesafety.com\/de\/product\/special-shaped-bonos-bench\/","title":{"rendered":"Sonderform Bonos Bank"},"content":{"rendered":"<h1>Sonderform Bonos Bank<\/h1>\n<ul>\n<li>Kreatives Design: Einzigartige Knochenform, voller Spa\u00df und Modernit\u00e4t, ein echter Hingucker.<\/li>\n<li>Anpassungsservice: Unterst\u00fctzt die individuelle Anpassung von Stil, Farbe und Gr\u00f6\u00dfe an unterschiedliche Bed\u00fcrfnisse.<\/li>\n<li>Starke Haltbarkeit: Das glasfaserverst\u00e4rkte Kunststoffmaterial ist robust und korrosionsbest\u00e4ndig und f\u00fcr den Einsatz in verschiedenen Umgebungen geeignet.<\/li>\n<li>Leicht und einfach zu bewegen: Im Vergleich zu herk\u00f6mmlichen Materialien sind FRP-B\u00e4nke leicht und einfach zu bewegen.<\/li>\n<li>Komfortable Erfahrung: Das Design entspricht der Ergonomie und bietet ein bequemes Sitzerlebnis.<\/li>\n<\/ul>\n<table>\n<tbody>\n<tr>\n<td width=\"284\">ART NO.<\/td>\n<td width=\"284\">FB19<\/td>\n<\/tr>\n<tr>\n<td width=\"284\">MATERIAL<\/td>\n<td width=\"284\">Fiberglas<\/td>\n<\/tr>\n<tr>\n<td width=\"284\">GR\u00d6SSE<\/td>\n<td width=\"284\">1800\u00d7600\u00d7400 mm oder kundenspezifisch<\/td>\n<\/tr>\n<tr>\n<td width=\"284\">MOQ<\/td>\n<td width=\"284\">1 PC<\/td>\n<\/tr>\n<tr>\n<td colspan=\"2\" width=\"568\">Wir unterst\u00fctzen kundenspezifische Designs, Gr\u00f6\u00dfen und Farben. Wenn Sie Ihr Design haben, k\u00f6nnen wir es entsprechend machen.<\/td>\n<\/tr>\n<\/tbody>\n<\/table>\n<p><img fetchpriority=\"high\" decoding=\"async\" class=\"alignnone wp-image-12627\" src=\"https:\/\/toprisesafety.com\/wp-content\/uploads\/2025\/05\/special-shaped-bench-300x300.jpg\" alt=\"\" width=\"586\" height=\"586\" srcset=\"https:\/\/toprisesafety.com\/wp-content\/uploads\/2025\/05\/special-shaped-bench-300x300.jpg 300w, https:\/\/toprisesafety.com\/wp-content\/uploads\/2025\/05\/special-shaped-bench-1024x1024.jpg 1024w, https:\/\/toprisesafety.com\/wp-content\/uploads\/2025\/05\/special-shaped-bench-150x150.jpg 150w, https:\/\/toprisesafety.com\/wp-content\/uploads\/2025\/05\/special-shaped-bench-768x768.jpg 768w, https:\/\/toprisesafety.com\/wp-content\/uploads\/2025\/05\/special-shaped-bench-1536x1536.jpg 1536w, https:\/\/toprisesafety.com\/wp-content\/uploads\/2025\/05\/special-shaped-bench-2048x2048.jpg 2048w, https:\/\/toprisesafety.com\/wp-content\/uploads\/2025\/05\/special-shaped-bench-600x600.jpg 600w, https:\/\/toprisesafety.com\/wp-content\/uploads\/2025\/05\/special-shaped-bench-100x100.jpg 100w\" sizes=\"(max-width: 586px) 100vw, 586px\" \/><\/p>\n<div style=\"width: 720px;\" class=\"wp-video\"><!--[if lt IE 9]><script>document.createElement('video');<\/script><![endif]-->\n<video class=\"wp-video-shortcode\" id=\"video-12625-1\" width=\"720\" height=\"960\" preload=\"metadata\" controls=\"controls\"><source type=\"video\/mp4\" src=\"https:\/\/toprisesafety.com\/wp-content\/uploads\/2025\/05\/Special-Shaped-Bonos-Bench.mp4?_=1\" \/><a href=\"https:\/\/toprisesafety.com\/wp-content\/uploads\/2025\/05\/Special-Shaped-Bonos-Bench.mp4\">https:\/\/toprisesafety.com\/wp-content\/uploads\/2025\/05\/Special-Shaped-Bonos-Bench.mp4<\/a><\/video><\/div>\n<p>TOPRISE unterst\u00fctzt verschiedene Arten der Anpassung von B\u00e4nken und St\u00fchlen aus Fiberglas; klicken Sie hier, um <a href=\"https:\/\/toprisesafety.com\/de\/product-category\/outdoor-goods\/fiberglass-bench\/\">weitere Modelle von B\u00e4nken und St\u00fchlen aus Fiberglas ansehen.<\/a><\/p>\n<p>Wenn Sie Ihre gew\u00fcnschten B\u00e4nke und St\u00fchle aus Fiberglas nicht finden, <a href=\"https:\/\/toprisesafety.com\/de\/contact-us\/\">kontaktieren Sie uns; <\/a>Wir unterst\u00fctzen spezielle Anpassungen mit niedrigem MOQ.<\/p>","protected":false},"excerpt":{"rendered":"<p>ART NO. FB19<\/p>\n<p>MATERIAL: Fiberglas<\/p>\n<p>Gr\u00f6\u00dfe: 1800\u00d7600\u00d7400 mm oder kundenspezifisch<\/p>\n<p>Farbe: Kundenspezifisch<\/p>\n<p>MOQ: 1 PC<\/p>","protected":false},"featured_media":12626,"template":"","meta":{"_acf_changed":false},"product_brand":[],"product_cat":[397,398],"product_tag":[],"class_list":{"0":"post-12625","1":"product","2":"type-product","3":"status-publish","4":"has-post-thumbnail","6":"product_cat-fiberglass-bench","7":"product_cat-frp-products","9":"first","10":"instock","11":"shipping-taxable","12":"product-type-simple"},"acf":[],"_links":{"self":[{"href":"https:\/\/toprisesafety.com\/de\/wp-json\/wp\/v2\/product\/12625"}],"collection":[{"href":"https:\/\/toprisesafety.com\/de\/wp-json\/wp\/v2\/product"}],"about":[{"href":"https:\/\/toprisesafety.com\/de\/wp-json\/wp\/v2\/types\/product"}],"wp:featuredmedia":[{"embeddable":true,"href":"https:\/\/toprisesafety.com\/de\/wp-json\/wp\/v2\/media\/12626"}],"wp:attachment":[{"href":"https:\/\/toprisesafety.com\/de\/wp-json\/wp\/v2\/media?parent=12625"}],"wp:term":[{"taxonomy":"product_brand","embeddable":true,"href":"https:\/\/toprisesafety.com\/de\/wp-json\/wp\/v2\/product_brand?post=12625"},{"taxonomy":"product_cat","embeddable":true,"href":"https:\/\/toprisesafety.com\/de\/wp-json\/wp\/v2\/product_cat?post=12625"},{"taxonomy":"product_tag","embeddable":true,"href":"https:\/\/toprisesafety.com\/de\/wp-json\/wp\/v2\/product_tag?post=12625"}],"curies":[{"name":"wp","href":"https:\/\/api.w.org\/{rel}","templated":true}]}}