{"id":12623,"date":"2025-05-20T05:10:37","date_gmt":"2025-05-20T05:10:37","guid":{"rendered":"https:\/\/toprisesafety.com\/?post_type=product&#038;p=12623"},"modified":"2025-05-21T07:04:04","modified_gmt":"2025-05-21T07:04:04","slug":"fiberglass-modern-rocker-chair","status":"publish","type":"product","link":"https:\/\/toprisesafety.com\/de\/product\/fiberglass-modern-rocker-chair\/","title":{"rendered":"Moderner Schaukelstuhl aus Fiberglas"},"content":{"rendered":"<h1>Moderner Schaukelstuhl aus Fiberglas<\/h1>\n<ul>\n<li>Modernes Design: Einzigartige stromlinienf\u00f6rmige Form f\u00fcgt ein Gef\u00fchl der modernen Kunst, geeignet f\u00fcr verschiedene Einrichtungsstile.<\/li>\n<li>Hoher Komfort: Die Schaukelfunktion bietet eine entspannende und bequeme Erfahrung, und sie ist ergonomisch gestaltet.<\/li>\n<li>Langlebigkeit: Das glasfaserverst\u00e4rkte Kunststoffmaterial ist stark und haltbar, korrosionsbest\u00e4ndig und f\u00fcr den langfristigen Gebrauch geeignet.<\/li>\n<li>Leicht und einfach zu transportieren: Im Vergleich zu herk\u00f6mmlichen Materialien ist glasfaserverst\u00e4rkter Kunststoff leicht und einfach zu transportieren.<\/li>\n<li>Anpassungsm\u00f6glichkeiten: Stile, Gr\u00f6\u00dfen und Farben k\u00f6nnen je nach Bedarf angepasst werden, um pers\u00f6nliche Bed\u00fcrfnisse zu erf\u00fcllen.<\/li>\n<\/ul>\n<table>\n<tbody>\n<tr>\n<td width=\"284\">ART NO.<\/td>\n<td width=\"284\">FB18<\/td>\n<\/tr>\n<tr>\n<td width=\"284\">MATERIAL<\/td>\n<td width=\"284\">Fiberglas<\/td>\n<\/tr>\n<tr>\n<td width=\"284\">GR\u00d6SSE<\/td>\n<td width=\"284\">Kundenspezifisch<\/td>\n<\/tr>\n<tr>\n<td width=\"284\">MOQ<\/td>\n<td width=\"284\">1 PC<\/td>\n<\/tr>\n<tr>\n<td colspan=\"2\" width=\"568\">Wir unterst\u00fctzen kundenspezifische Designs, Gr\u00f6\u00dfen und Farben. Wenn Sie Ihr Design haben, k\u00f6nnen wir es entsprechend machen.<\/td>\n<\/tr>\n<\/tbody>\n<\/table>\n<p>TOPRISE unterst\u00fctzt verschiedene Arten der Anpassung von B\u00e4nken und St\u00fchlen aus Fiberglas; klicken Sie hier, um <a href=\"https:\/\/toprisesafety.com\/de\/product-category\/outdoor-goods\/fiberglass-bench\/\">weitere Modelle von B\u00e4nken und St\u00fchlen aus Fiberglas ansehen.<\/a><\/p>\n<p>Wenn Sie Ihre gew\u00fcnschten B\u00e4nke und St\u00fchle aus Fiberglas nicht finden, <a href=\"https:\/\/toprisesafety.com\/de\/contact-us\/\">kontaktieren Sie uns; <\/a>Wir unterst\u00fctzen spezielle Anpassungen mit niedrigem MOQ.<\/p>","protected":false},"excerpt":{"rendered":"<p>ART NO. FB18<\/p>\n<p>MATERIAL: Fiberglas<\/p>\n<p>Gr\u00f6\u00dfe: Kundenspezifisch<\/p>\n<p>Farbe: Kundenspezifisch<\/p>\n<p>MOQ: 1 PC<\/p>","protected":false},"featured_media":12624,"template":"","meta":{"_acf_changed":false},"product_brand":[],"product_cat":[397,398],"product_tag":[],"class_list":{"0":"post-12623","1":"product","2":"type-product","3":"status-publish","4":"has-post-thumbnail","6":"product_cat-fiberglass-bench","7":"product_cat-frp-products","9":"first","10":"instock","11":"shipping-taxable","12":"product-type-simple"},"acf":[],"_links":{"self":[{"href":"https:\/\/toprisesafety.com\/de\/wp-json\/wp\/v2\/product\/12623","targetHints":{"allow":["GET"]}}],"collection":[{"href":"https:\/\/toprisesafety.com\/de\/wp-json\/wp\/v2\/product"}],"about":[{"href":"https:\/\/toprisesafety.com\/de\/wp-json\/wp\/v2\/types\/product"}],"wp:featuredmedia":[{"embeddable":true,"href":"https:\/\/toprisesafety.com\/de\/wp-json\/wp\/v2\/media\/12624"}],"wp:attachment":[{"href":"https:\/\/toprisesafety.com\/de\/wp-json\/wp\/v2\/media?parent=12623"}],"wp:term":[{"taxonomy":"product_brand","embeddable":true,"href":"https:\/\/toprisesafety.com\/de\/wp-json\/wp\/v2\/product_brand?post=12623"},{"taxonomy":"product_cat","embeddable":true,"href":"https:\/\/toprisesafety.com\/de\/wp-json\/wp\/v2\/product_cat?post=12623"},{"taxonomy":"product_tag","embeddable":true,"href":"https:\/\/toprisesafety.com\/de\/wp-json\/wp\/v2\/product_tag?post=12623"}],"curies":[{"name":"wp","href":"https:\/\/api.w.org\/{rel}","templated":true}]}}