{"id":12606,"date":"2025-05-20T04:09:03","date_gmt":"2025-05-20T04:09:03","guid":{"rendered":"https:\/\/toprisesafety.com\/?post_type=product&#038;p=12606"},"modified":"2025-05-21T07:04:56","modified_gmt":"2025-05-21T07:04:56","slug":"twist-fiberglass-long-benches","status":"publish","type":"product","link":"https:\/\/toprisesafety.com\/de\/product\/twist-fiberglass-long-benches\/","title":{"rendered":"Twist Fiberglas Langb\u00e4nke"},"content":{"rendered":"<h1>Twist Fiberglas Langb\u00e4nke<\/h1>\n<ul>\n<li>Modernes, einzigartiges Design: modische, geschwungene Form, geeignet f\u00fcr moderne R\u00e4ume.<\/li>\n<li>Kundenspezifische Dienstleistungen: Unterst\u00fctzung bei der Anpassung von Stilen, Gr\u00f6\u00dfen und Farben entsprechend den Kundenanforderungen.<\/li>\n<li>Starke Haltbarkeit: FRP-Material hat eine ausgezeichnete Korrosionsbest\u00e4ndigkeit und ist f\u00fcr eine Vielzahl von Umgebungen geeignet.<\/li>\n<li>Leicht und einfach zu bewegen: Im Vergleich zu herk\u00f6mmlichen Materialien ist die Bank leicht und einfach zu bewegen.<\/li>\n<li>Komfort: Das Design entspricht der Ergonomie und bietet eine komfortable Benutzererfahrung.<\/li>\n<\/ul>\n<table>\n<tbody>\n<tr>\n<td width=\"284\">ART NO.<\/td>\n<td width=\"284\">FB14<\/td>\n<\/tr>\n<tr>\n<td width=\"284\">MATERIAL<\/td>\n<td width=\"284\">Fiberglas<\/td>\n<\/tr>\n<tr>\n<td width=\"284\">GR\u00d6SSE<\/td>\n<td width=\"284\">Kundenspezifisch<\/td>\n<\/tr>\n<tr>\n<td width=\"284\">MOQ<\/td>\n<td width=\"284\">1 PC<\/td>\n<\/tr>\n<tr>\n<td colspan=\"2\" width=\"568\">Wir unterst\u00fctzen kundenspezifische Designs, Gr\u00f6\u00dfen und Farben. Wenn Sie Ihr Design haben, k\u00f6nnen wir es entsprechend machen.<\/td>\n<\/tr>\n<\/tbody>\n<\/table>\n<div style=\"width: 800px;\" class=\"wp-video\"><video class=\"wp-video-shortcode\" id=\"video-12606-1\" width=\"800\" height=\"450\" preload=\"metadata\" controls=\"controls\"><source type=\"video\/mp4\" src=\"https:\/\/toprisesafety.com\/wp-content\/uploads\/2025\/05\/Twist-Fiberglass-Long-Benches.mp4?_=1\" \/><a href=\"https:\/\/toprisesafety.com\/wp-content\/uploads\/2025\/05\/Twist-Fiberglass-Long-Benches.mp4\">https:\/\/toprisesafety.com\/wp-content\/uploads\/2025\/05\/Twist-Fiberglass-Long-Benches.mp4<\/a><\/video><\/div>\n<p>TOPRISE unterst\u00fctzt verschiedene Arten der Anpassung von B\u00e4nken und St\u00fchlen aus Fiberglas; klicken Sie hier, um <a href=\"https:\/\/toprisesafety.com\/de\/product-category\/outdoor-goods\/fiberglass-bench\/\">weitere Modelle von B\u00e4nken und St\u00fchlen aus Fiberglas ansehen.<\/a><\/p>\n<p>Wenn Sie Ihre gew\u00fcnschten B\u00e4nke und St\u00fchle aus Fiberglas nicht finden, <a href=\"https:\/\/toprisesafety.com\/de\/contact-us\/\">kontaktieren Sie uns; <\/a>Wir unterst\u00fctzen spezielle Anpassungen mit niedrigem MOQ.<\/p>","protected":false},"excerpt":{"rendered":"<p>ART NO. FB14<\/p>\n<p>MATERIAL: Fiberglas<\/p>\n<p>Gr\u00f6\u00dfe: Kundenspezifisch<\/p>\n<p>Farbe: Kundenspezifisch<\/p>\n<p>MOQ: 1 PC<\/p>","protected":false},"featured_media":12610,"template":"","meta":{"_acf_changed":false},"product_brand":[],"product_cat":[397,398],"product_tag":[],"class_list":{"0":"post-12606","1":"product","2":"type-product","3":"status-publish","4":"has-post-thumbnail","6":"product_cat-fiberglass-bench","7":"product_cat-frp-products","9":"first","10":"instock","11":"shipping-taxable","12":"product-type-simple"},"acf":[],"_links":{"self":[{"href":"https:\/\/toprisesafety.com\/de\/wp-json\/wp\/v2\/product\/12606","targetHints":{"allow":["GET"]}}],"collection":[{"href":"https:\/\/toprisesafety.com\/de\/wp-json\/wp\/v2\/product"}],"about":[{"href":"https:\/\/toprisesafety.com\/de\/wp-json\/wp\/v2\/types\/product"}],"wp:featuredmedia":[{"embeddable":true,"href":"https:\/\/toprisesafety.com\/de\/wp-json\/wp\/v2\/media\/12610"}],"wp:attachment":[{"href":"https:\/\/toprisesafety.com\/de\/wp-json\/wp\/v2\/media?parent=12606"}],"wp:term":[{"taxonomy":"product_brand","embeddable":true,"href":"https:\/\/toprisesafety.com\/de\/wp-json\/wp\/v2\/product_brand?post=12606"},{"taxonomy":"product_cat","embeddable":true,"href":"https:\/\/toprisesafety.com\/de\/wp-json\/wp\/v2\/product_cat?post=12606"},{"taxonomy":"product_tag","embeddable":true,"href":"https:\/\/toprisesafety.com\/de\/wp-json\/wp\/v2\/product_tag?post=12606"}],"curies":[{"name":"wp","href":"https:\/\/api.w.org\/{rel}","templated":true}]}}