{"id":12600,"date":"2025-05-20T03:09:28","date_gmt":"2025-05-20T03:09:28","guid":{"rendered":"https:\/\/toprisesafety.com\/?post_type=product&#038;p=12600"},"modified":"2025-05-21T07:05:16","modified_gmt":"2025-05-21T07:05:16","slug":"fiberglass-leisure-chair","status":"publish","type":"product","link":"https:\/\/toprisesafety.com\/de\/product\/fiberglass-leisure-chair\/","title":{"rendered":"Freizeitstuhl aus Fiberglas"},"content":{"rendered":"<h1>Freizeitstuhl aus Fiberglas<\/h1>\n<ul>\n<li>Modernes Design: Einzigartige Form und modisches Aussehen, geeignet f\u00fcr moderne Innen- und Au\u00dfendekoration.<\/li>\n<li>Anpassungsm\u00f6glichkeiten: Stile, Gr\u00f6\u00dfen und Farben k\u00f6nnen je nach Kundenwunsch angepasst werden, um den Anforderungen verschiedener Umgebungen gerecht zu werden.<\/li>\n<li>Hohe Haltbarkeit: FRP-Materialien haben eine ausgezeichnete Korrosions- und Witterungsbest\u00e4ndigkeit und eignen sich daher f\u00fcr eine Vielzahl von Umgebungen.<\/li>\n<li>Hoher Komfort: Das ergonomische Design des Sitzes sorgt f\u00fcr ein angenehmes Benutzererlebnis.<\/li>\n<li>Leicht und praktisch: Leicht und stabil, l\u00e4sst sich leicht bewegen und installieren.<\/li>\n<\/ul>\n<table>\n<tbody>\n<tr>\n<td width=\"284\">ART NO.<\/td>\n<td width=\"284\">FB12<\/td>\n<\/tr>\n<tr>\n<td width=\"284\">MATERIAL<\/td>\n<td width=\"284\">Fiberglas<\/td>\n<\/tr>\n<tr>\n<td width=\"284\">GR\u00d6SSE<\/td>\n<td width=\"284\">Kundenspezifisch<\/td>\n<\/tr>\n<tr>\n<td width=\"284\">MOQ<\/td>\n<td width=\"284\">1 PC<\/td>\n<\/tr>\n<tr>\n<td colspan=\"2\" width=\"568\">Wir unterst\u00fctzen kundenspezifische Designs, Gr\u00f6\u00dfen und Farben. Wenn Sie Ihr Design haben, k\u00f6nnen wir es entsprechend machen.<\/td>\n<\/tr>\n<\/tbody>\n<\/table>\n<p>TOPRISE unterst\u00fctzt verschiedene Arten der Anpassung von B\u00e4nken und St\u00fchlen aus Fiberglas; klicken Sie hier, um <a href=\"https:\/\/toprisesafety.com\/de\/product-category\/outdoor-goods\/fiberglass-bench\/\">weitere Modelle von B\u00e4nken und St\u00fchlen aus Fiberglas ansehen.<\/a><\/p>\n<p>Wenn Sie Ihre gew\u00fcnschten B\u00e4nke und St\u00fchle aus Fiberglas nicht finden, <a href=\"https:\/\/toprisesafety.com\/de\/contact-us\/\">kontaktieren Sie uns; <\/a>Wir unterst\u00fctzen spezielle Anpassungen mit niedrigem MOQ.<\/p>","protected":false},"excerpt":{"rendered":"<p>ART NO. FB12<\/p>\n<p>MATERIAL: Fiberglas<\/p>\n<p>Gr\u00f6\u00dfe: Kundenspezifisch<\/p>\n<p>Farbe: Kundenspezifisch<\/p>\n<p>MOQ: 1 PC<\/p>","protected":false},"featured_media":12601,"template":"","meta":{"_acf_changed":false},"product_brand":[],"product_cat":[397,398],"product_tag":[],"class_list":{"0":"post-12600","1":"product","2":"type-product","3":"status-publish","4":"has-post-thumbnail","6":"product_cat-fiberglass-bench","7":"product_cat-frp-products","9":"first","10":"instock","11":"shipping-taxable","12":"product-type-simple"},"acf":[],"_links":{"self":[{"href":"https:\/\/toprisesafety.com\/de\/wp-json\/wp\/v2\/product\/12600"}],"collection":[{"href":"https:\/\/toprisesafety.com\/de\/wp-json\/wp\/v2\/product"}],"about":[{"href":"https:\/\/toprisesafety.com\/de\/wp-json\/wp\/v2\/types\/product"}],"wp:featuredmedia":[{"embeddable":true,"href":"https:\/\/toprisesafety.com\/de\/wp-json\/wp\/v2\/media\/12601"}],"wp:attachment":[{"href":"https:\/\/toprisesafety.com\/de\/wp-json\/wp\/v2\/media?parent=12600"}],"wp:term":[{"taxonomy":"product_brand","embeddable":true,"href":"https:\/\/toprisesafety.com\/de\/wp-json\/wp\/v2\/product_brand?post=12600"},{"taxonomy":"product_cat","embeddable":true,"href":"https:\/\/toprisesafety.com\/de\/wp-json\/wp\/v2\/product_cat?post=12600"},{"taxonomy":"product_tag","embeddable":true,"href":"https:\/\/toprisesafety.com\/de\/wp-json\/wp\/v2\/product_tag?post=12600"}],"curies":[{"name":"wp","href":"https:\/\/api.w.org\/{rel}","templated":true}]}}