{"id":12597,"date":"2025-05-20T03:00:25","date_gmt":"2025-05-20T03:00:25","guid":{"rendered":"https:\/\/toprisesafety.com\/?post_type=product&#038;p=12597"},"modified":"2025-05-21T07:07:13","modified_gmt":"2025-05-21T07:07:13","slug":"outdoor-fiberglass-bench-chair","status":"publish","type":"product","link":"https:\/\/toprisesafety.com\/de\/product\/outdoor-fiberglass-bench-chair\/","title":{"rendered":"Outdoor Fiberglas Bank Stuhl"},"content":{"rendered":"<h1>Outdoor Fiberglas Bank Stuhl<\/h1>\n<ul>\n<li>Hohe Haltbarkeit: FRP-Material hat korrosionshemmende Eigenschaften und ist f\u00fcr verschiedene Umgebungen geeignet.<\/li>\n<li>Leicht und langlebig: Im Vergleich zu herk\u00f6mmlichen Materialien ist glasfaserverst\u00e4rkter Kunststoff leichter und einfacher zu bewegen und zu installieren.<\/li>\n<li>Korrosionsgesch\u00fctztes Holzdesign: Die Kombination mit korrosionsbest\u00e4ndigen Holzpaneelen bietet Komfort und verbessert die \u00c4sthetik.<\/li>\n<li>Anpassungsservice: Unterst\u00fctzt die pers\u00f6nliche Anpassung in Stil, Gr\u00f6\u00dfe und Farbe an unterschiedliche Bed\u00fcrfnisse.<\/li>\n<li>Umweltfreundlichkeit: Glasfaserverst\u00e4rkter Kunststoff ist ein umweltfreundliches Material, das dem Konzept der nachhaltigen Entwicklung entspricht und die Ressourcenverschwendung reduziert.<\/li>\n<\/ul>\n<table>\n<tbody>\n<tr>\n<td width=\"284\">ART NO.<\/td>\n<td width=\"284\">FB11<\/td>\n<\/tr>\n<tr>\n<td width=\"284\">MATERIAL<\/td>\n<td width=\"284\">Fiberglas<\/td>\n<\/tr>\n<tr>\n<td width=\"284\">GR\u00d6SSE<\/td>\n<td width=\"284\">Kundenspezifisch<\/td>\n<\/tr>\n<tr>\n<td width=\"284\">MOQ<\/td>\n<td width=\"284\">3 PCS<\/td>\n<\/tr>\n<tr>\n<td colspan=\"2\" width=\"568\">Wir unterst\u00fctzen kundenspezifische Designs, Gr\u00f6\u00dfen und Farben. Wenn Sie Ihr Design haben, k\u00f6nnen wir es entsprechend machen.<\/td>\n<\/tr>\n<\/tbody>\n<\/table>\n<p>TOPRISE unterst\u00fctzt verschiedene Arten der Anpassung von B\u00e4nken und St\u00fchlen aus Fiberglas; klicken Sie hier, um <a href=\"https:\/\/toprisesafety.com\/de\/product-category\/outdoor-goods\/fiberglass-bench\/\">weitere Modelle von B\u00e4nken und St\u00fchlen aus Fiberglas ansehen.<\/a><\/p>\n<p>Wenn Sie Ihre gew\u00fcnschten B\u00e4nke und St\u00fchle aus Fiberglas nicht finden, <a href=\"https:\/\/toprisesafety.com\/de\/contact-us\/\">kontaktieren Sie uns; <\/a>Wir unterst\u00fctzen spezielle Anpassungen mit niedrigem MOQ.<\/p>","protected":false},"excerpt":{"rendered":"<p>ART NO. FB11<\/p>\n<p>MATERIAL: Fiberglas<\/p>\n<p>Gr\u00f6\u00dfe: Kundenspezifisch<\/p>\n<p>Farbe: Kundenspezifisch<\/p>\n<p>MOQ: 3 PCS<\/p>","protected":false},"featured_media":12598,"template":"","meta":{"_acf_changed":false},"product_brand":[],"product_cat":[397,398],"product_tag":[],"class_list":{"0":"post-12597","1":"product","2":"type-product","3":"status-publish","4":"has-post-thumbnail","6":"product_cat-fiberglass-bench","7":"product_cat-frp-products","9":"first","10":"instock","11":"shipping-taxable","12":"product-type-simple"},"acf":[],"_links":{"self":[{"href":"https:\/\/toprisesafety.com\/de\/wp-json\/wp\/v2\/product\/12597"}],"collection":[{"href":"https:\/\/toprisesafety.com\/de\/wp-json\/wp\/v2\/product"}],"about":[{"href":"https:\/\/toprisesafety.com\/de\/wp-json\/wp\/v2\/types\/product"}],"wp:featuredmedia":[{"embeddable":true,"href":"https:\/\/toprisesafety.com\/de\/wp-json\/wp\/v2\/media\/12598"}],"wp:attachment":[{"href":"https:\/\/toprisesafety.com\/de\/wp-json\/wp\/v2\/media?parent=12597"}],"wp:term":[{"taxonomy":"product_brand","embeddable":true,"href":"https:\/\/toprisesafety.com\/de\/wp-json\/wp\/v2\/product_brand?post=12597"},{"taxonomy":"product_cat","embeddable":true,"href":"https:\/\/toprisesafety.com\/de\/wp-json\/wp\/v2\/product_cat?post=12597"},{"taxonomy":"product_tag","embeddable":true,"href":"https:\/\/toprisesafety.com\/de\/wp-json\/wp\/v2\/product_tag?post=12597"}],"curies":[{"name":"wp","href":"https:\/\/api.w.org\/{rel}","templated":true}]}}