{"id":12587,"date":"2025-05-19T08:35:41","date_gmt":"2025-05-19T08:35:41","guid":{"rendered":"https:\/\/toprisesafety.com\/?post_type=product&#038;p=12587"},"modified":"2025-05-21T07:07:23","modified_gmt":"2025-05-21T07:07:23","slug":"mall-modern-fiberglass-bench","status":"publish","type":"product","link":"https:\/\/toprisesafety.com\/de\/product\/mall-modern-fiberglass-bench\/","title":{"rendered":"Mall Modern Fiberglas Bank"},"content":{"rendered":"<h1>Mall Modern Fiberglas Bank<\/h1>\n<ul>\n<li>Einzigartiges, unregelm\u00e4\u00dfig geformtes Design: Kreative Form, die mit der Tradition bricht und einen einzigartigen visuellen Eindruck vermittelt.<\/li>\n<li>Anpassungsm\u00f6glichkeiten: Unterst\u00fctzt die Anpassung von Gr\u00f6\u00dfe und Farbe, um den Anforderungen verschiedener Szenarien gerecht zu werden.<\/li>\n<li>Hochfestes Material: Hergestellt aus glasfaserverst\u00e4rktem Kunststoff, ist es robust und langlebig mit starker Druckfestigkeit.<\/li>\n<li>Komfortable Erfahrung: Das stromlinienf\u00f6rmige Design bietet ein bequemes Sitzerlebnis und ist f\u00fcr den langfristigen Gebrauch geeignet.<\/li>\n<li>Umweltfreundliches Material: Glasfaserverst\u00e4rkter Kunststoff ist recycelbar und steht im Einklang mit dem Konzept der nachhaltigen Entwicklung und des Umweltschutzes.<\/li>\n<li>Leicht zu reinigen: glatte Oberfl\u00e4che, einfache Pflege und langfristige Sch\u00f6nheit.<\/li>\n<li>Vielf\u00e4ltige Anwendungsszenarien: geeignet f\u00fcr Parks, Gesch\u00e4ftsr\u00e4ume, Freizeitbereiche im Freien usw., wodurch der Gesamteindruck des Raums verbessert wird.<\/li>\n<\/ul>\n<table>\n<tbody>\n<tr>\n<td width=\"284\">ART NO.<\/td>\n<td width=\"284\">FB10<\/td>\n<\/tr>\n<tr>\n<td width=\"284\">MATERIAL<\/td>\n<td width=\"284\">Fiberglas<\/td>\n<\/tr>\n<tr>\n<td width=\"284\">GR\u00d6SSE<\/td>\n<td width=\"284\">Kundenspezifisch<\/td>\n<\/tr>\n<tr>\n<td width=\"284\">MOQ<\/td>\n<td width=\"284\">1 PC<\/td>\n<\/tr>\n<tr>\n<td colspan=\"2\" width=\"568\">Wir unterst\u00fctzen kundenspezifische Designs, Gr\u00f6\u00dfen und Farben. Wenn Sie Ihr Design haben, k\u00f6nnen wir es entsprechend machen.<\/td>\n<\/tr>\n<\/tbody>\n<\/table>\n<p>TOPRISE unterst\u00fctzt verschiedene Arten der Anpassung von B\u00e4nken und St\u00fchlen aus Fiberglas; klicken Sie hier, um <a href=\"https:\/\/toprisesafety.com\/de\/product-category\/outdoor-goods\/fiberglass-bench\/\">weitere Modelle von B\u00e4nken und St\u00fchlen aus Fiberglas ansehen.<\/a><\/p>\n<p>Wenn Sie Ihre gew\u00fcnschten B\u00e4nke und St\u00fchle aus Fiberglas nicht finden, <a href=\"https:\/\/toprisesafety.com\/de\/contact-us\/\">kontaktieren Sie uns; <\/a>Wir unterst\u00fctzen spezielle Anpassungen mit niedrigem MOQ.<\/p>","protected":false},"excerpt":{"rendered":"<p>ART NO. FB10<\/p>\n<p>MATERIAL: Fiberglas<\/p>\n<p>Gr\u00f6\u00dfe: Kundenspezifisch<\/p>\n<p>Farbe: Kundenspezifisch<\/p>\n<p>MOQ: 1 PC<\/p>","protected":false},"featured_media":12595,"template":"","meta":{"_acf_changed":false},"product_brand":[],"product_cat":[397,398],"product_tag":[],"class_list":{"0":"post-12587","1":"product","2":"type-product","3":"status-publish","4":"has-post-thumbnail","6":"product_cat-fiberglass-bench","7":"product_cat-frp-products","9":"first","10":"instock","11":"shipping-taxable","12":"product-type-simple"},"acf":[],"_links":{"self":[{"href":"https:\/\/toprisesafety.com\/de\/wp-json\/wp\/v2\/product\/12587","targetHints":{"allow":["GET"]}}],"collection":[{"href":"https:\/\/toprisesafety.com\/de\/wp-json\/wp\/v2\/product"}],"about":[{"href":"https:\/\/toprisesafety.com\/de\/wp-json\/wp\/v2\/types\/product"}],"wp:featuredmedia":[{"embeddable":true,"href":"https:\/\/toprisesafety.com\/de\/wp-json\/wp\/v2\/media\/12595"}],"wp:attachment":[{"href":"https:\/\/toprisesafety.com\/de\/wp-json\/wp\/v2\/media?parent=12587"}],"wp:term":[{"taxonomy":"product_brand","embeddable":true,"href":"https:\/\/toprisesafety.com\/de\/wp-json\/wp\/v2\/product_brand?post=12587"},{"taxonomy":"product_cat","embeddable":true,"href":"https:\/\/toprisesafety.com\/de\/wp-json\/wp\/v2\/product_cat?post=12587"},{"taxonomy":"product_tag","embeddable":true,"href":"https:\/\/toprisesafety.com\/de\/wp-json\/wp\/v2\/product_tag?post=12587"}],"curies":[{"name":"wp","href":"https:\/\/api.w.org\/{rel}","templated":true}]}}