{"id":12572,"date":"2025-05-19T08:10:02","date_gmt":"2025-05-19T08:10:02","guid":{"rendered":"https:\/\/toprisesafety.com\/?post_type=product&#038;p=12572"},"modified":"2025-05-21T07:07:44","modified_gmt":"2025-05-21T07:07:44","slug":"fiberglass-lounge-chairs","status":"publish","type":"product","link":"https:\/\/toprisesafety.com\/de\/product\/fiberglass-lounge-chairs\/","title":{"rendered":"Fiberglas Lounge St\u00fchle"},"content":{"rendered":"<h1>Fiberglas Lounge St\u00fchle<\/h1>\n<ul>\n<li>Modernes Design: Einzigartiges stromlinienf\u00f6rmiges Design, einfach und elegant, geeignet f\u00fcr moderne B\u00fcro- und Gesch\u00e4ftsr\u00e4ume.<\/li>\n<li>Anpassungsm\u00f6glichkeiten: Unterst\u00fctzung von Stil-, Farb- und Gr\u00f6\u00dfenanpassung zur Erf\u00fcllung individueller Anforderungen.<\/li>\n<li>Langlebiges Material: Hergestellt aus glasfaserverst\u00e4rktem Kunststoff, ist es von hoher Festigkeit, verschlei\u00dffest und druckbest\u00e4ndig, geeignet f\u00fcr den langfristigen Einsatz.<\/li>\n<li>Komfortable Erfahrung: Das Design ist ergonomisch, bietet ein bequemes Sitzgef\u00fchl und eignet sich f\u00fcr verschiedene Szenarien.<\/li>\n<li>Umweltfreundlichkeit: Das Material ist recycelbar, erf\u00fcllt die Anforderungen des Umweltschutzes und unterst\u00fctzt eine nachhaltige Entwicklung.<\/li>\n<li>Leicht zu reinigen: Glatte Oberfl\u00e4che, bequem zu reinigen und zu pflegen, um die Sch\u00f6nheit langfristig zu erhalten.<\/li>\n<li>Breiter Anwendungsbereich: Geeignet f\u00fcr den Einsatz in \u00f6ffentlichen Bereichen wie Einkaufszentren, Hotels und B\u00fcrogeb\u00e4uden.<\/li>\n<\/ul>\n<table>\n<tbody>\n<tr>\n<td width=\"284\">ART NO.<\/td>\n<td width=\"284\">FB08<\/td>\n<\/tr>\n<tr>\n<td width=\"284\">MATERIAL<\/td>\n<td width=\"284\">Fiberglas<\/td>\n<\/tr>\n<tr>\n<td width=\"284\">GR\u00d6SSE<\/td>\n<td width=\"284\">Kundenspezifisch<\/td>\n<\/tr>\n<tr>\n<td width=\"284\">MOQ<\/td>\n<td width=\"284\">1 PC<\/td>\n<\/tr>\n<tr>\n<td colspan=\"2\" width=\"568\">Wir unterst\u00fctzen kundenspezifische Designs, Gr\u00f6\u00dfen und Farben. Wenn Sie Ihr Design haben, k\u00f6nnen wir es entsprechend machen.<\/td>\n<\/tr>\n<\/tbody>\n<\/table>\n<p>TOPRISE unterst\u00fctzt verschiedene Arten der Anpassung von B\u00e4nken und St\u00fchlen aus Fiberglas; klicken Sie hier, um <a href=\"https:\/\/toprisesafety.com\/de\/product-category\/outdoor-goods\/fiberglass-bench\/\">weitere Modelle von B\u00e4nken und St\u00fchlen aus Fiberglas ansehen.<\/a><\/p>\n<p>Wenn Sie Ihre gew\u00fcnschten B\u00e4nke und St\u00fchle aus Fiberglas nicht finden, <a href=\"https:\/\/toprisesafety.com\/de\/contact-us\/\">kontaktieren Sie uns; <\/a>Wir unterst\u00fctzen spezielle Anpassungen mit niedrigem MOQ.<\/p>","protected":false},"excerpt":{"rendered":"<p>ART NO. FB08<\/p>\n<p>MATERIAL: Fiberglas<\/p>\n<p>Gr\u00f6\u00dfe: Kundenspezifisch<\/p>\n<p>Farbe: Kundenspezifisch<\/p>\n<p>MOQ: 1 PC<\/p>","protected":false},"featured_media":12575,"template":"","meta":{"_acf_changed":false},"product_brand":[],"product_cat":[397,398],"product_tag":[],"class_list":{"0":"post-12572","1":"product","2":"type-product","3":"status-publish","4":"has-post-thumbnail","6":"product_cat-fiberglass-bench","7":"product_cat-frp-products","9":"first","10":"instock","11":"shipping-taxable","12":"product-type-simple"},"acf":[],"_links":{"self":[{"href":"https:\/\/toprisesafety.com\/de\/wp-json\/wp\/v2\/product\/12572"}],"collection":[{"href":"https:\/\/toprisesafety.com\/de\/wp-json\/wp\/v2\/product"}],"about":[{"href":"https:\/\/toprisesafety.com\/de\/wp-json\/wp\/v2\/types\/product"}],"wp:featuredmedia":[{"embeddable":true,"href":"https:\/\/toprisesafety.com\/de\/wp-json\/wp\/v2\/media\/12575"}],"wp:attachment":[{"href":"https:\/\/toprisesafety.com\/de\/wp-json\/wp\/v2\/media?parent=12572"}],"wp:term":[{"taxonomy":"product_brand","embeddable":true,"href":"https:\/\/toprisesafety.com\/de\/wp-json\/wp\/v2\/product_brand?post=12572"},{"taxonomy":"product_cat","embeddable":true,"href":"https:\/\/toprisesafety.com\/de\/wp-json\/wp\/v2\/product_cat?post=12572"},{"taxonomy":"product_tag","embeddable":true,"href":"https:\/\/toprisesafety.com\/de\/wp-json\/wp\/v2\/product_tag?post=12572"}],"curies":[{"name":"wp","href":"https:\/\/api.w.org\/{rel}","templated":true}]}}