{"id":12563,"date":"2025-05-19T07:32:12","date_gmt":"2025-05-19T07:32:12","guid":{"rendered":"https:\/\/toprisesafety.com\/?post_type=product&#038;p=12563"},"modified":"2025-05-21T07:08:26","modified_gmt":"2025-05-21T07:08:26","slug":"fiberglass-armchair","status":"publish","type":"product","link":"https:\/\/toprisesafety.com\/de\/product\/fiberglass-armchair\/","title":{"rendered":"Fiberglas-Sessel"},"content":{"rendered":"<h1>Fiberglas-Sessel<\/h1>\n<ul>\n<li>Modernes Design: Einzigartige stromlinienf\u00f6rmige Erscheinung, einfach und modisch, geeignet f\u00fcr alle Arten von modernen R\u00e4umen.<\/li>\n<li>Anpassungsm\u00f6glichkeiten: Unterst\u00fctzt die Anpassung von Gr\u00f6\u00dfe und Farbe, so dass Sie einen pers\u00f6nlichen Stil nach Ihren Bed\u00fcrfnissen erstellen k\u00f6nnen.<\/li>\n<li>Hochwertiges Material: Aus glasfaserverst\u00e4rktem Kunststoff gefertigt, zeichnet er sich durch hohe Festigkeit und Witterungsbest\u00e4ndigkeit aus und ist somit f\u00fcr den Au\u00dfeneinsatz geeignet.<\/li>\n<li>Komfort: Ergonomisch gestaltet, um ein bequemes Sitzen zu erm\u00f6glichen.<\/li>\n<li>Umweltfreundlichkeit: FRP-Material ist recycelbar, umweltfreundlich und langlebig und entspricht damit dem Konzept der nachhaltigen Entwicklung.<\/li>\n<li>Leicht zu reinigen: Die glatte Oberfl\u00e4che ist einfach zu reinigen und zu pflegen und neigt auch nach l\u00e4ngerem Gebrauch nicht zur Alterung.<\/li>\n<li>Anwendbarkeit f\u00fcr mehrere Szenarien: Geeignet f\u00fcr Au\u00dfenbereiche wie Innenh\u00f6fe, Schwimmb\u00e4der und Terrassen, die den \u00e4sthetischen Gesamteindruck des Veranstaltungsortes verbessern.<\/li>\n<\/ul>\n<table>\n<tbody>\n<tr>\n<td width=\"284\">ART NO.<\/td>\n<td width=\"284\">FB06<\/td>\n<\/tr>\n<tr>\n<td width=\"284\">MATERIAL<\/td>\n<td width=\"284\">Fiberglas<\/td>\n<\/tr>\n<tr>\n<td width=\"284\">GR\u00d6SSE<\/td>\n<td width=\"284\">Kundenspezifisch<\/td>\n<\/tr>\n<tr>\n<td width=\"284\">MOQ<\/td>\n<td width=\"284\">1 SET<\/td>\n<\/tr>\n<tr>\n<td colspan=\"2\" width=\"568\">Wir unterst\u00fctzen kundenspezifische Designs, Gr\u00f6\u00dfen und Farben. Wenn Sie Ihr Design haben, k\u00f6nnen wir es entsprechend machen.<\/td>\n<\/tr>\n<\/tbody>\n<\/table>\n<p>TOPRISE unterst\u00fctzt verschiedene Arten der Anpassung von B\u00e4nken und St\u00fchlen aus Fiberglas; klicken Sie hier, um <a href=\"https:\/\/toprisesafety.com\/de\/product-category\/outdoor-goods\/fiberglass-bench\/\">weitere Modelle von B\u00e4nken und St\u00fchlen aus Fiberglas ansehen.<\/a><\/p>\n<p>Wenn Sie Ihre gew\u00fcnschten B\u00e4nke und St\u00fchle aus Fiberglas nicht finden, <a href=\"https:\/\/toprisesafety.com\/de\/contact-us\/\">kontaktieren Sie uns; <\/a>Wir unterst\u00fctzen spezielle Anpassungen mit niedrigem MOQ.<\/p>","protected":false},"excerpt":{"rendered":"<p>ART NO. FB06<\/p>\n<p>MATERIAL: Fiberglas<\/p>\n<p>Gr\u00f6\u00dfe: Kundenspezifisch<\/p>\n<p>Farbe: Kundenspezifisch<\/p>\n<p>MOQ: 1 PC<\/p>","protected":false},"featured_media":12567,"template":"","meta":{"_acf_changed":false},"product_brand":[],"product_cat":[397,398],"product_tag":[],"class_list":{"0":"post-12563","1":"product","2":"type-product","3":"status-publish","4":"has-post-thumbnail","6":"product_cat-fiberglass-bench","7":"product_cat-frp-products","9":"first","10":"instock","11":"shipping-taxable","12":"product-type-simple"},"acf":[],"_links":{"self":[{"href":"https:\/\/toprisesafety.com\/de\/wp-json\/wp\/v2\/product\/12563","targetHints":{"allow":["GET"]}}],"collection":[{"href":"https:\/\/toprisesafety.com\/de\/wp-json\/wp\/v2\/product"}],"about":[{"href":"https:\/\/toprisesafety.com\/de\/wp-json\/wp\/v2\/types\/product"}],"wp:featuredmedia":[{"embeddable":true,"href":"https:\/\/toprisesafety.com\/de\/wp-json\/wp\/v2\/media\/12567"}],"wp:attachment":[{"href":"https:\/\/toprisesafety.com\/de\/wp-json\/wp\/v2\/media?parent=12563"}],"wp:term":[{"taxonomy":"product_brand","embeddable":true,"href":"https:\/\/toprisesafety.com\/de\/wp-json\/wp\/v2\/product_brand?post=12563"},{"taxonomy":"product_cat","embeddable":true,"href":"https:\/\/toprisesafety.com\/de\/wp-json\/wp\/v2\/product_cat?post=12563"},{"taxonomy":"product_tag","embeddable":true,"href":"https:\/\/toprisesafety.com\/de\/wp-json\/wp\/v2\/product_tag?post=12563"}],"curies":[{"name":"wp","href":"https:\/\/api.w.org\/{rel}","templated":true}]}}