{"id":12553,"date":"2025-05-19T07:20:45","date_gmt":"2025-05-19T07:20:45","guid":{"rendered":"https:\/\/toprisesafety.com\/?post_type=product&#038;p=12553"},"modified":"2025-05-21T07:08:40","modified_gmt":"2025-05-21T07:08:40","slug":"fiberglass-stone-chairs","status":"publish","type":"product","link":"https:\/\/toprisesafety.com\/de\/product\/fiberglass-stone-chairs\/","title":{"rendered":"St\u00fchle aus Fiberglas und Stein"},"content":{"rendered":"<h1>St\u00fchle aus Fiberglas und Stein<\/h1>\n<ul>\n<li>Anpassungsm\u00f6glichkeiten: Unterst\u00fctzt die Anpassung von Gr\u00f6\u00dfe und Farbe, um individuelle Designanforderungen zu erf\u00fcllen und f\u00fcr verschiedene Umgebungen geeignet zu sein.<\/li>\n<li>Einzigartige Form: Nachahmung der Form von Stein, modern und einfach, geeignet f\u00fcr die Dekoration in verschiedenen Orten.<\/li>\n<li>Langlebiges Material: Aus glasfaserverst\u00e4rktem Kunststoff hergestellt, ist es druck- und verschlei\u00dffest und eignet sich sowohl f\u00fcr den Innen- als auch f\u00fcr den Au\u00dfenbereich.<\/li>\n<li>Umweltfreundliches Material: Glasfaserverst\u00e4rkter Kunststoff ist wiederverwertbar und entspricht den Anforderungen der nachhaltigen Entwicklung, mit starker Umweltfreundlichkeit.<\/li>\n<li>Komfort: Glatte Oberfl\u00e4che, bequemes Sitzen, geeignet f\u00fcr langfristigen Gebrauch.<\/li>\n<li>Leicht zu reinigen: Glatte Oberfl\u00e4che, bequem zu reinigen, reduziert die Wartungskosten.<\/li>\n<li>Multi-Szenario-Anwendbarkeit: Geeignet f\u00fcr verschiedene Szenarien, wie z. B. Gesch\u00e4ftsr\u00e4ume, Ausstellungen und Innendekoration, wodurch die Gesamt\u00e4sthetik verbessert wird.<\/li>\n<\/ul>\n<table>\n<tbody>\n<tr>\n<td width=\"284\">ART NO.<\/td>\n<td width=\"284\">FB05<\/td>\n<\/tr>\n<tr>\n<td width=\"284\">MATERIAL<\/td>\n<td width=\"284\">Fiberglas<\/td>\n<\/tr>\n<tr>\n<td width=\"284\">GR\u00d6SSE<\/td>\n<td width=\"284\">Kundenspezifisch<\/td>\n<\/tr>\n<tr>\n<td width=\"284\">MOQ<\/td>\n<td width=\"284\">3 PC<\/td>\n<\/tr>\n<tr>\n<td colspan=\"2\" width=\"568\">Wir unterst\u00fctzen kundenspezifische Designs, Gr\u00f6\u00dfen und Farben. Wenn Sie Ihr Design haben, k\u00f6nnen wir es entsprechend machen.<\/td>\n<\/tr>\n<\/tbody>\n<\/table>\n<div style=\"width: 800px;\" class=\"wp-video\"><video class=\"wp-video-shortcode\" id=\"video-12553-1\" width=\"800\" height=\"800\" preload=\"metadata\" controls=\"controls\"><source type=\"video\/mp4\" src=\"https:\/\/toprisesafety.com\/wp-content\/uploads\/2025\/05\/fiberglass-stone-chairs.mp4?_=1\" \/><a href=\"https:\/\/toprisesafety.com\/wp-content\/uploads\/2025\/05\/fiberglass-stone-chairs.mp4\">https:\/\/toprisesafety.com\/wp-content\/uploads\/2025\/05\/fiberglass-stone-chairs.mp4<\/a><\/video><\/div>\n<p>TOPRISE unterst\u00fctzt verschiedene Arten der Anpassung von B\u00e4nken und St\u00fchlen aus Fiberglas; klicken Sie hier, um <a href=\"https:\/\/toprisesafety.com\/de\/product-category\/outdoor-goods\/fiberglass-bench\/\">weitere Modelle von B\u00e4nken und St\u00fchlen aus Fiberglas ansehen.<\/a><\/p>\n<p>Wenn Sie Ihre gew\u00fcnschten B\u00e4nke und St\u00fchle aus Fiberglas nicht finden, <a href=\"https:\/\/toprisesafety.com\/de\/contact-us\/\">kontaktieren Sie uns; <\/a>Wir unterst\u00fctzen spezielle Anpassungen mit niedrigem MOQ.<\/p>","protected":false},"excerpt":{"rendered":"<p>ART NO. FB05<\/p>\n<p>MATERIAL: Fiberglas<\/p>\n<p>Gr\u00f6\u00dfe: Kundenspezifisch<\/p>\n<p>Farbe: Kundenspezifisch<\/p>\n<p>MOQ: 3 PC<\/p>","protected":false},"featured_media":12554,"template":"","meta":{"_acf_changed":false},"product_brand":[],"product_cat":[397,398],"product_tag":[],"class_list":{"0":"post-12553","1":"product","2":"type-product","3":"status-publish","4":"has-post-thumbnail","6":"product_cat-fiberglass-bench","7":"product_cat-frp-products","9":"first","10":"instock","11":"shipping-taxable","12":"product-type-simple"},"acf":[],"_links":{"self":[{"href":"https:\/\/toprisesafety.com\/de\/wp-json\/wp\/v2\/product\/12553","targetHints":{"allow":["GET"]}}],"collection":[{"href":"https:\/\/toprisesafety.com\/de\/wp-json\/wp\/v2\/product"}],"about":[{"href":"https:\/\/toprisesafety.com\/de\/wp-json\/wp\/v2\/types\/product"}],"wp:featuredmedia":[{"embeddable":true,"href":"https:\/\/toprisesafety.com\/de\/wp-json\/wp\/v2\/media\/12554"}],"wp:attachment":[{"href":"https:\/\/toprisesafety.com\/de\/wp-json\/wp\/v2\/media?parent=12553"}],"wp:term":[{"taxonomy":"product_brand","embeddable":true,"href":"https:\/\/toprisesafety.com\/de\/wp-json\/wp\/v2\/product_brand?post=12553"},{"taxonomy":"product_cat","embeddable":true,"href":"https:\/\/toprisesafety.com\/de\/wp-json\/wp\/v2\/product_cat?post=12553"},{"taxonomy":"product_tag","embeddable":true,"href":"https:\/\/toprisesafety.com\/de\/wp-json\/wp\/v2\/product_tag?post=12553"}],"curies":[{"name":"wp","href":"https:\/\/api.w.org\/{rel}","templated":true}]}}