{"id":12538,"date":"2025-05-19T06:34:20","date_gmt":"2025-05-19T06:34:20","guid":{"rendered":"https:\/\/toprisesafety.com\/?post_type=product&#038;p=12538"},"modified":"2025-05-21T07:09:01","modified_gmt":"2025-05-21T07:09:01","slug":"outdoor-potting-benches","status":"publish","type":"product","link":"https:\/\/toprisesafety.com\/de\/product\/outdoor-potting-benches\/","title":{"rendered":"Topfb\u00e4nke f\u00fcr drau\u00dfen"},"content":{"rendered":"<h1>Topfb\u00e4nke f\u00fcr drau\u00dfen<\/h1>\n<ul>\n<li>Anpassungsm\u00f6glichkeiten: Unterst\u00fctzt eine Mindestbestellmenge und bietet die M\u00f6glichkeit, Gr\u00f6\u00dfe, Farbe und Stil an die pers\u00f6nlichen Bed\u00fcrfnisse anzupassen.<\/li>\n<li>Langlebiges Material: Aus glasfaserverst\u00e4rktem Kunststoff gefertigt, zeichnet er sich durch hohe Festigkeit und Korrosionsbest\u00e4ndigkeit aus und ist somit f\u00fcr verschiedene Au\u00dfenbereiche geeignet.<\/li>\n<li>\u00c4sthetisches Design: Modernes und einfaches Design, mit einem runden Baumsitz kombiniert mit Holzsitzen, schafft einen guten visuellen Effekt.<\/li>\n<li>Umweltfreundlichkeit: FRP-Material ist recycelbar, erf\u00fcllt Umweltschutzstandards und eignet sich f\u00fcr nachhaltige Entwicklungsprojekte.<\/li>\n<li>Bequeme Sitze: Die Holzsitze bieten ein bequemes Sitzerlebnis und sind f\u00fcr eine langfristige Nutzung geeignet.<\/li>\n<li>Bequeme Wartung: Die Oberfl\u00e4che des glasfaserverst\u00e4rkten Kunststoffs ist glatt und leicht zu reinigen und zu pflegen, was die Wartungskosten bei langfristiger Nutzung reduziert.<\/li>\n<li>Anwendbare Orte: Geeignet f\u00fcr \u00f6ffentliche Pl\u00e4tze wie Parks, Pl\u00e4tze und Stra\u00dfen, die den Gesamteffekt der Landschaft verst\u00e4rken.<\/li>\n<\/ul>\n<table>\n<tbody>\n<tr>\n<td width=\"284\">ART NO.<\/td>\n<td width=\"284\">FB04<\/td>\n<\/tr>\n<tr>\n<td width=\"284\">MATERIAL<\/td>\n<td width=\"284\">Fiberglas<\/td>\n<\/tr>\n<tr>\n<td width=\"284\">GR\u00d6SSE<\/td>\n<td width=\"284\">Kundenspezifisch<\/td>\n<\/tr>\n<tr>\n<td width=\"284\">MOQ<\/td>\n<td width=\"284\">1 PC<\/td>\n<\/tr>\n<tr>\n<td colspan=\"2\" width=\"568\">Wir unterst\u00fctzen kundenspezifische Designs, Gr\u00f6\u00dfen und Farben. Wenn Sie Ihr Design haben, k\u00f6nnen wir es entsprechend machen.<\/td>\n<\/tr>\n<\/tbody>\n<\/table>\n<p>TOPRISE unterst\u00fctzt verschiedene Arten der Anpassung von B\u00e4nken und St\u00fchlen aus Fiberglas; klicken Sie hier, um <a href=\"https:\/\/toprisesafety.com\/de\/product-category\/outdoor-goods\/fiberglass-bench\/\">weitere Modelle von B\u00e4nken und St\u00fchlen aus Fiberglas ansehen.<\/a><\/p>\n<p>Wenn Sie Ihre gew\u00fcnschten B\u00e4nke und St\u00fchle aus Fiberglas nicht finden, <a href=\"https:\/\/toprisesafety.com\/de\/contact-us\/\">kontaktieren Sie uns; <\/a>Wir unterst\u00fctzen spezielle Anpassungen mit niedrigem MOQ.<\/p>","protected":false},"excerpt":{"rendered":"<p>ART NO. FB04<\/p>\n<p>MATERIAL: Fiberglas<\/p>\n<p>Gr\u00f6\u00dfe: Kundenspezifisch<\/p>\n<p>Farbe: Kundenspezifisch<\/p>\n<p>MOQ: 1 PC<\/p>","protected":false},"featured_media":12540,"template":"","meta":{"_acf_changed":false},"product_brand":[],"product_cat":[397,398],"product_tag":[],"class_list":{"0":"post-12538","1":"product","2":"type-product","3":"status-publish","4":"has-post-thumbnail","6":"product_cat-fiberglass-bench","7":"product_cat-frp-products","9":"first","10":"instock","11":"shipping-taxable","12":"product-type-simple"},"acf":[],"_links":{"self":[{"href":"https:\/\/toprisesafety.com\/de\/wp-json\/wp\/v2\/product\/12538"}],"collection":[{"href":"https:\/\/toprisesafety.com\/de\/wp-json\/wp\/v2\/product"}],"about":[{"href":"https:\/\/toprisesafety.com\/de\/wp-json\/wp\/v2\/types\/product"}],"wp:featuredmedia":[{"embeddable":true,"href":"https:\/\/toprisesafety.com\/de\/wp-json\/wp\/v2\/media\/12540"}],"wp:attachment":[{"href":"https:\/\/toprisesafety.com\/de\/wp-json\/wp\/v2\/media?parent=12538"}],"wp:term":[{"taxonomy":"product_brand","embeddable":true,"href":"https:\/\/toprisesafety.com\/de\/wp-json\/wp\/v2\/product_brand?post=12538"},{"taxonomy":"product_cat","embeddable":true,"href":"https:\/\/toprisesafety.com\/de\/wp-json\/wp\/v2\/product_cat?post=12538"},{"taxonomy":"product_tag","embeddable":true,"href":"https:\/\/toprisesafety.com\/de\/wp-json\/wp\/v2\/product_tag?post=12538"}],"curies":[{"name":"wp","href":"https:\/\/api.w.org\/{rel}","templated":true}]}}