{"id":12525,"date":"2025-05-19T05:50:23","date_gmt":"2025-05-19T05:50:23","guid":{"rendered":"https:\/\/toprisesafety.com\/?post_type=product&#038;p=12525"},"modified":"2025-05-21T07:10:00","modified_gmt":"2025-05-21T07:10:00","slug":"fiberglass-sun-loungers","status":"publish","type":"product","link":"https:\/\/toprisesafety.com\/de\/product\/fiberglass-sun-loungers\/","title":{"rendered":"Sonnenliegen aus Fiberglas"},"content":{"rendered":"<h1>Sonnenliegen aus Fiberglas<\/h1>\n<p>Vorteile:<\/p>\n<ul>\n<li>Hohe Wetterbest\u00e4ndigkeit: Das Glasfasermaterial verf\u00fcgt \u00fcber eine ausgezeichnete UV- und Temperaturbest\u00e4ndigkeit und ist f\u00fcr die langfristige Einwirkung von Sonnenlicht geeignet.<\/li>\n<li>Individuelles Design: Unterst\u00fctzt die Anpassung von Stilen, Farben und Gr\u00f6\u00dfen an die Bed\u00fcrfnisse des Kunden, um individuelle Anforderungen zu erf\u00fcllen.<\/li>\n<li>Leichtes Gewicht: Glasfasern sind leichter als herk\u00f6mmliche Materialien, so dass sie sich leicht bewegen und neu anordnen lassen.<\/li>\n<li>Hohe Haltbarkeit: Widerstandsf\u00e4hig gegen Korrosion und Abnutzung, mit einer langen Lebensdauer.<\/li>\n<li>Moderne Mode: Das stromlinienf\u00f6rmige Design entspricht der modernen \u00c4sthetik und unterstreicht die Sch\u00f6nheit von Au\u00dfenbereichen.<\/li>\n<\/ul>\n<table>\n<tbody>\n<tr>\n<td width=\"284\">ART NO.<\/td>\n<td width=\"284\">FB02<\/td>\n<\/tr>\n<tr>\n<td width=\"284\">MATERIAL<\/td>\n<td width=\"284\">Fiberglas<\/td>\n<\/tr>\n<tr>\n<td width=\"284\">GR\u00d6SSE<\/td>\n<td width=\"284\">Kundenspezifisch<\/td>\n<\/tr>\n<tr>\n<td width=\"284\">MOQ<\/td>\n<td width=\"284\">3 PC<\/td>\n<\/tr>\n<tr>\n<td colspan=\"2\" width=\"568\">Wir unterst\u00fctzen kundenspezifische Designs, Gr\u00f6\u00dfen und Farben. Wenn Sie Ihr Design haben, k\u00f6nnen wir es entsprechend machen.<\/td>\n<\/tr>\n<\/tbody>\n<\/table>\n<p>&nbsp;<\/p>\n<figure id=\"attachment_12527\" aria-describedby=\"caption-attachment-12527\" style=\"width: 581px\" class=\"wp-caption alignnone\"><img fetchpriority=\"high\" decoding=\"async\" class=\"wp-image-12527\" src=\"https:\/\/toprisesafety.com\/wp-content\/uploads\/2025\/05\/Fiberglass-Sun-Loungers-1-298x300.png\" alt=\"Fiberglass Sun Loungers\" width=\"581\" height=\"585\" srcset=\"https:\/\/toprisesafety.com\/wp-content\/uploads\/2025\/05\/Fiberglass-Sun-Loungers-1-298x300.png 298w, https:\/\/toprisesafety.com\/wp-content\/uploads\/2025\/05\/Fiberglass-Sun-Loungers-1-1019x1024.png 1019w, https:\/\/toprisesafety.com\/wp-content\/uploads\/2025\/05\/Fiberglass-Sun-Loungers-1-150x150.png 150w, https:\/\/toprisesafety.com\/wp-content\/uploads\/2025\/05\/Fiberglass-Sun-Loungers-1-768x772.png 768w, https:\/\/toprisesafety.com\/wp-content\/uploads\/2025\/05\/Fiberglass-Sun-Loungers-1-1528x1536.png 1528w, https:\/\/toprisesafety.com\/wp-content\/uploads\/2025\/05\/Fiberglass-Sun-Loungers-1-2038x2048.png 2038w, https:\/\/toprisesafety.com\/wp-content\/uploads\/2025\/05\/Fiberglass-Sun-Loungers-1-600x603.png 600w, https:\/\/toprisesafety.com\/wp-content\/uploads\/2025\/05\/Fiberglass-Sun-Loungers-1-100x100.png 100w\" sizes=\"(max-width: 581px) 100vw, 581px\" \/><figcaption id=\"caption-attachment-12527\" class=\"wp-caption-text\">Sonnenliegen aus Fiberglas<\/figcaption><\/figure>\n<p>TOPRISE unterst\u00fctzt verschiedene Arten der Anpassung von B\u00e4nken und St\u00fchlen aus Fiberglas; klicken Sie hier, um <a href=\"https:\/\/toprisesafety.com\/de\/product-category\/outdoor-goods\/fiberglass-bench\/\">weitere Modelle von B\u00e4nken und St\u00fchlen aus Fiberglas ansehen.<\/a><\/p>\n<p>Wenn Sie Ihre gew\u00fcnschten B\u00e4nke und St\u00fchle aus Fiberglas nicht finden, <a href=\"https:\/\/toprisesafety.com\/de\/contact-us\/\">kontaktieren Sie uns; <\/a>Wir unterst\u00fctzen spezielle Anpassungen mit niedrigem MOQ.<\/p>","protected":false},"excerpt":{"rendered":"<p>ART NO. FB02<\/p>\n<p>MATERIAL: Fiberglas<\/p>\n<p>Gr\u00f6\u00dfe: Kundenspezifisch<\/p>\n<p>Farbe: Kundenspezifisch<\/p>\n<p>MOQ: 3 PC<\/p>","protected":false},"featured_media":12526,"template":"","meta":{"_acf_changed":false},"product_brand":[],"product_cat":[397,398],"product_tag":[],"class_list":{"0":"post-12525","1":"product","2":"type-product","3":"status-publish","4":"has-post-thumbnail","6":"product_cat-fiberglass-bench","7":"product_cat-frp-products","9":"first","10":"instock","11":"shipping-taxable","12":"product-type-simple"},"acf":[],"_links":{"self":[{"href":"https:\/\/toprisesafety.com\/de\/wp-json\/wp\/v2\/product\/12525"}],"collection":[{"href":"https:\/\/toprisesafety.com\/de\/wp-json\/wp\/v2\/product"}],"about":[{"href":"https:\/\/toprisesafety.com\/de\/wp-json\/wp\/v2\/types\/product"}],"wp:featuredmedia":[{"embeddable":true,"href":"https:\/\/toprisesafety.com\/de\/wp-json\/wp\/v2\/media\/12526"}],"wp:attachment":[{"href":"https:\/\/toprisesafety.com\/de\/wp-json\/wp\/v2\/media?parent=12525"}],"wp:term":[{"taxonomy":"product_brand","embeddable":true,"href":"https:\/\/toprisesafety.com\/de\/wp-json\/wp\/v2\/product_brand?post=12525"},{"taxonomy":"product_cat","embeddable":true,"href":"https:\/\/toprisesafety.com\/de\/wp-json\/wp\/v2\/product_cat?post=12525"},{"taxonomy":"product_tag","embeddable":true,"href":"https:\/\/toprisesafety.com\/de\/wp-json\/wp\/v2\/product_tag?post=12525"}],"curies":[{"name":"wp","href":"https:\/\/api.w.org\/{rel}","templated":true}]}}