{"id":12450,"date":"2025-05-14T05:19:20","date_gmt":"2025-05-14T05:19:20","guid":{"rendered":"https:\/\/toprisesafety.com\/?post_type=product&#038;p=12450"},"modified":"2025-05-19T08:26:30","modified_gmt":"2025-05-19T08:26:30","slug":"mens-v-neck-security-sweater","status":"publish","type":"product","link":"https:\/\/toprisesafety.com\/de\/product\/mens-v-neck-security-sweater\/","title":{"rendered":"Sicherheitspullover mit V-Ausschnitt f\u00fcr M\u00e4nner"},"content":{"rendered":"<h1>Sicherheitspullover mit V-Ausschnitt f\u00fcr M\u00e4nner<\/h1>\n<p><strong><b>M\u00e4nner<\/b><\/strong><strong><b>'<\/b><\/strong><strong><b>s V-Ausschnitt Sicherheitspullover<\/b><\/strong><strong><b>\u00a0Eigenschaften<\/b><\/strong>:<\/p>\n<ul>\n<li>Aus hochwertigem Stoff gefertigt, ist es bequem und langlebig, geeignet f\u00fcr langes Tragen.<\/li>\n<li>Unterst\u00fctzt individuelle Stile, Logos und Verpackungen, um pers\u00f6nliche Bed\u00fcrfnisse zu erf\u00fcllen.<\/li>\n<li>Um sicherzustellen, dass das Design mit der tats\u00e4chlichen Wirkung \u00fcbereinstimmt, k\u00f6nnen Proben hergestellt werden.<\/li>\n<li>Das Design ist einfach und praktisch und eignet sich f\u00fcr das Arbeitsumfeld von Soldaten, Wachleuten oder Polizisten.<\/li>\n<li>Sie hat eine gute K\u00e4lteresistenz und kann sich an raue Wetterbedingungen anpassen.<\/li>\n<\/ul>\n<table>\n<tbody>\n<tr>\n<td width=\"284\">ART NO.<\/td>\n<td width=\"284\">SW05<\/td>\n<\/tr>\n<tr>\n<td width=\"284\">MATERIAL<\/td>\n<td width=\"284\">Wolle-Acrylfaser oder kundenspezifisch<\/td>\n<\/tr>\n<tr>\n<td width=\"284\">GR\u00d6SSE<\/td>\n<td width=\"284\">S-XXXL<\/td>\n<\/tr>\n<tr>\n<td width=\"284\">FARBE<\/td>\n<td width=\"284\">angepasst<\/td>\n<\/tr>\n<tr>\n<td width=\"284\">LOGO<\/td>\n<td width=\"284\">Unterst\u00fctzung eines individuellen Logos<\/td>\n<\/tr>\n<tr>\n<td width=\"284\">MOQ<\/td>\n<td width=\"284\">1000 STCK.<\/td>\n<\/tr>\n<\/tbody>\n<\/table>\n<p>TOPRISE unterst\u00fctzt verschiedene Arten der Anpassung von einheitlichen Pullovern; klicken Sie hier, um<a href=\"https:\/\/toprisesafety.com\/de\/product-category\/personal-protective-equipment\/work-wear\/uniform-sweater\/\"> weitere Modelle von Uniform-Pullovern sehen.<\/a><\/p>\n<p>Wenn Sie Ihren gew\u00fcnschten Pullover nicht finden, <a href=\"https:\/\/toprisesafety.com\/de\/contact-us\/\">kontaktieren Sie uns;<\/a> wir unterst\u00fctzen spezielle Anpassungen.<\/p>","protected":false},"excerpt":{"rendered":"<p>Art.-Nr. SW05<\/p>\n<p>Material: Wolle-Acrylfaser oder kundenspezifisch<\/p>\n<p>Gr\u00f6\u00dfe: S-XXXL oder individuell<\/p>\n<p>Farbe: kundenspezifisch.<\/p>\n<p>MOQ : 1000 STK.<\/p>","protected":false},"featured_media":12451,"template":"","meta":{"_acf_changed":false},"product_brand":[],"product_cat":[320,396,330],"product_tag":[],"class_list":{"0":"post-12450","1":"product","2":"type-product","3":"status-publish","4":"has-post-thumbnail","6":"product_cat-personal-protective-equipment","7":"product_cat-military-sweater","8":"product_cat-work-wear","10":"first","11":"instock","12":"shipping-taxable","13":"product-type-simple"},"acf":[],"_links":{"self":[{"href":"https:\/\/toprisesafety.com\/de\/wp-json\/wp\/v2\/product\/12450","targetHints":{"allow":["GET"]}}],"collection":[{"href":"https:\/\/toprisesafety.com\/de\/wp-json\/wp\/v2\/product"}],"about":[{"href":"https:\/\/toprisesafety.com\/de\/wp-json\/wp\/v2\/types\/product"}],"wp:featuredmedia":[{"embeddable":true,"href":"https:\/\/toprisesafety.com\/de\/wp-json\/wp\/v2\/media\/12451"}],"wp:attachment":[{"href":"https:\/\/toprisesafety.com\/de\/wp-json\/wp\/v2\/media?parent=12450"}],"wp:term":[{"taxonomy":"product_brand","embeddable":true,"href":"https:\/\/toprisesafety.com\/de\/wp-json\/wp\/v2\/product_brand?post=12450"},{"taxonomy":"product_cat","embeddable":true,"href":"https:\/\/toprisesafety.com\/de\/wp-json\/wp\/v2\/product_cat?post=12450"},{"taxonomy":"product_tag","embeddable":true,"href":"https:\/\/toprisesafety.com\/de\/wp-json\/wp\/v2\/product_tag?post=12450"}],"curies":[{"name":"wp","href":"https:\/\/api.w.org\/{rel}","templated":true}]}}