{"id":12431,"date":"2025-05-14T05:02:05","date_gmt":"2025-05-14T05:02:05","guid":{"rendered":"https:\/\/toprisesafety.com\/?post_type=product&#038;p=12431"},"modified":"2025-05-19T08:36:00","modified_gmt":"2025-05-19T08:36:00","slug":"62-cm-rubber-traffic-cones","status":"publish","type":"product","link":"https:\/\/toprisesafety.com\/de\/product\/62-cm-rubber-traffic-cones\/","title":{"rendered":"62 CM Gummi-Verkehrsleitkegel"},"content":{"rendered":"<h2>62 CM Gummi-Verkehrsleitkegel<\/h2>\n<p>Gummi-Verkehrsleitkegel Merkmale:<\/p>\n<ul>\n<li>Er ist aus strapazierf\u00e4higem Gummimaterial gefertigt und zeichnet sich durch hohe Druckfestigkeit und Elastizit\u00e4t aus.<\/li>\n<li>Das stark rot-wei\u00df reflektierende Design sorgt f\u00fcr hohe Sichtbarkeit.<\/li>\n<li>Es verf\u00fcgt \u00fcber eine ausgezeichnete UV- und Windbest\u00e4ndigkeit und ist f\u00fcr verschiedene Umgebungen geeignet.<\/li>\n<li>Er ist leicht und einfach zu handhaben und l\u00e4sst sich bequem lagern und transportieren.<\/li>\n<li>Hohe Stabilit\u00e4t, kippt nicht um und gew\u00e4hrleistet die Sicherheit im Stra\u00dfenverkehr.<\/li>\n<li>Der rutschfeste Boden verbessert die Bodenhaftung und ist f\u00fcr verschiedene Stra\u00dfenbel\u00e4ge geeignet.<\/li>\n<\/ul>\n<div style=\"width: 464px;\" class=\"wp-video\"><!--[if lt IE 9]><script>document.createElement('video');<\/script><![endif]-->\n<video class=\"wp-video-shortcode\" id=\"video-12431-1\" width=\"464\" height=\"960\" preload=\"metadata\" controls=\"controls\"><source type=\"video\/mp4\" src=\"https:\/\/toprisesafety.com\/wp-content\/uploads\/2025\/05\/Rubber-traffic-cones-.mp4?_=1\" \/><a href=\"https:\/\/toprisesafety.com\/wp-content\/uploads\/2025\/05\/Rubber-traffic-cones-.mp4\">https:\/\/toprisesafety.com\/wp-content\/uploads\/2025\/05\/Rubber-traffic-cones-.mp4<\/a><\/video><\/div>\n<table>\n<tbody>\n<tr>\n<td width=\"284\">ART NO.<\/td>\n<td width=\"284\">TCR62<\/td>\n<\/tr>\n<tr>\n<td width=\"284\">MATERIAL<\/td>\n<td width=\"284\">\u00a0Gummi<\/td>\n<\/tr>\n<tr>\n<td width=\"284\">H\u00d6HE<\/td>\n<td width=\"284\">62CM, 50\/65\/68\/70\/75\/90 CM zur Auswahl<\/td>\n<\/tr>\n<tr>\n<td width=\"284\">BASISGR\u00d6SSE<\/td>\n<td width=\"284\">33\u00d733CM<\/td>\n<\/tr>\n<tr>\n<td width=\"284\">GEWICHT<\/td>\n<td width=\"284\">1,1 KG\/PC<\/td>\n<\/tr>\n<tr>\n<td width=\"284\">MOQ<\/td>\n<td width=\"284\">500 STCK.<\/td>\n<\/tr>\n<\/tbody>\n<\/table>\n<figure id=\"attachment_12426\" aria-describedby=\"caption-attachment-12426\" style=\"width: 450px\" class=\"wp-caption alignnone\"><img fetchpriority=\"high\" decoding=\"async\" class=\"wp-image-12426\" src=\"https:\/\/toprisesafety.com\/wp-content\/uploads\/2025\/05\/rubber-traffic-cones-300x200.jpg\" alt=\"rubber traffic cones\" width=\"450\" height=\"300\" srcset=\"https:\/\/toprisesafety.com\/wp-content\/uploads\/2025\/05\/rubber-traffic-cones-300x200.jpg 300w, https:\/\/toprisesafety.com\/wp-content\/uploads\/2025\/05\/rubber-traffic-cones-1024x683.jpg 1024w, https:\/\/toprisesafety.com\/wp-content\/uploads\/2025\/05\/rubber-traffic-cones-768x512.jpg 768w, https:\/\/toprisesafety.com\/wp-content\/uploads\/2025\/05\/rubber-traffic-cones-600x400.jpg 600w, https:\/\/toprisesafety.com\/wp-content\/uploads\/2025\/05\/rubber-traffic-cones.jpg 1207w\" sizes=\"(max-width: 450px) 100vw, 450px\" \/><figcaption id=\"caption-attachment-12426\" class=\"wp-caption-text\">Gummiverkehrsleitkegel<\/figcaption><\/figure>\n<p>Verschiedene Gr\u00f6\u00dfen von Gummiverkehrskegeln zur Auswahl:<\/p>\n<table>\n<tbody>\n<tr>\n<td width=\"82\"><strong><b>ART NO.<\/b><\/strong><\/td>\n<td width=\"117\"><strong><b>H\u00d6HE\/CM<\/b><\/strong><\/td>\n<td width=\"267\"><strong><b>BASISGR\u00d6SSE\/CM<\/b><\/strong><\/td>\n<td width=\"215\"><strong><b>GEWICHT\/CM<\/b><\/strong><\/td>\n<\/tr>\n<tr>\n<td width=\"82\">TCR50<\/td>\n<td width=\"117\">50 CM<\/td>\n<td width=\"267\">30\u00d730 CM<\/td>\n<td width=\"215\">1,0 KGS<\/td>\n<\/tr>\n<tr>\n<td width=\"82\">TCR62<\/td>\n<td width=\"117\">62 CM<\/td>\n<td width=\"267\">33\u00d733CM<\/td>\n<td width=\"215\">1,1 KGS<\/td>\n<\/tr>\n<tr>\n<td width=\"82\">TCR65<\/td>\n<td width=\"117\">65 CM<\/td>\n<td width=\"267\">34\u00d734CM<\/td>\n<td width=\"215\">1,50 KGS<\/td>\n<\/tr>\n<tr>\n<td width=\"82\">TCR68<\/td>\n<td width=\"117\">68 CM<\/td>\n<td width=\"267\">34\u00d734 CM<\/td>\n<td width=\"215\">1,50 KGS<\/td>\n<\/tr>\n<tr>\n<td width=\"82\">TCR70<\/td>\n<td width=\"117\">70 CM<\/td>\n<td width=\"267\">40\u00d740 CM oder 37\u00d737CM oder 33 \u00d733CM<\/td>\n<td width=\"215\">2,0\/3,0\/4,0 KG<\/td>\n<\/tr>\n<tr>\n<td width=\"82\">TCR75<\/td>\n<td width=\"117\">75 CM<\/td>\n<td width=\"267\">40\u00d740 CM<\/td>\n<td width=\"215\">2,0\/3,0\/4,0 KG<\/td>\n<\/tr>\n<tr>\n<td width=\"82\">TCR90<\/td>\n<td width=\"117\">90 CM<\/td>\n<td width=\"267\">46\u00d746 CM<\/td>\n<td width=\"215\">4.0 \/4.5 KGS<\/td>\n<\/tr>\n<\/tbody>\n<\/table>\n<p>TOPRISE unterst\u00fctzt verschiedene Arten der individuellen Gestaltung von Verkehrsleitkegeln; klicken Sie zum <a href=\"https:\/\/toprisesafety.com\/de\/product-category\/road-safety-products\/traffic-cone\/\">Weitere Modelle von Verkehrsleitkegeln ansehen.<\/a><\/p>\n<p>Wenn Sie die ben\u00f6tigten Verkehrsleitkegel nicht finden, <a href=\"https:\/\/toprisesafety.com\/de\/contact-us\/\">kontaktieren Sie uns;<\/a> wir unterst\u00fctzen spezielle Anpassungen.<\/p>","protected":false},"excerpt":{"rendered":"<p>Art.Nr.: TCR62<\/p>\n<p>Material: GUMMI<\/p>\n<p>H\u00f6he: 62 CM<\/p>\n<p>Gr\u00f6\u00dfe der Basis: 33\u00d733CM<\/p>\n<p>Gewicht: 1,1 KGS\/ PC<\/p>\n<p>MOQ: 500 PCS<\/p>","protected":false},"featured_media":12436,"template":"","meta":{"_acf_changed":false},"product_brand":[],"product_cat":[325,395],"product_tag":[],"class_list":{"0":"post-12431","1":"product","2":"type-product","3":"status-publish","4":"has-post-thumbnail","6":"product_cat-road-safety-products","7":"product_cat-traffic-cone","9":"first","10":"instock","11":"shipping-taxable","12":"product-type-simple"},"acf":[],"_links":{"self":[{"href":"https:\/\/toprisesafety.com\/de\/wp-json\/wp\/v2\/product\/12431"}],"collection":[{"href":"https:\/\/toprisesafety.com\/de\/wp-json\/wp\/v2\/product"}],"about":[{"href":"https:\/\/toprisesafety.com\/de\/wp-json\/wp\/v2\/types\/product"}],"wp:featuredmedia":[{"embeddable":true,"href":"https:\/\/toprisesafety.com\/de\/wp-json\/wp\/v2\/media\/12436"}],"wp:attachment":[{"href":"https:\/\/toprisesafety.com\/de\/wp-json\/wp\/v2\/media?parent=12431"}],"wp:term":[{"taxonomy":"product_brand","embeddable":true,"href":"https:\/\/toprisesafety.com\/de\/wp-json\/wp\/v2\/product_brand?post=12431"},{"taxonomy":"product_cat","embeddable":true,"href":"https:\/\/toprisesafety.com\/de\/wp-json\/wp\/v2\/product_cat?post=12431"},{"taxonomy":"product_tag","embeddable":true,"href":"https:\/\/toprisesafety.com\/de\/wp-json\/wp\/v2\/product_tag?post=12431"}],"curies":[{"name":"wp","href":"https:\/\/api.w.org\/{rel}","templated":true}]}}