{"id":12416,"date":"2025-05-13T08:10:17","date_gmt":"2025-05-13T08:10:17","guid":{"rendered":"https:\/\/toprisesafety.com\/?post_type=product&#038;p=12416"},"modified":"2025-05-13T08:25:30","modified_gmt":"2025-05-13T08:25:30","slug":"70-cm-folding-traffic-cones","status":"publish","type":"product","link":"https:\/\/toprisesafety.com\/de\/product\/70-cm-folding-traffic-cones\/","title":{"rendered":"70 CM faltbare Verkehrsleitkegel"},"content":{"rendered":"<h2>70 CM faltbare Verkehrsleitkegel<\/h2>\n<p><strong><b>Zusammenklappbare Verkehrsleitkegel Merkmale<\/b><\/strong>:<\/p>\n<ul>\n<li>Zusammenklappbares Design, praktisch f\u00fcr die Aufbewahrung und den Transport und platzsparend.<\/li>\n<li>Das Material ist weich, haltbar und sto\u00dffest und kann sich an raue Umgebungen anpassen.<\/li>\n<li>Nach dem Falten ist er klein und eignet sich f\u00fcr den Transport und das Tragen.<\/li>\n<li>Das reflektierende Streifendesign sorgt f\u00fcr Sichtbarkeit bei Nacht und erh\u00f6ht die Verkehrssicherheit.<\/li>\n<li>Es ist bequem zu bedienen, schnell einzurichten und erinnert und leitet den Verkehr effektiv.<\/li>\n<li>Die faltbare Struktur nimmt nicht zu viel Stauraum in Anspruch und ist f\u00fcr den langfristigen Einsatz geeignet.<\/li>\n<\/ul>\n<div style=\"width: 720px;\" class=\"wp-video\"><!--[if lt IE 9]><script>document.createElement('video');<\/script><![endif]-->\n<video class=\"wp-video-shortcode\" id=\"video-12416-1\" width=\"720\" height=\"1280\" preload=\"metadata\" controls=\"controls\"><source type=\"video\/mp4\" src=\"https:\/\/toprisesafety.com\/wp-content\/uploads\/2025\/05\/Collapsible-traffic-cone.mp4?_=1\" \/><a href=\"https:\/\/toprisesafety.com\/wp-content\/uploads\/2025\/05\/Collapsible-traffic-cone.mp4\">https:\/\/toprisesafety.com\/wp-content\/uploads\/2025\/05\/Collapsible-traffic-cone.mp4<\/a><\/video><\/div>\n<table>\n<tbody>\n<tr>\n<td width=\"284\">ART NO.<\/td>\n<td width=\"284\">CTC70<\/td>\n<\/tr>\n<tr>\n<td width=\"284\">MATERIAL<\/td>\n<td width=\"284\">Oxford-Gewebe+ PP-Boden<\/td>\n<\/tr>\n<tr>\n<td width=\"284\">H\u00f6he<\/td>\n<td width=\"284\">70 CM, 30\/45 CM zur Auswahl<\/td>\n<\/tr>\n<tr>\n<td width=\"284\">Gr\u00f6\u00dfe der Basis<\/td>\n<td width=\"284\">30,5\u00d730,5\u00d73,5 CM<\/td>\n<\/tr>\n<tr>\n<td width=\"284\">Gewicht<\/td>\n<td width=\"284\">0,63 KGS\/ PC<\/td>\n<\/tr>\n<tr>\n<td width=\"284\">MOQ<\/td>\n<td width=\"284\">500 STCK.<\/td>\n<\/tr>\n<\/tbody>\n<\/table>","protected":false},"excerpt":{"rendered":"<p>Art Nr..: CTC70<\/p>\n<p>Material: Oxford-Gewebe+ PP-Boden<\/p>\n<p>H\u00f6he: 70 CM<\/p>\n<p>Gr\u00f6\u00dfe der Basis: 30,5\u00d730,5\u00d73,5 CM<\/p>\n<p>Gewicht: 0,63 KGS\/ PC<\/p>\n<p>MOQ: 500 PCS<\/p>","protected":false},"featured_media":12417,"template":"","meta":{"_acf_changed":false},"product_brand":[],"product_cat":[325,395],"product_tag":[],"class_list":{"0":"post-12416","1":"product","2":"type-product","3":"status-publish","4":"has-post-thumbnail","6":"product_cat-road-safety-products","7":"product_cat-traffic-cone","9":"first","10":"instock","11":"shipping-taxable","12":"product-type-simple"},"acf":[],"_links":{"self":[{"href":"https:\/\/toprisesafety.com\/de\/wp-json\/wp\/v2\/product\/12416"}],"collection":[{"href":"https:\/\/toprisesafety.com\/de\/wp-json\/wp\/v2\/product"}],"about":[{"href":"https:\/\/toprisesafety.com\/de\/wp-json\/wp\/v2\/types\/product"}],"wp:featuredmedia":[{"embeddable":true,"href":"https:\/\/toprisesafety.com\/de\/wp-json\/wp\/v2\/media\/12417"}],"wp:attachment":[{"href":"https:\/\/toprisesafety.com\/de\/wp-json\/wp\/v2\/media?parent=12416"}],"wp:term":[{"taxonomy":"product_brand","embeddable":true,"href":"https:\/\/toprisesafety.com\/de\/wp-json\/wp\/v2\/product_brand?post=12416"},{"taxonomy":"product_cat","embeddable":true,"href":"https:\/\/toprisesafety.com\/de\/wp-json\/wp\/v2\/product_cat?post=12416"},{"taxonomy":"product_tag","embeddable":true,"href":"https:\/\/toprisesafety.com\/de\/wp-json\/wp\/v2\/product_tag?post=12416"}],"curies":[{"name":"wp","href":"https:\/\/api.w.org\/{rel}","templated":true}]}}