{"id":12407,"date":"2025-05-13T08:35:37","date_gmt":"2025-05-13T08:35:37","guid":{"rendered":"https:\/\/toprisesafety.com\/?post_type=product&#038;p=12407"},"modified":"2025-05-19T08:28:18","modified_gmt":"2025-05-19T08:28:18","slug":"uniform-vest-sweater","status":"publish","type":"product","link":"https:\/\/toprisesafety.com\/de\/product\/uniform-vest-sweater\/","title":{"rendered":"Uniformweste Pullover"},"content":{"rendered":"<h1>Uniformweste Pullover<\/h1>\n<p><strong>Uniformweste Pullover<b> Eigenschaften<\/b><\/strong>:<\/p>\n<ul>\n<li>Das schlichte und elegante Design eignet sich f\u00fcr Sicherheitspersonal und andere Fachleute und vermittelt ein Gef\u00fchl von Professionalit\u00e4t.<\/li>\n<li>Unterst\u00fctzung individueller Stile f\u00fcr unterschiedliche Anforderungen.<\/li>\n<li>Die Kunden k\u00f6nnen das LOGO individuell gestalten, um das Markenimage zu verbessern.<\/li>\n<li>Bieten Sie ma\u00dfgeschneiderte Verpackungsoptionen an, um Unternehmen eine personalisierte Werbung zu erm\u00f6glichen.<\/li>\n<li>Bequemer Stoff, geeignet f\u00fcr langes Tragen, mit guter Atmungsaktivit\u00e4t.<\/li>\n<li>Verstellbares Design, geeignet f\u00fcr verschiedene K\u00f6rpertypen, wodurch es bequemer zu tragen ist.<\/li>\n<\/ul>\n<table>\n<tbody>\n<tr>\n<td width=\"284\">ART NO.<\/td>\n<td width=\"284\">SV01<\/td>\n<\/tr>\n<tr>\n<td width=\"284\">MATERIAL<\/td>\n<td width=\"284\">Wolle-Acrylfaser oder kundenspezifisch<\/td>\n<\/tr>\n<tr>\n<td width=\"284\">GR\u00d6SSE<\/td>\n<td width=\"284\">S-XXXL<\/td>\n<\/tr>\n<tr>\n<td width=\"284\">FARBE<\/td>\n<td width=\"284\">angepasst<\/td>\n<\/tr>\n<tr>\n<td width=\"284\">LOGO<\/td>\n<td width=\"284\">Unterst\u00fctzung eines individuellen Logos<\/td>\n<\/tr>\n<tr>\n<td width=\"284\">MOQ<\/td>\n<td width=\"284\">1000 STCK.<\/td>\n<\/tr>\n<\/tbody>\n<\/table>\n<p>TOPRISE unterst\u00fctzt verschiedene Arten der Anpassung von einheitlichen Pullovern; klicken Sie hier, um<a href=\"https:\/\/toprisesafety.com\/de\/product-category\/personal-protective-equipment\/work-wear\/uniform-sweater\/\"> weitere Modelle von Uniform-Pullovern sehen.<\/a><\/p>\n<p>Wenn Sie Ihren gew\u00fcnschten Pullover nicht finden, <a href=\"https:\/\/toprisesafety.com\/de\/contact-us\/\">kontaktieren Sie uns;<\/a> wir unterst\u00fctzen spezielle Anpassungen.<\/p>","protected":false},"excerpt":{"rendered":"<p>Art.Nr. SV01<\/p>\n<p>Material: Wolle-Acrylfaser oder kundenspezifisch<\/p>\n<p>Gr\u00f6\u00dfe: S-XXXL oder individuell<\/p>\n<p>Farbe: kundenspezifisch.<\/p>\n<p>MOQ : 1000 STK.<\/p>","protected":false},"featured_media":12412,"template":"","meta":{"_acf_changed":false},"product_brand":[],"product_cat":[396,320,330],"product_tag":[],"class_list":{"0":"post-12407","1":"product","2":"type-product","3":"status-publish","4":"has-post-thumbnail","6":"product_cat-military-sweater","7":"product_cat-personal-protective-equipment","8":"product_cat-work-wear","10":"first","11":"instock","12":"shipping-taxable","13":"product-type-simple"},"acf":[],"_links":{"self":[{"href":"https:\/\/toprisesafety.com\/de\/wp-json\/wp\/v2\/product\/12407"}],"collection":[{"href":"https:\/\/toprisesafety.com\/de\/wp-json\/wp\/v2\/product"}],"about":[{"href":"https:\/\/toprisesafety.com\/de\/wp-json\/wp\/v2\/types\/product"}],"wp:featuredmedia":[{"embeddable":true,"href":"https:\/\/toprisesafety.com\/de\/wp-json\/wp\/v2\/media\/12412"}],"wp:attachment":[{"href":"https:\/\/toprisesafety.com\/de\/wp-json\/wp\/v2\/media?parent=12407"}],"wp:term":[{"taxonomy":"product_brand","embeddable":true,"href":"https:\/\/toprisesafety.com\/de\/wp-json\/wp\/v2\/product_brand?post=12407"},{"taxonomy":"product_cat","embeddable":true,"href":"https:\/\/toprisesafety.com\/de\/wp-json\/wp\/v2\/product_cat?post=12407"},{"taxonomy":"product_tag","embeddable":true,"href":"https:\/\/toprisesafety.com\/de\/wp-json\/wp\/v2\/product_tag?post=12407"}],"curies":[{"name":"wp","href":"https:\/\/api.w.org\/{rel}","templated":true}]}}