{"id":12401,"date":"2025-05-13T07:26:31","date_gmt":"2025-05-13T07:26:31","guid":{"rendered":"https:\/\/toprisesafety.com\/?post_type=product&#038;p=12401"},"modified":"2025-05-21T03:18:23","modified_gmt":"2025-05-21T03:18:23","slug":"68-cm-pvc-orange-reflective-safety-cones","status":"publish","type":"product","link":"https:\/\/toprisesafety.com\/de\/product\/68-cm-pvc-orange-reflective-safety-cones\/","title":{"rendered":"68 CM PVC Orange Reflektierende Sicherheitskegel"},"content":{"rendered":"<h2>68 CM PVC Orange Reflektierende Sicherheitskegel<\/h2>\n<p>PVC-Verkehrsleitkegel werden im Spritzgie\u00dfverfahren hergestellt. Das weiche PVC-Material wird in einem St\u00fcck geformt, hat eine leuchtende Farbe, eine gute Weichheit, verblasst nicht leicht, wird durch \u00fcberfahrende Autos nicht besch\u00e4digt, hat eine lange Lebensdauer und ist sehr witterungsbest\u00e4ndig. Gerade weil PVC-Verkehrsleitkegel so hervorragende Eigenschaften haben, werden sie in Europa und Amerika als Verkehrsleitkegel f\u00fcr den sicheren Einsatz auf Stra\u00dfen eingesetzt.<\/p>\n<p>PVC-Verkehrsleitkegel Merkmale:<\/p>\n<ul>\n<li>Es hat eine gute Flexibilit\u00e4t und kann das Rollen von Autos und den Aufprall von harten Gegenst\u00e4nden unbeschadet \u00fcberstehen.<\/li>\n<li>Es hat den Vorteil, dass es resistent gegen Sonneneinstrahlung, Wind und Regen, Hitze und K\u00e4lte ist, nicht rei\u00dft und sich nicht verf\u00e4rbt.<\/li>\n<li>Die abwechselnd wei\u00dfen und roten Farben sind ein echter Blickfang und k\u00f6nnen nachts blendendes Licht reflektieren, so dass der Fahrer sie auf einen Blick erkennt.<\/li>\n<\/ul>\n<p>Anwendung: Es wird in st\u00e4dtischen Kreuzungsbereichen, bei der Instandhaltung von Schnellstra\u00dfen, in Hotels, Wohngebieten, Sportst\u00e4tten, gef\u00e4hrlichen Bereichen, Stra\u00dfenbauabschnitten usw. eingesetzt.<\/p>\n<table>\n<tbody>\n<tr>\n<td width=\"284\">ART NO.<\/td>\n<td width=\"284\">TCPH66<\/td>\n<\/tr>\n<tr>\n<td width=\"284\">MATERIAL<\/td>\n<td width=\"284\">PVC<\/td>\n<\/tr>\n<tr>\n<td width=\"284\">H\u00f6he<\/td>\n<td width=\"284\">68 CM, 62\/66\/70\/90\u00a0CM for choice<\/td>\n<\/tr>\n<tr>\n<td width=\"284\">Gr\u00f6\u00dfe der Basis<\/td>\n<td width=\"284\">33\u00d733 CM<\/td>\n<\/tr>\n<tr>\n<td width=\"284\">Gewicht<\/td>\n<td width=\"284\">1.55 KG\/PC<\/td>\n<\/tr>\n<tr>\n<td width=\"284\">REFLEKTIERENDES BAND<\/td>\n<td width=\"284\">10 + 15 CM<\/td>\n<\/tr>\n<tr>\n<td width=\"284\">MOQ<\/td>\n<td width=\"284\">500 STCK.<\/td>\n<\/tr>\n<\/tbody>\n<\/table>\n<figure id=\"attachment_12397\" aria-describedby=\"caption-attachment-12397\" style=\"width: 300px\" class=\"wp-caption alignnone\"><img fetchpriority=\"high\" decoding=\"async\" class=\"size-medium wp-image-12397\" src=\"https:\/\/toprisesafety.com\/wp-content\/uploads\/2025\/05\/orange-pvc-cones-300x300.png\" alt=\"orange pvc cones\" width=\"300\" height=\"300\" srcset=\"https:\/\/toprisesafety.com\/wp-content\/uploads\/2025\/05\/orange-pvc-cones-300x300.png 300w, https:\/\/toprisesafety.com\/wp-content\/uploads\/2025\/05\/orange-pvc-cones-1024x1024.png 1024w, https:\/\/toprisesafety.com\/wp-content\/uploads\/2025\/05\/orange-pvc-cones-150x150.png 150w, https:\/\/toprisesafety.com\/wp-content\/uploads\/2025\/05\/orange-pvc-cones-768x768.png 768w, https:\/\/toprisesafety.com\/wp-content\/uploads\/2025\/05\/orange-pvc-cones-1536x1536.png 1536w, https:\/\/toprisesafety.com\/wp-content\/uploads\/2025\/05\/orange-pvc-cones-2048x2048.png 2048w, https:\/\/toprisesafety.com\/wp-content\/uploads\/2025\/05\/orange-pvc-cones-600x600.png 600w, https:\/\/toprisesafety.com\/wp-content\/uploads\/2025\/05\/orange-pvc-cones-100x100.png 100w\" sizes=\"(max-width: 300px) 100vw, 300px\" \/><figcaption id=\"caption-attachment-12397\" class=\"wp-caption-text\">orangefarbene pvc-Kegel<\/figcaption><\/figure>\n<p>Verschiedene Gr\u00f6\u00dfen von orangefarbenen PVC-Sicherheitskegeln zur Auswahl:<\/p>\n<table>\n<tbody>\n<tr>\n<td width=\"82\"><strong><b>ART NO.<\/b><\/strong><\/td>\n<td width=\"117\"><strong><b>H\u00d6HE\/CM<\/b><\/strong><\/td>\n<td width=\"141\"><strong><b>BASISGR\u00d6SSE\/CM<\/b><\/strong><\/td>\n<td width=\"198\"><strong><b>REFLEKTIERENDE GR\u00d6SSE \/CM<\/b><\/strong><\/td>\n<td width=\"144\"><strong><b>GEWICHT\/CM<\/b><\/strong><\/td>\n<\/tr>\n<tr>\n<td width=\"82\">TCPH62<\/td>\n<td width=\"117\">62 CM<\/td>\n<td width=\"141\">30 \u00d7 30 CM<\/td>\n<td width=\"198\">10+15 CM<\/td>\n<td width=\"144\">1,15 KGS\/ PC<\/td>\n<\/tr>\n<tr>\n<td width=\"82\">TCPH66<\/td>\n<td width=\"117\">66 CM<\/td>\n<td width=\"141\">30 \u00d7 30 CM<\/td>\n<td width=\"198\">10+15 CM<\/td>\n<td width=\"144\">1,30 KGS\/ PC<\/td>\n<\/tr>\n<tr>\n<td width=\"82\">TCPH68<\/td>\n<td width=\"117\">68 CM<\/td>\n<td width=\"141\">33 \u00d7 33 CM<\/td>\n<td width=\"198\">10+15 CM<\/td>\n<td width=\"144\">1,55 KGS\/ PC<\/td>\n<\/tr>\n<tr>\n<td width=\"82\">TCPH70<\/td>\n<td width=\"117\">70 CM<\/td>\n<td width=\"141\">35 \u00d7 35 CM<\/td>\n<td width=\"198\">10+15 CM<\/td>\n<td width=\"144\">1,70\/ 1,90 KG\/ ST\u00dcCK<\/td>\n<\/tr>\n<tr>\n<td width=\"82\">TCPH90<\/td>\n<td width=\"117\">90 CM<\/td>\n<td width=\"141\">37 \u00d7 37 CM<\/td>\n<td width=\"198\">10+15 CM<\/td>\n<td width=\"144\">3,0 KG\/PC<\/td>\n<\/tr>\n<\/tbody>\n<\/table>\n<p>TOPRISE unterst\u00fctzt verschiedene Arten der individuellen Gestaltung von Verkehrsleitkegeln; klicken Sie zum <a href=\"https:\/\/toprisesafety.com\/de\/product-category\/road-safety-products\/traffic-cone\/\">Weitere Modelle von Verkehrsleitkegeln ansehen.<\/a><\/p>\n<p>Wenn Sie die ben\u00f6tigten Verkehrsleitkegel nicht finden, <a href=\"https:\/\/toprisesafety.com\/de\/contact-us\/\">kontaktieren Sie uns;<\/a> wir unterst\u00fctzen spezielle Anpassungen.<\/p>","protected":false},"excerpt":{"rendered":"<p>68 CM PVC Orange Reflektierende Sicherheitskegel<\/p>\n<p>Art No..:\u00a0TCPH68<\/p>\n<p>Material: PVC<\/p>\n<p>Height:\u00a068\u00a0CM\u00a0,\u00a062\/66\/70\/90\u00a0CM for choice<\/p>\n<p>Gr\u00f6\u00dfe des Sockels: 33 \u00d7 33 CM<\/p>\n<p>Gewicht: 1,55 KGS\/ PC<\/p>\n<p>Gr\u00f6\u00dfe des Reflexionsbandes: 10+15 CM<\/p>\n<p>MOQ: 500 PCS<\/p>","protected":false},"featured_media":12402,"template":"","meta":{"_acf_changed":false},"product_brand":[],"product_cat":[395,325],"product_tag":[],"class_list":{"0":"post-12401","1":"product","2":"type-product","3":"status-publish","4":"has-post-thumbnail","6":"product_cat-traffic-cone","7":"product_cat-road-safety-products","9":"first","10":"instock","11":"shipping-taxable","12":"product-type-simple"},"acf":[],"_links":{"self":[{"href":"https:\/\/toprisesafety.com\/de\/wp-json\/wp\/v2\/product\/12401"}],"collection":[{"href":"https:\/\/toprisesafety.com\/de\/wp-json\/wp\/v2\/product"}],"about":[{"href":"https:\/\/toprisesafety.com\/de\/wp-json\/wp\/v2\/types\/product"}],"wp:featuredmedia":[{"embeddable":true,"href":"https:\/\/toprisesafety.com\/de\/wp-json\/wp\/v2\/media\/12402"}],"wp:attachment":[{"href":"https:\/\/toprisesafety.com\/de\/wp-json\/wp\/v2\/media?parent=12401"}],"wp:term":[{"taxonomy":"product_brand","embeddable":true,"href":"https:\/\/toprisesafety.com\/de\/wp-json\/wp\/v2\/product_brand?post=12401"},{"taxonomy":"product_cat","embeddable":true,"href":"https:\/\/toprisesafety.com\/de\/wp-json\/wp\/v2\/product_cat?post=12401"},{"taxonomy":"product_tag","embeddable":true,"href":"https:\/\/toprisesafety.com\/de\/wp-json\/wp\/v2\/product_tag?post=12401"}],"curies":[{"name":"wp","href":"https:\/\/api.w.org\/{rel}","templated":true}]}}