{"id":12390,"date":"2025-05-13T06:32:39","date_gmt":"2025-05-13T06:32:39","guid":{"rendered":"https:\/\/toprisesafety.com\/?post_type=product&#038;p=12390"},"modified":"2025-05-21T03:19:09","modified_gmt":"2025-05-21T03:19:09","slug":"28-inch-70-cm-green-safety-cones","status":"publish","type":"product","link":"https:\/\/toprisesafety.com\/de\/product\/28-inch-70-cm-green-safety-cones\/","title":{"rendered":"28 Zoll 70 CM Gr\u00fcne Sicherheitskegel"},"content":{"rendered":"<h2>28 Zoll 70 CM Gr\u00fcne Sicherheitskegel<\/h2>\n<p>PVC-Verkehrsleitkegel werden im Spritzgie\u00dfverfahren hergestellt. Das weiche PVC-Material wird in einem St\u00fcck geformt, hat eine leuchtende Farbe, eine gute Weichheit, verblasst nicht leicht, wird durch \u00fcberfahrende Autos nicht besch\u00e4digt, hat eine lange Lebensdauer und ist sehr witterungsbest\u00e4ndig. Gerade weil PVC-Verkehrsleitkegel so hervorragende Eigenschaften haben, werden sie in Europa und Amerika als Verkehrsleitkegel f\u00fcr den sicheren Einsatz auf Stra\u00dfen eingesetzt.<\/p>\n<p>PVC-Verkehrsleitkegel Merkmale:<\/p>\n<ul>\n<li>Es hat eine gute Flexibilit\u00e4t und kann das Rollen von Autos und den Aufprall von harten Gegenst\u00e4nden unbeschadet \u00fcberstehen.<\/li>\n<li>Es hat den Vorteil, dass es resistent gegen Sonneneinstrahlung, Wind und Regen, Hitze und K\u00e4lte ist, nicht rei\u00dft und sich nicht verf\u00e4rbt.<\/li>\n<li>Die abwechselnd wei\u00dfen und roten Farben sind ein echter Blickfang und k\u00f6nnen nachts blendendes Licht reflektieren, so dass der Fahrer sie auf einen Blick erkennt.<\/li>\n<\/ul>\n<p>Anwendung: Es wird in st\u00e4dtischen Kreuzungsbereichen, bei der Instandhaltung von Schnellstra\u00dfen, in Hotels, Wohngebieten, Sportst\u00e4tten, gef\u00e4hrlichen Bereichen, Stra\u00dfenbauabschnitten usw. eingesetzt.<\/p>\n<div style=\"width: 720px;\" class=\"wp-video\"><!--[if lt IE 9]><script>document.createElement('video');<\/script><![endif]-->\n<video class=\"wp-video-shortcode\" id=\"video-12390-1\" width=\"720\" height=\"1280\" preload=\"metadata\" controls=\"controls\"><source type=\"video\/mp4\" src=\"https:\/\/toprisesafety.com\/wp-content\/uploads\/2025\/05\/70CM-2.3KG-\u8367\u5149\u7effPVC\u8def\u9525.mp4?_=1\" \/><a href=\"https:\/\/toprisesafety.com\/wp-content\/uploads\/2025\/05\/70CM-2.3KG-\u8367\u5149\u7effPVC\u8def\u9525.mp4\">https:\/\/toprisesafety.com\/wp-content\/uploads\/2025\/05\/70CM-2.3KG-\u8367\u5149\u7effPVC\u8def\u9525.mp4<\/a><\/video><\/div>\n<table>\n<tbody>\n<tr>\n<td width=\"284\">ART NO.<\/td>\n<td width=\"284\">TCG70<\/td>\n<\/tr>\n<tr>\n<td width=\"284\">MATERIAL<\/td>\n<td width=\"284\">PVC<\/td>\n<\/tr>\n<tr>\n<td width=\"284\">H\u00f6he<\/td>\n<td width=\"284\">70 CM<\/td>\n<\/tr>\n<tr>\n<td width=\"284\">Gr\u00f6\u00dfe der Basis<\/td>\n<td width=\"284\">36\u00d736\u00a0CM<\/td>\n<\/tr>\n<tr>\n<td width=\"284\">Gewicht<\/td>\n<td width=\"284\">2.30 KGS\/ PC<\/td>\n<\/tr>\n<tr>\n<td width=\"284\">REFLEKTIERENDES BAND<\/td>\n<td width=\"284\">10 +15 CM<\/td>\n<\/tr>\n<tr>\n<td width=\"284\">MOQ<\/td>\n<td width=\"284\">500 STCK.<\/td>\n<\/tr>\n<\/tbody>\n<\/table>\n<p>TOPRISE unterst\u00fctzt verschiedene Arten der individuellen Gestaltung von Verkehrsleitkegeln; klicken Sie zum <a href=\"https:\/\/toprisesafety.com\/de\/product-category\/road-safety-products\/traffic-cone\/\">Weitere Modelle von Verkehrsleitkegeln ansehen.<\/a><\/p>\n<p>Wenn Sie die ben\u00f6tigten Verkehrsleitkegel nicht finden, <a href=\"https:\/\/toprisesafety.com\/de\/contact-us\/\">kontaktieren Sie uns;<\/a> wir unterst\u00fctzen spezielle Anpassungen.<\/p>","protected":false},"excerpt":{"rendered":"<p>28 Zoll 70 CM Gr\u00fcne Sicherheitskegel<\/p>\n<p>Art No..:\u00a0TCG70<\/p>\n<p>Material: PVC<\/p>\n<p>H\u00f6he: 70 CM<\/p>\n<p>Base size: 36\u00d736\u00a0CM<\/p>\n<p>Weight: 2.30 KGS\/ PC<\/p>\n<p>Reflective tape size: 10 +15 CM<\/p>\n<p>MOQ: 500 PCS<\/p>","protected":false},"featured_media":12392,"template":"","meta":{"_acf_changed":false},"product_brand":[],"product_cat":[325,395],"product_tag":[],"class_list":{"0":"post-12390","1":"product","2":"type-product","3":"status-publish","4":"has-post-thumbnail","6":"product_cat-road-safety-products","7":"product_cat-traffic-cone","9":"first","10":"instock","11":"shipping-taxable","12":"product-type-simple"},"acf":[],"_links":{"self":[{"href":"https:\/\/toprisesafety.com\/de\/wp-json\/wp\/v2\/product\/12390"}],"collection":[{"href":"https:\/\/toprisesafety.com\/de\/wp-json\/wp\/v2\/product"}],"about":[{"href":"https:\/\/toprisesafety.com\/de\/wp-json\/wp\/v2\/types\/product"}],"wp:featuredmedia":[{"embeddable":true,"href":"https:\/\/toprisesafety.com\/de\/wp-json\/wp\/v2\/media\/12392"}],"wp:attachment":[{"href":"https:\/\/toprisesafety.com\/de\/wp-json\/wp\/v2\/media?parent=12390"}],"wp:term":[{"taxonomy":"product_brand","embeddable":true,"href":"https:\/\/toprisesafety.com\/de\/wp-json\/wp\/v2\/product_brand?post=12390"},{"taxonomy":"product_cat","embeddable":true,"href":"https:\/\/toprisesafety.com\/de\/wp-json\/wp\/v2\/product_cat?post=12390"},{"taxonomy":"product_tag","embeddable":true,"href":"https:\/\/toprisesafety.com\/de\/wp-json\/wp\/v2\/product_tag?post=12390"}],"curies":[{"name":"wp","href":"https:\/\/api.w.org\/{rel}","templated":true}]}}