{"id":12338,"date":"2025-05-13T02:42:34","date_gmt":"2025-05-13T02:42:34","guid":{"rendered":"https:\/\/toprisesafety.com\/?post_type=product&#038;p=12338"},"modified":"2025-05-21T03:25:56","modified_gmt":"2025-05-21T03:25:56","slug":"45cm-pvc-traffic-cones","status":"publish","type":"product","link":"https:\/\/toprisesafety.com\/de\/product\/45cm-pvc-traffic-cones\/","title":{"rendered":"45CM PVC Verkehrsleitkegel"},"content":{"rendered":"<h2>45CM PVC Verkehrsleitkegel<\/h2>\n<p>PVC-Verkehrsleitkegel werden im Spritzgie\u00dfverfahren hergestellt. Das weiche PVC-Material wird in einem St\u00fcck geformt, hat eine leuchtende Farbe, eine gute Weichheit, verblasst nicht leicht, wird durch \u00fcberfahrende Autos nicht besch\u00e4digt, hat eine lange Lebensdauer und ist sehr witterungsbest\u00e4ndig. Gerade weil PVC-Verkehrsleitkegel so hervorragende Eigenschaften haben, werden sie in Europa und Amerika als Verkehrsleitkegel f\u00fcr den sicheren Einsatz auf Stra\u00dfen eingesetzt.<\/p>\n<p>PVC-Verkehrsleitkegel Merkmale:<\/p>\n<ul>\n<li>Es hat eine gute Flexibilit\u00e4t und kann das Rollen von Autos und den Aufprall von harten Gegenst\u00e4nden unbeschadet \u00fcberstehen.<\/li>\n<li>Es hat den Vorteil, dass es resistent gegen Sonneneinstrahlung, Wind und Regen, Hitze und K\u00e4lte ist, nicht rei\u00dft und sich nicht verf\u00e4rbt.<\/li>\n<li>Die abwechselnd wei\u00dfen und roten Farben sind ein echter Blickfang und k\u00f6nnen nachts blendendes Licht reflektieren, so dass der Fahrer sie auf einen Blick erkennt.<\/li>\n<\/ul>\n<p>Anwendung: Es wird in st\u00e4dtischen Kreuzungsbereichen, bei der Instandhaltung von Schnellstra\u00dfen, in Hotels, Wohngebieten, Sportst\u00e4tten, gef\u00e4hrlichen Bereichen, Stra\u00dfenbauabschnitten usw. eingesetzt.<\/p>\n<div style=\"width: 720px;\" class=\"wp-video\"><!--[if lt IE 9]><script>document.createElement('video');<\/script><![endif]-->\n<video class=\"wp-video-shortcode\" id=\"video-12338-1\" width=\"720\" height=\"1280\" preload=\"metadata\" controls=\"controls\"><source type=\"video\/mp4\" src=\"https:\/\/toprisesafety.com\/wp-content\/uploads\/2025\/05\/45CM-CONE.mp4?_=1\" \/><a href=\"https:\/\/toprisesafety.com\/wp-content\/uploads\/2025\/05\/45CM-CONE.mp4\">https:\/\/toprisesafety.com\/wp-content\/uploads\/2025\/05\/45CM-CONE.mp4<\/a><\/video><\/div>\n<table>\n<tbody>\n<tr>\n<td width=\"284\">ART NO.<\/td>\n<td width=\"284\">TCRB-45<\/td>\n<\/tr>\n<tr>\n<td width=\"284\">MATERIAL<\/td>\n<td width=\"284\">PVC<\/td>\n<\/tr>\n<tr>\n<td width=\"284\">H\u00f6he<\/td>\n<td width=\"284\">45 CM, 30\/70\/75\/90 CM zur Auswahl<\/td>\n<\/tr>\n<tr>\n<td width=\"284\">Gr\u00f6\u00dfe der Basis<\/td>\n<td width=\"284\">28*28 CM<\/td>\n<\/tr>\n<tr>\n<td width=\"284\">Gewicht<\/td>\n<td width=\"284\">1,3 KG\/PC oder 1,6 KG\/ PC zur Auswahl<\/td>\n<\/tr>\n<tr>\n<td width=\"284\">REFLEKTIERENDES BAND<\/td>\n<td width=\"284\">10 CM<\/td>\n<\/tr>\n<tr>\n<td width=\"284\">Farbe<\/td>\n<td width=\"284\">Orange\/schwarz<\/td>\n<\/tr>\n<tr>\n<td width=\"284\">MOQ<\/td>\n<td width=\"284\">500 STCK.<\/td>\n<\/tr>\n<\/tbody>\n<\/table>\n<figure id=\"attachment_12333\" aria-describedby=\"caption-attachment-12333\" style=\"width: 300px\" class=\"wp-caption alignnone\"><img fetchpriority=\"high\" decoding=\"async\" class=\"size-medium wp-image-12333\" src=\"https:\/\/toprisesafety.com\/wp-content\/uploads\/2025\/05\/PVC-TRAFFIC-CONE--300x300.png\" alt=\"PVC TRAFFIC CONE\" width=\"300\" height=\"300\" srcset=\"https:\/\/toprisesafety.com\/wp-content\/uploads\/2025\/05\/PVC-TRAFFIC-CONE--300x300.png 300w, https:\/\/toprisesafety.com\/wp-content\/uploads\/2025\/05\/PVC-TRAFFIC-CONE--150x150.png 150w, https:\/\/toprisesafety.com\/wp-content\/uploads\/2025\/05\/PVC-TRAFFIC-CONE--768x768.png 768w, https:\/\/toprisesafety.com\/wp-content\/uploads\/2025\/05\/PVC-TRAFFIC-CONE--600x600.png 600w, https:\/\/toprisesafety.com\/wp-content\/uploads\/2025\/05\/PVC-TRAFFIC-CONE--100x100.png 100w, https:\/\/toprisesafety.com\/wp-content\/uploads\/2025\/05\/PVC-TRAFFIC-CONE-.png 800w\" sizes=\"(max-width: 300px) 100vw, 300px\" \/><figcaption id=\"caption-attachment-12333\" class=\"wp-caption-text\">PVC VERKEHRSKEGEL<\/figcaption><\/figure>\n<p>Verschiedene Gr\u00f6\u00dfen von orange\/schwarzen PVC-Verkehrskegeln zur Auswahl:<\/p>\n<table>\n<tbody>\n<tr>\n<td width=\"82\"><strong><b>ART NO.<\/b><\/strong><\/td>\n<td width=\"117\"><strong><b>H\u00d6HE\/CM<\/b><\/strong><\/td>\n<td width=\"141\"><strong><b>BASISGR\u00d6SSE\/CM<\/b><\/strong><\/td>\n<td width=\"198\"><strong><b>REFLEKTIERENDE GR\u00d6SSE \/CM<\/b><\/strong><\/td>\n<td width=\"136\"><strong><b>GEWICHT\/CM<\/b><\/strong><\/td>\n<\/tr>\n<tr>\n<td width=\"82\">TCRB-30<\/td>\n<td width=\"117\">30 CM<\/td>\n<td width=\"141\">22\u00d722CM<\/td>\n<td width=\"198\">10 CM<\/td>\n<td width=\"136\">1 KGS<\/td>\n<\/tr>\n<tr>\n<td width=\"82\">TCRB-45<\/td>\n<td width=\"117\">45 CM<\/td>\n<td width=\"141\">28\u00d728 CM<\/td>\n<td width=\"198\">10 CM<\/td>\n<td width=\"136\">1,3 \/1,6 KGS<\/td>\n<\/tr>\n<tr>\n<td width=\"82\">TCRB-70<\/td>\n<td width=\"117\">70 CM<\/td>\n<td width=\"141\">36\u00d736 CM<\/td>\n<td width=\"198\">15+10 CM<\/td>\n<td width=\"136\">2,3\/3,2 KGS<\/td>\n<\/tr>\n<tr>\n<td width=\"82\">TCRB-75<\/td>\n<td width=\"117\">75 CM<\/td>\n<td width=\"141\">36\u00d736 CM<\/td>\n<td width=\"198\">15 + 10 CM<\/td>\n<td width=\"136\">3.2 KGS<\/td>\n<\/tr>\n<tr>\n<td width=\"82\">TCRB-90<\/td>\n<td width=\"117\">90 CM<\/td>\n<td width=\"141\">36\u00d736 CM<\/td>\n<td width=\"198\">15 + 10 CM<\/td>\n<td width=\"136\">3,4\/4,1\/4,3 KG<\/td>\n<\/tr>\n<\/tbody>\n<\/table>\n<p>TOPRISE unterst\u00fctzt verschiedene Arten der individuellen Gestaltung von Verkehrsleitkegeln; klicken Sie zum <a href=\"https:\/\/toprisesafety.com\/de\/product-category\/road-safety-products\/traffic-cone\/\">Weitere Modelle von Verkehrsleitkegeln ansehen.<\/a><\/p>\n<p>Wenn Sie die ben\u00f6tigten Verkehrsleitkegel nicht finden, <a href=\"https:\/\/toprisesafety.com\/de\/contact-us\/\">kontaktieren Sie uns;<\/a> wir unterst\u00fctzen spezielle Anpassungen.<\/p>","protected":false},"excerpt":{"rendered":"<p>Art.Nr.: TCRB-45<\/p>\n<p>Material: PVC<\/p>\n<p>H\u00f6he: 30 CM<\/p>\n<p>Gr\u00f6\u00dfe der Basis: 28*28 CM<\/p>\n<p>Gewicht: 1,3 KG\/PC oder 1,6 KG\/ PC zur Auswahl<\/p>\n<p>Gr\u00f6\u00dfe des Reflexionsbandes: 10 CM<\/p>\n<p>Farbe: Orange\/schwarz<\/p>\n<p>MOQ: 500 PCS<\/p>","protected":false},"featured_media":12340,"template":"","meta":{"_acf_changed":false},"product_brand":[],"product_cat":[395,325],"product_tag":[],"class_list":{"0":"post-12338","1":"product","2":"type-product","3":"status-publish","4":"has-post-thumbnail","6":"product_cat-traffic-cone","7":"product_cat-road-safety-products","9":"first","10":"instock","11":"shipping-taxable","12":"product-type-simple"},"acf":[],"_links":{"self":[{"href":"https:\/\/toprisesafety.com\/de\/wp-json\/wp\/v2\/product\/12338"}],"collection":[{"href":"https:\/\/toprisesafety.com\/de\/wp-json\/wp\/v2\/product"}],"about":[{"href":"https:\/\/toprisesafety.com\/de\/wp-json\/wp\/v2\/types\/product"}],"wp:featuredmedia":[{"embeddable":true,"href":"https:\/\/toprisesafety.com\/de\/wp-json\/wp\/v2\/media\/12340"}],"wp:attachment":[{"href":"https:\/\/toprisesafety.com\/de\/wp-json\/wp\/v2\/media?parent=12338"}],"wp:term":[{"taxonomy":"product_brand","embeddable":true,"href":"https:\/\/toprisesafety.com\/de\/wp-json\/wp\/v2\/product_brand?post=12338"},{"taxonomy":"product_cat","embeddable":true,"href":"https:\/\/toprisesafety.com\/de\/wp-json\/wp\/v2\/product_cat?post=12338"},{"taxonomy":"product_tag","embeddable":true,"href":"https:\/\/toprisesafety.com\/de\/wp-json\/wp\/v2\/product_tag?post=12338"}],"curies":[{"name":"wp","href":"https:\/\/api.w.org\/{rel}","templated":true}]}}