{"id":12294,"date":"2025-05-10T02:54:37","date_gmt":"2025-05-10T02:54:37","guid":{"rendered":"https:\/\/toprisesafety.com\/?post_type=product&#038;p=12294"},"modified":"2025-05-12T02:42:40","modified_gmt":"2025-05-12T02:42:40","slug":"round-solar-led-warning-light","status":"publish","type":"product","link":"https:\/\/toprisesafety.com\/de\/product\/round-solar-led-warning-light\/","title":{"rendered":"Runde Solar-LED-Warnleuchte"},"content":{"rendered":"<p>Runde Solar-LED-Warnleuchte<\/p>\n<p>Runde Solar-LED-Warnleuchte Merkmale:<\/p>\n<ul>\n<li>Solarbetrieben: Da es mit Solarenergie betrieben wird, ist kein Batteriewechsel erforderlich, was es umweltfreundlich und energiesparend macht.<\/li>\n<li>Starker Magnetismus: Das magnetische Design an der Unterseite macht es einfach, schnell auf der Metalloberfl\u00e4che zu befestigen und gew\u00e4hrleistet Stabilit\u00e4t und Zuverl\u00e4ssigkeit.<\/li>\n<li>Hohe Helligkeit: Rotes LED-Blinklicht sorgt f\u00fcr klare Warnungen bei Nacht oder in schlecht sichtbaren Umgebungen.<\/li>\n<li>Langlebiges Design: robustes Geh\u00e4use, wasser- und staubdicht, geeignet f\u00fcr raue Umgebungen.<\/li>\n<li>Vielseitig einsetzbar: Geeignet f\u00fcr verschiedene Szenarien wie Verkehrslenkung und Notfallwarnung zur Erh\u00f6hung der Sicherheit.<\/li>\n<\/ul>\n<table>\n<tbody>\n<tr>\n<td width=\"426\">ART NO.<\/td>\n<td width=\"426\">WL20<\/td>\n<\/tr>\n<tr>\n<td width=\"426\">GR\u00d6SSE<\/td>\n<td width=\"426\">13,2 MM H\u00f6he * 100 MM Breite<\/td>\n<\/tr>\n<tr>\n<td width=\"426\">MATERIAL<\/td>\n<td width=\"426\">ABS<\/td>\n<\/tr>\n<tr>\n<td width=\"426\">ARBEITSMODUS<\/td>\n<td width=\"426\">Blitzlicht, Blitzserie und Dauerlicht k\u00f6nnen ausgew\u00e4hlt werden<\/td>\n<\/tr>\n<tr>\n<td width=\"426\">LICHTQUELLE<\/td>\n<td width=\"426\">Durchmesser 5 MM * 6 PCS gef\u00fchrt<\/td>\n<\/tr>\n<tr>\n<td width=\"426\">Lumineszenz<\/td>\n<td width=\"426\">10000 MCD<\/td>\n<\/tr>\n<tr>\n<td width=\"426\">WIEDERAUFLADBARE BATTERIE<\/td>\n<td width=\"426\">Nickel-Metall-Hydrid-Akku<\/td>\n<\/tr>\n<tr>\n<td width=\"426\">BLITZFREQUENZ<\/td>\n<td width=\"426\">60+\/-5% mal\/Minute, Burst Flash - die Blitzrate betr\u00e4gt 120+\/-5% mal pro Minute<\/td>\n<\/tr>\n<tr>\n<td width=\"426\">POWER<\/td>\n<td width=\"426\">0.3W<\/td>\n<\/tr>\n<tr>\n<td width=\"426\">SCHUTZNIVEAU<\/td>\n<td width=\"426\">IP64<\/td>\n<\/tr>\n<tr>\n<td width=\"426\">VISUELLE REICHWEITE<\/td>\n<td width=\"426\">600-800M (Nachts)<\/td>\n<\/tr>\n<tr>\n<td width=\"426\">BETRIEBSANLEITUNG<\/td>\n<td width=\"426\">Schalten Sie den Netzschalter ein und rufen Sie den Automatikmodus auf. Es blinkt nachts automatisch und schaltet sich tags\u00fcber automatisch aus.<\/td>\n<\/tr>\n<tr>\n<td width=\"426\">ANWENDUNG<\/td>\n<td width=\"426\">Sicherheitsschutz, Baustellenarbeiten, usw.<\/td>\n<\/tr>\n<tr>\n<td width=\"426\">VERPACKUNG<\/td>\n<td width=\"426\">50 ST\u00dcCK\/KTN, 69*28*55 CM, 16 KG<\/td>\n<\/tr>\n<\/tbody>\n<\/table>\n<p>TOPRISE unterst\u00fctzt verschiedene Arten der Anpassung von Warnlampen; klicken Sie hier, um <a href=\"https:\/\/toprisesafety.com\/de\/product-category\/road-safety-products\/warning-lamp\/\">weitere Modelle von Warnleuchten ansehen.<\/a><\/p>\n<p>Wenn Sie die gew\u00fcnschte Warnleuchte nicht finden,<a href=\"https:\/\/toprisesafety.com\/de\/contact-us\/\"> kontaktieren Sie uns;<\/a> wir unterst\u00fctzen spezielle Anpassungen.<\/p>","protected":false},"excerpt":{"rendered":"<p>Art-Nr.: WL20<\/p>\n<p>Farbe: Klar\/Rot\/Gelb<\/p>\n<p>Lichtquelle: Durchmesser 5mm * 6 PCS led, Leuchtdichte: 10000 MCD<\/p>\n<p>Wiederaufladbarer Batterietyp: Nickel-Metall-Hydrid-Akku<\/p>\n<p>MOQ: 100 STK.<\/p>","protected":false},"featured_media":12298,"template":"","meta":{"_acf_changed":false},"product_brand":[],"product_cat":[325,337],"product_tag":[],"class_list":{"0":"post-12294","1":"product","2":"type-product","3":"status-publish","4":"has-post-thumbnail","6":"product_cat-road-safety-products","7":"product_cat-warning-lamp","9":"first","10":"instock","11":"shipping-taxable","12":"product-type-simple"},"acf":[],"_links":{"self":[{"href":"https:\/\/toprisesafety.com\/de\/wp-json\/wp\/v2\/product\/12294"}],"collection":[{"href":"https:\/\/toprisesafety.com\/de\/wp-json\/wp\/v2\/product"}],"about":[{"href":"https:\/\/toprisesafety.com\/de\/wp-json\/wp\/v2\/types\/product"}],"wp:featuredmedia":[{"embeddable":true,"href":"https:\/\/toprisesafety.com\/de\/wp-json\/wp\/v2\/media\/12298"}],"wp:attachment":[{"href":"https:\/\/toprisesafety.com\/de\/wp-json\/wp\/v2\/media?parent=12294"}],"wp:term":[{"taxonomy":"product_brand","embeddable":true,"href":"https:\/\/toprisesafety.com\/de\/wp-json\/wp\/v2\/product_brand?post=12294"},{"taxonomy":"product_cat","embeddable":true,"href":"https:\/\/toprisesafety.com\/de\/wp-json\/wp\/v2\/product_cat?post=12294"},{"taxonomy":"product_tag","embeddable":true,"href":"https:\/\/toprisesafety.com\/de\/wp-json\/wp\/v2\/product_tag?post=12294"}],"curies":[{"name":"wp","href":"https:\/\/api.w.org\/{rel}","templated":true}]}}