{"id":12284,"date":"2025-05-10T02:39:14","date_gmt":"2025-05-10T02:39:14","guid":{"rendered":"https:\/\/toprisesafety.com\/?post_type=product&#038;p=12284"},"modified":"2025-05-12T02:55:36","modified_gmt":"2025-05-12T02:55:36","slug":"led-solar-strobe-warning-light","status":"publish","type":"product","link":"https:\/\/toprisesafety.com\/de\/product\/led-solar-strobe-warning-light\/","title":{"rendered":"LED Solar Strobe Warnleuchte"},"content":{"rendered":"<h1>LED Solar Strobe Warnleuchte<\/h1>\n<p>LED-Solar-Blitz-Warnleuchte Merkmale:<\/p>\n<ul>\n<li>Hohe Sichtbarkeit: Rote Blinklichter verbessern die Sichtbarkeit bei Nacht oder in schlecht einsehbaren Umgebungen erheblich.<\/li>\n<li>Robust und langlebig: Ausgestattet mit einem hochfesten Geh\u00e4use, ist es sto\u00dffest und wasserdicht, geeignet f\u00fcr alle Arten von rauen Umgebungen.<\/li>\n<li>Energieeinsparung und Umweltschutz: Ausgestattet mit einer Solarladefunktion, reduziert es den Stromverbrauch und ist umweltfreundlich und energiesparend.<\/li>\n<li>Einfache Installation: Ausgestattet mit verstellbaren Halterungen, ist es einfach, auf verschiedenen Oberfl\u00e4chen zu befestigen und ist bequem zu installieren.<\/li>\n<li>Breite Anwendung: Anwendbar f\u00fcr verschiedene Szenarien wie Verkehrsf\u00fchrung, Notsignale und Gefahrenwarnungen.<\/li>\n<\/ul>\n<table>\n<tbody>\n<tr>\n<td width=\"426\">ART NO.<\/td>\n<td width=\"426\">WL17<\/td>\n<\/tr>\n<tr>\n<td width=\"426\">GR\u00d6SSE<\/td>\n<td width=\"426\">Oben 7,3 CM + unten 7,3 CM, 18,5 cm H\u00f6he<\/td>\n<\/tr>\n<tr>\n<td width=\"426\">KONTROLLE<\/td>\n<td width=\"426\">Lichtsteuerung + Schalter<\/td>\n<\/tr>\n<tr>\n<td width=\"426\">SOLARPANEL<\/td>\n<td width=\"426\">Einkristall-Silizium 0,3 W 4 V 90 mA<\/td>\n<\/tr>\n<tr>\n<td width=\"426\">BLITZFREQUENZ<\/td>\n<td width=\"426\">55 Mal pro Minute<\/td>\n<\/tr>\n<tr>\n<td width=\"426\">LADEDAUER<\/td>\n<td width=\"426\">Tags\u00fcber den ganzen Tag der Sonne ausgesetzt sein<\/td>\n<\/tr>\n<tr>\n<td width=\"426\">ARBEITSZEIT<\/td>\n<td width=\"426\">An regnerischen Tagen kann es 3 bis 4 Tage lang ununterbrochen arbeiten.<\/td>\n<\/tr>\n<tr>\n<td width=\"426\">ANWENDUNG<\/td>\n<td width=\"426\">Sicherheitsschutz, Baustellenarbeiten, usw.<\/td>\n<\/tr>\n<\/tbody>\n<\/table>\n<p>TOPRISE unterst\u00fctzt verschiedene Arten der Anpassung von Warnlampen; klicken Sie hier, um <a href=\"https:\/\/toprisesafety.com\/de\/product-category\/road-safety-products\/warning-lamp\/\">weitere Modelle von Warnleuchten ansehen.<\/a><\/p>\n<p>Wenn Sie die gew\u00fcnschte Warnleuchte nicht finden,<a href=\"https:\/\/toprisesafety.com\/de\/contact-us\/\"> kontaktieren Sie uns;<\/a> wir unterst\u00fctzen spezielle Anpassungen.<\/p>","protected":false},"excerpt":{"rendered":"<p>Art-Nr.: WL17<\/p>\n<p>Farbe: Rot<\/p>\n<p>Steuerung: Lichtsteuerung + Schalter<\/p>\n<p>Solarmodul: Einkristall-Silizium 0,3W 4V 90MA<\/p>\n<p>Akku: 14500 Nickel-Metallhydrid-Akku<\/p>\n<p>MOQ: 300 STK.<\/p>","protected":false},"featured_media":12285,"template":"","meta":{"_acf_changed":false},"product_brand":[],"product_cat":[325,337],"product_tag":[],"class_list":{"0":"post-12284","1":"product","2":"type-product","3":"status-publish","4":"has-post-thumbnail","6":"product_cat-road-safety-products","7":"product_cat-warning-lamp","9":"first","10":"instock","11":"shipping-taxable","12":"product-type-simple"},"acf":[],"_links":{"self":[{"href":"https:\/\/toprisesafety.com\/de\/wp-json\/wp\/v2\/product\/12284"}],"collection":[{"href":"https:\/\/toprisesafety.com\/de\/wp-json\/wp\/v2\/product"}],"about":[{"href":"https:\/\/toprisesafety.com\/de\/wp-json\/wp\/v2\/types\/product"}],"wp:featuredmedia":[{"embeddable":true,"href":"https:\/\/toprisesafety.com\/de\/wp-json\/wp\/v2\/media\/12285"}],"wp:attachment":[{"href":"https:\/\/toprisesafety.com\/de\/wp-json\/wp\/v2\/media?parent=12284"}],"wp:term":[{"taxonomy":"product_brand","embeddable":true,"href":"https:\/\/toprisesafety.com\/de\/wp-json\/wp\/v2\/product_brand?post=12284"},{"taxonomy":"product_cat","embeddable":true,"href":"https:\/\/toprisesafety.com\/de\/wp-json\/wp\/v2\/product_cat?post=12284"},{"taxonomy":"product_tag","embeddable":true,"href":"https:\/\/toprisesafety.com\/de\/wp-json\/wp\/v2\/product_tag?post=12284"}],"curies":[{"name":"wp","href":"https:\/\/api.w.org\/{rel}","templated":true}]}}