{"id":12257,"date":"2025-05-10T01:59:38","date_gmt":"2025-05-10T01:59:38","guid":{"rendered":"https:\/\/toprisesafety.com\/?post_type=product&#038;p=12257"},"modified":"2025-05-12T03:04:02","modified_gmt":"2025-05-12T03:04:02","slug":"traffic-flashing-solar-warning-lamp","status":"publish","type":"product","link":"https:\/\/toprisesafety.com\/de\/product\/traffic-flashing-solar-warning-lamp\/","title":{"rendered":"Verkehr Blinkende Solar-Warnleuchte"},"content":{"rendered":"<h1>Verkehr Blinkende Solar-Warnleuchte<\/h1>\n<p>Verkehr Blinkende Solar-Warnleuchte Merkmale:<\/p>\n<ul>\n<li>Eingebauter Schalter: 1. der Blitzmodus schaltet sich tags\u00fcber automatisch aus und blitzt bei Nacht. 2. Schalten Sie in den Aus-Modus und schalten Sie die Stromversorgung ab.<\/li>\n<li>Hochfeste Kunststoffhaken: leicht zu befestigen und diebstahlsicher. Die Stra\u00dfenkegelh\u00fclse l\u00e4sst sich bequem am Stra\u00dfenkegel befestigen.<\/li>\n<li>Breiter Anwendungsbereich: f\u00fcr Verkehrssicherheit, Stra\u00dfenbau und Warnfunktionen.<\/li>\n<li>Die Farbe, die Anzahl der LEDs und der Betriebsmodus k\u00f6nnen je nach den Anforderungen des Kunden angepasst werden.<\/li>\n<\/ul>\n<table>\n<tbody>\n<tr>\n<td width=\"426\">ART NO.<\/td>\n<td width=\"426\">WL10<\/td>\n<\/tr>\n<tr>\n<td width=\"426\">GR\u00d6SSE<\/td>\n<td width=\"426\">34 CM H\u00f6he * 18,5 CM Durchmesser<\/td>\n<\/tr>\n<tr>\n<td width=\"426\">MATERIAL<\/td>\n<td width=\"426\">PC<\/td>\n<\/tr>\n<tr>\n<td width=\"426\">ARBEITSMODUS<\/td>\n<td width=\"426\">Leuchtend oder st\u00e4ndig eingeschaltet<\/td>\n<\/tr>\n<tr>\n<td width=\"426\">LICHTQUELLE<\/td>\n<td width=\"426\">Durchmesser 5 MM * 6 PCS gef\u00fchrt<\/td>\n<\/tr>\n<tr>\n<td width=\"426\">Lumineszenz<\/td>\n<td width=\"426\">10000 MCD<\/td>\n<\/tr>\n<tr>\n<td width=\"426\">WIEDERAUFLADBARE BATTERIE<\/td>\n<td width=\"426\">Nickel-Metall-Hydrid-Akku<\/td>\n<\/tr>\n<tr>\n<td width=\"426\">POWER<\/td>\n<td width=\"426\">0.3W<\/td>\n<\/tr>\n<tr>\n<td width=\"426\">SCHUTZNIVEAU<\/td>\n<td width=\"426\">IP64<\/td>\n<\/tr>\n<tr>\n<td width=\"426\">VISUELLE REICHWEITE<\/td>\n<td width=\"426\">650-700M (Nachts)<\/td>\n<\/tr>\n<tr>\n<td width=\"426\">BETRIEBSANLEITUNG<\/td>\n<td width=\"426\">Blitzmodus: Schaltet sich tags\u00fcber automatisch aus und blinkt nachts automatisch. Schalten Sie das Ger\u00e4t aus und unterbrechen Sie die Stromzufuhr.<\/td>\n<\/tr>\n<tr>\n<td width=\"426\">ANWENDUNG<\/td>\n<td width=\"426\">Sicherheitsschutz, Baustellenarbeiten, usw.<\/td>\n<\/tr>\n<tr>\n<td width=\"426\">VERPACKUNG<\/td>\n<td width=\"426\">12 ST\u00dcCK\/KTN, 48*34*37 CM, 8 KG<\/td>\n<\/tr>\n<\/tbody>\n<\/table>\n<p>TOPRISE unterst\u00fctzt verschiedene Arten der Anpassung von Warnlampen; klicken Sie hier, um <a href=\"https:\/\/toprisesafety.com\/de\/product-category\/road-safety-products\/warning-lamp\/\">weitere Modelle von Warnleuchten ansehen.<\/a><\/p>\n<p>Wenn Sie die gew\u00fcnschte Warnleuchte nicht finden,<a href=\"https:\/\/toprisesafety.com\/de\/contact-us\/\"> kontaktieren Sie uns;<\/a> wir unterst\u00fctzen spezielle Anpassungen.<\/p>","protected":false},"excerpt":{"rendered":"<p>Art-Nr.: WL10<\/p>\n<p>Farbe: Rot\/Orange<\/p>\n<p>Gr\u00f6\u00dfe: 34 CM H\u00f6he * 18,5 CM Durchmesser<\/p>\n<p>Wiederaufladbarer Batterietyp: Nickel-Metall-Hydrid-Akku<\/p>\n<p>MOQ: 100 STK.<\/p>","protected":false},"featured_media":12258,"template":"","meta":{"_acf_changed":false},"product_brand":[],"product_cat":[325,337],"product_tag":[],"class_list":{"0":"post-12257","1":"product","2":"type-product","3":"status-publish","4":"has-post-thumbnail","6":"product_cat-road-safety-products","7":"product_cat-warning-lamp","9":"first","10":"instock","11":"shipping-taxable","12":"product-type-simple"},"acf":[],"_links":{"self":[{"href":"https:\/\/toprisesafety.com\/de\/wp-json\/wp\/v2\/product\/12257"}],"collection":[{"href":"https:\/\/toprisesafety.com\/de\/wp-json\/wp\/v2\/product"}],"about":[{"href":"https:\/\/toprisesafety.com\/de\/wp-json\/wp\/v2\/types\/product"}],"wp:featuredmedia":[{"embeddable":true,"href":"https:\/\/toprisesafety.com\/de\/wp-json\/wp\/v2\/media\/12258"}],"wp:attachment":[{"href":"https:\/\/toprisesafety.com\/de\/wp-json\/wp\/v2\/media?parent=12257"}],"wp:term":[{"taxonomy":"product_brand","embeddable":true,"href":"https:\/\/toprisesafety.com\/de\/wp-json\/wp\/v2\/product_brand?post=12257"},{"taxonomy":"product_cat","embeddable":true,"href":"https:\/\/toprisesafety.com\/de\/wp-json\/wp\/v2\/product_cat?post=12257"},{"taxonomy":"product_tag","embeddable":true,"href":"https:\/\/toprisesafety.com\/de\/wp-json\/wp\/v2\/product_tag?post=12257"}],"curies":[{"name":"wp","href":"https:\/\/api.w.org\/{rel}","templated":true}]}}