{"id":12255,"date":"2025-05-10T01:54:45","date_gmt":"2025-05-10T01:54:45","guid":{"rendered":"https:\/\/toprisesafety.com\/?post_type=product&#038;p=12255"},"modified":"2025-05-12T03:04:24","modified_gmt":"2025-05-12T03:04:24","slug":"solar-road-construction-traffic-warning-light","status":"publish","type":"product","link":"https:\/\/toprisesafety.com\/de\/product\/solar-road-construction-traffic-warning-light\/","title":{"rendered":"Solar-Stra\u00dfenbau-Verkehrswarnleuchte"},"content":{"rendered":"<h1>Solar-Stra\u00dfenbau-Verkehrswarnleuchte<\/h1>\n<p>Solar-Stra\u00dfenbau-Verkehrswarnleuchte Merkmale:<\/p>\n<ul>\n<li>Solarbetrieben: Durch die Nutzung von Solarenergie ist es umweltfreundlich und energiesparend, und es ist kein Batteriewechsel erforderlich.<\/li>\n<li>Langlebige Materialien: Hergestellt aus haltbarem Kunststoff und Metallstrukturen, kann es sich an verschiedene Umgebungen anpassen.<\/li>\n<li>Hohe Sichtbarkeit: Hohe Helligkeit, die die Sichtbarkeit in schwach beleuchteten Umgebungen deutlich verbessern kann.<\/li>\n<li>LOGO-Anpassung: Unterst\u00fctzt personalisierte LOGO-Anpassung, geeignet f\u00fcr Unternehmensf\u00f6rderung.<\/li>\n<li>Anpassung der Verpackung: Wir bieten kundenspezifische Verpackungsoptionen an, um den unterschiedlichen Marktanforderungen gerecht zu werden.<\/li>\n<\/ul>\n<table>\n<tbody>\n<tr>\n<td width=\"426\">ART NO.<\/td>\n<td width=\"426\">WL05<\/td>\n<\/tr>\n<tr>\n<td width=\"426\">GR\u00d6SSE<\/td>\n<td width=\"426\">23 CM L\u00e4nge * 18 CM Breite<\/td>\n<\/tr>\n<tr>\n<td width=\"426\">MATERIAL<\/td>\n<td width=\"426\">Die Linse ist aus PS und die Basis aus ABS<\/td>\n<\/tr>\n<tr>\n<td width=\"426\">ARBEITSMODUS<\/td>\n<td width=\"426\">Gl\u00e4nzend oder immer eingeschaltet<\/td>\n<\/tr>\n<tr>\n<td width=\"426\">LICHTQUELLE<\/td>\n<td width=\"426\">Durchmesser 5 MM * 6 PCS gef\u00fchrt<\/td>\n<\/tr>\n<tr>\n<td width=\"426\">Lumineszenz<\/td>\n<td width=\"426\">10000 MCD<\/td>\n<\/tr>\n<tr>\n<td width=\"426\">WIEDERAUFLADBARE BATTERIE<\/td>\n<td width=\"426\">Nickel-Metall-Hydrid-Akku<\/td>\n<\/tr>\n<tr>\n<td width=\"426\">BLITZFREQUENZ<\/td>\n<td width=\"426\">60+\/-5% Zeiten\/Minute<\/td>\n<\/tr>\n<tr>\n<td width=\"426\">POWER<\/td>\n<td width=\"426\">0.3W<\/td>\n<\/tr>\n<tr>\n<td width=\"426\">SCHUTZNIVEAU<\/td>\n<td width=\"426\">IP64<\/td>\n<\/tr>\n<tr>\n<td width=\"426\">VISUELLE REICHWEITE<\/td>\n<td width=\"426\">400-600M (Nachts)<\/td>\n<\/tr>\n<tr>\n<td width=\"426\">BETRIEBSANLEITUNG<\/td>\n<td width=\"426\">Schalten Sie den Netzschalter ein: Rufen Sie den Lichtsteuerungsmodus auf. Das Ger\u00e4t schaltet sich tags\u00fcber automatisch aus und blinkt in der Nacht.<\/td>\n<\/tr>\n<tr>\n<td width=\"426\">ANWENDUNG<\/td>\n<td width=\"426\">Sicherheitsschutz, Baustellenarbeiten, usw.<\/td>\n<\/tr>\n<tr>\n<td width=\"426\">VERPACKUNG<\/td>\n<td width=\"426\">30 ST\u00dcCK\/KTN, 56,5*32,5*29 CM<\/td>\n<\/tr>\n<\/tbody>\n<\/table>\n<p>TOPRISE unterst\u00fctzt verschiedene Arten der Anpassung von Warnlampen; klicken Sie hier, um <a href=\"https:\/\/toprisesafety.com\/de\/product-category\/road-safety-products\/warning-lamp\/\">weitere Modelle von Warnleuchten ansehen.<\/a><\/p>\n<p>Wenn Sie die gew\u00fcnschte Warnleuchte nicht finden,<a href=\"https:\/\/toprisesafety.com\/de\/contact-us\/\"> kontaktieren Sie uns;<\/a> wir unterst\u00fctzen spezielle Anpassungen.<\/p>","protected":false},"excerpt":{"rendered":"<p>Art-Nr.: WL09<\/p>\n<p>Farbe: Rot<\/p>\n<p>Lichtquelle: Durchmesser 5mm * 6 PCS led, Leuchtdichte: 10000 MCD<\/p>\n<p>Wiederaufladbarer Batterietyp: Nickel-Metall-Hydrid-Akku<\/p>\n<p>MOQ: 100 STK.<\/p>","protected":false},"featured_media":12256,"template":"","meta":{"_acf_changed":false},"product_brand":[],"product_cat":[325,337],"product_tag":[],"class_list":{"0":"post-12255","1":"product","2":"type-product","3":"status-publish","4":"has-post-thumbnail","6":"product_cat-road-safety-products","7":"product_cat-warning-lamp","9":"first","10":"instock","11":"shipping-taxable","12":"product-type-simple"},"acf":[],"_links":{"self":[{"href":"https:\/\/toprisesafety.com\/de\/wp-json\/wp\/v2\/product\/12255"}],"collection":[{"href":"https:\/\/toprisesafety.com\/de\/wp-json\/wp\/v2\/product"}],"about":[{"href":"https:\/\/toprisesafety.com\/de\/wp-json\/wp\/v2\/types\/product"}],"wp:featuredmedia":[{"embeddable":true,"href":"https:\/\/toprisesafety.com\/de\/wp-json\/wp\/v2\/media\/12256"}],"wp:attachment":[{"href":"https:\/\/toprisesafety.com\/de\/wp-json\/wp\/v2\/media?parent=12255"}],"wp:term":[{"taxonomy":"product_brand","embeddable":true,"href":"https:\/\/toprisesafety.com\/de\/wp-json\/wp\/v2\/product_brand?post=12255"},{"taxonomy":"product_cat","embeddable":true,"href":"https:\/\/toprisesafety.com\/de\/wp-json\/wp\/v2\/product_cat?post=12255"},{"taxonomy":"product_tag","embeddable":true,"href":"https:\/\/toprisesafety.com\/de\/wp-json\/wp\/v2\/product_tag?post=12255"}],"curies":[{"name":"wp","href":"https:\/\/api.w.org\/{rel}","templated":true}]}}