{"id":12200,"date":"2025-05-08T08:02:31","date_gmt":"2025-05-08T08:02:31","guid":{"rendered":"https:\/\/toprisesafety.com\/?post_type=product&#038;p=12200"},"modified":"2025-05-08T08:02:31","modified_gmt":"2025-05-08T08:02:31","slug":"construction-safety-barrier-fence","status":"publish","type":"product","link":"https:\/\/toprisesafety.com\/de\/product\/construction-safety-barrier-fence\/","title":{"rendered":"Bau-Sicherheitszaun"},"content":{"rendered":"<h2>Bau-Sicherheitszaun<\/h2>\n<ul>\n<li>Starke Haltbarkeit: LDPE-Kunststoffz\u00e4une zeichnen sich durch hohe Festigkeit und eine lange Lebensdauer aus.<\/li>\n<li>Anti-Korrosion: Anpassungsf\u00e4hig an verschiedene Umgebungen, hochgradig korrosionsbest\u00e4ndig und nicht leicht angreifbar durch Chemikalien.<\/li>\n<li>Nicht anf\u00e4llig f\u00fcr Alterung: Selbst wenn es dem Sonnenlicht ausgesetzt ist, altert es nach l\u00e4ngerem Gebrauch nicht schnell.<\/li>\n<li>Gute Flexibilit\u00e4t: Es kann gebogen werden, ohne zu brechen, was f\u00fcr die Installation praktisch ist.<\/li>\n<li>Leicht und tragbar: Durch sein geringes Gewicht ist er leicht zu transportieren, zu installieren und zu lagern.<\/li>\n<li>Einfache Installation: Es sind keine professionellen Werkzeuge erforderlich, so dass eine schnelle Montage und Demontage m\u00f6glich ist.<\/li>\n<li>Breite Anpassungsf\u00e4higkeit: Geeignet f\u00fcr vor\u00fcbergehende Isolierung und Schutz auf Baustellen, Stra\u00dfen, Ausstellungen usw.<\/li>\n<li>Starke Wetterbest\u00e4ndigkeit: Es kann sich an die Nutzungsanforderungen unter verschiedenen klimatischen Bedingungen anpassen.<\/li>\n<li>Verbessern Sie die Sicherheit: Verhindern Sie effektiv, dass Personal gef\u00e4hrliche Bereiche betritt, und verbessern Sie das Sicherheitsmanagement.<\/li>\n<\/ul>\n<table>\n<tbody>\n<tr>\n<td width=\"284\">ART NO.<\/td>\n<td width=\"284\">SF45<\/td>\n<\/tr>\n<tr>\n<td width=\"284\">Material<\/td>\n<td width=\"284\">LDPE<\/td>\n<\/tr>\n<tr>\n<td width=\"284\">Farbe<\/td>\n<td width=\"284\">Orange, rot, gr\u00fcn, schwarz oder individuell.<\/td>\n<\/tr>\n<tr>\n<td width=\"284\">Gr\u00f6\u00dfe des Lochs<\/td>\n<td width=\"284\">65*35MM . Andere Gr\u00f6\u00dfe 45*45MM, 100*40MM, 130*30MM f\u00fcr Wahl<\/td>\n<\/tr>\n<tr>\n<td width=\"284\">Gewicht<\/td>\n<td width=\"284\">130g oder individuell<\/td>\n<\/tr>\n<tr>\n<td width=\"284\">Breite<\/td>\n<td width=\"284\">1 m oder 1,2 m zur Auswahl<\/td>\n<\/tr>\n<tr>\n<td width=\"284\">L\u00e4nge<\/td>\n<td width=\"284\">30 m oder 50 m pro Rolle oder kundenspezifisch<\/td>\n<\/tr>\n<tr>\n<td width=\"284\">Verpacken<\/td>\n<td width=\"284\">Jede Rolle in einem durchsichtigen Polybeutel verpackt<\/td>\n<\/tr>\n<tr>\n<td width=\"284\">Logo<\/td>\n<td width=\"284\">Farbiges Papier, Aufkleber oder kundenspezifisch<\/td>\n<\/tr>\n<\/tbody>\n<\/table>","protected":false},"excerpt":{"rendered":"<p>Art.-Nr. SF65<\/p>\n<p>Material: LDPE<\/p>\n<p>Lochgr\u00f6\u00dfe: 65*35 MM<\/p>\n<p>Breite: 1M oder 1,2 M<\/p>\n<p>L\u00e4nge: 30M\/ROLL oder 50 M\/ ROLL.<\/p>\n<p>Gr\u00f6\u00dfe: Kundenspezifisch<\/p>\n<p>Gewicht: 130 g oder kundenspezifisch<\/p>\n<p>Farbe: Orange<\/p>\n<p>MOMENT: 500ROLLEN<\/p>","protected":false},"featured_media":12205,"template":"","meta":{"_acf_changed":false},"product_brand":[],"product_cat":[325,334],"product_tag":[],"class_list":{"0":"post-12200","1":"product","2":"type-product","3":"status-publish","4":"has-post-thumbnail","6":"product_cat-road-safety-products","7":"product_cat-safety-fence","9":"first","10":"instock","11":"shipping-taxable","12":"product-type-simple"},"acf":[],"_links":{"self":[{"href":"https:\/\/toprisesafety.com\/de\/wp-json\/wp\/v2\/product\/12200"}],"collection":[{"href":"https:\/\/toprisesafety.com\/de\/wp-json\/wp\/v2\/product"}],"about":[{"href":"https:\/\/toprisesafety.com\/de\/wp-json\/wp\/v2\/types\/product"}],"wp:featuredmedia":[{"embeddable":true,"href":"https:\/\/toprisesafety.com\/de\/wp-json\/wp\/v2\/media\/12205"}],"wp:attachment":[{"href":"https:\/\/toprisesafety.com\/de\/wp-json\/wp\/v2\/media?parent=12200"}],"wp:term":[{"taxonomy":"product_brand","embeddable":true,"href":"https:\/\/toprisesafety.com\/de\/wp-json\/wp\/v2\/product_brand?post=12200"},{"taxonomy":"product_cat","embeddable":true,"href":"https:\/\/toprisesafety.com\/de\/wp-json\/wp\/v2\/product_cat?post=12200"},{"taxonomy":"product_tag","embeddable":true,"href":"https:\/\/toprisesafety.com\/de\/wp-json\/wp\/v2\/product_tag?post=12200"}],"curies":[{"name":"wp","href":"https:\/\/api.w.org\/{rel}","templated":true}]}}