{"id":12183,"date":"2025-05-07T08:24:22","date_gmt":"2025-05-07T08:24:22","guid":{"rendered":"https:\/\/toprisesafety.com\/?post_type=product&#038;p=12183"},"modified":"2025-05-07T08:24:22","modified_gmt":"2025-05-07T08:24:22","slug":"underground-warning-tape","status":"publish","type":"product","link":"https:\/\/toprisesafety.com\/de\/product\/underground-warning-tape\/","title":{"rendered":"Unterirdisches Warnband"},"content":{"rendered":"<h2>Unterirdisches Warnband<\/h2>\n<p>The advantages of underground warning tape\u00a0are as follows:<\/p>\n<ul>\n<li>High visibility design: Bright colorsand clear warning information effectively remind construction workers to pay attention to underground cables and prevent accidents.<\/li>\n<li>Customization options: Support for LOGO and warning content customization to enhance brand promotion effectiveness.<\/li>\n<li>Strong durability: LDPE material is tear-resistant and weather-resistant, ensuring no damage even after long-term use.<\/li>\n<li>Professional Warning: Specifically designed for underground power line detection to reduce electrical safety risks during construction.<\/li>\n<li>Widely applicable: It is suitable for high-risk environments such as power companies, construction sites, and underground cable projects.<\/li>\n<\/ul>\n<p>TOPRISE widmet sich seit \u00fcber einem Jahrzehnt der Warnbandindustrie und ist auf die Herstellung von Warnb\u00e4ndern, Isolierb\u00e4ndern, unterirdischen PE-Warnb\u00e4ndern, Warnb\u00e4ndern mit Aluminiumfolie und anderen Produkten spezialisiert. Die Warnband-Serie umfasst unterirdische Warnb\u00e4nder f\u00fcr Gas, optische Kabel, Kabel, \u00d6lleitungen, Heizung, Leitungswasser usw. Allgemeine Isolationswarnb\u00e4nder, Sicherheitswarnb\u00e4nder, unterirdische detektierbare Warnb\u00e4nder aus Aluminiumfolie usw.<\/p>\n<table>\n<tbody>\n<tr>\n<td width=\"284\">ART NO.<\/td>\n<td width=\"284\">WT07<\/td>\n<\/tr>\n<tr>\n<td width=\"284\">Material<\/td>\n<td width=\"284\">LDPE<\/td>\n<\/tr>\n<tr>\n<td width=\"284\">Dicke<\/td>\n<td width=\"284\">30micron-200micron(0.03-0.20mm)or customized<\/td>\n<\/tr>\n<tr>\n<td width=\"284\">\u00dcbliche Breite<\/td>\n<td width=\"284\">50mm, 75mm, 100mm, 150mm, 300mm oder kundenspezifisch<\/td>\n<\/tr>\n<tr>\n<td width=\"284\">L\u00e4nge<\/td>\n<td width=\"284\">100-600M oder kundenspezifisch<\/td>\n<\/tr>\n<tr>\n<td width=\"284\">Farbe<\/td>\n<td width=\"284\">angepasst<\/td>\n<\/tr>\n<tr>\n<td width=\"284\">Logo-Druck<\/td>\n<td width=\"284\">angepasst<\/td>\n<\/tr>\n<\/tbody>\n<\/table>","protected":false},"excerpt":{"rendered":"<p>Art No.: WT07<\/p>\n<p>Dicke: 30micron-200micron( 0.03mm-0.20mm) oder kundenspezifisch<\/p>\n<p>\u00dcbliche Breite: 50mm, 75mm, 100mm, 150mm, 300mm oder kundenspezifisch<\/p>\n<p>L\u00e4nge: 100-600 m oder kundenspezifisch<\/p>\n<p>ST\u00dcCKZAHL: 500-1000 ROLLEN<\/p>","protected":false},"featured_media":12184,"template":"","meta":{"_acf_changed":false},"product_brand":[],"product_cat":[325,336],"product_tag":[],"class_list":{"0":"post-12183","1":"product","2":"type-product","3":"status-publish","4":"has-post-thumbnail","6":"product_cat-road-safety-products","7":"product_cat-pe-warning-tape-detectable-underground-warning-tape","9":"first","10":"instock","11":"shipping-taxable","12":"product-type-simple"},"acf":[],"_links":{"self":[{"href":"https:\/\/toprisesafety.com\/de\/wp-json\/wp\/v2\/product\/12183","targetHints":{"allow":["GET"]}}],"collection":[{"href":"https:\/\/toprisesafety.com\/de\/wp-json\/wp\/v2\/product"}],"about":[{"href":"https:\/\/toprisesafety.com\/de\/wp-json\/wp\/v2\/types\/product"}],"wp:featuredmedia":[{"embeddable":true,"href":"https:\/\/toprisesafety.com\/de\/wp-json\/wp\/v2\/media\/12184"}],"wp:attachment":[{"href":"https:\/\/toprisesafety.com\/de\/wp-json\/wp\/v2\/media?parent=12183"}],"wp:term":[{"taxonomy":"product_brand","embeddable":true,"href":"https:\/\/toprisesafety.com\/de\/wp-json\/wp\/v2\/product_brand?post=12183"},{"taxonomy":"product_cat","embeddable":true,"href":"https:\/\/toprisesafety.com\/de\/wp-json\/wp\/v2\/product_cat?post=12183"},{"taxonomy":"product_tag","embeddable":true,"href":"https:\/\/toprisesafety.com\/de\/wp-json\/wp\/v2\/product_tag?post=12183"}],"curies":[{"name":"wp","href":"https:\/\/api.w.org\/{rel}","templated":true}]}}