{"id":12175,"date":"2025-05-07T08:08:09","date_gmt":"2025-05-07T08:08:09","guid":{"rendered":"https:\/\/toprisesafety.com\/?post_type=product&#038;p=12175"},"modified":"2025-05-07T08:08:09","modified_gmt":"2025-05-07T08:08:09","slug":"custom-barricade-tape","status":"publish","type":"product","link":"https:\/\/toprisesafety.com\/de\/product\/custom-barricade-tape\/","title":{"rendered":"Kundenspezifisches Absperrband"},"content":{"rendered":"<h2>Kundenspezifisches Absperrband<\/h2>\n<p>Die Vorteile des LDPE-Warnbandes sind wie folgt<\/p>\n<ul>\n<li>Hohe Haltbarkeit: LDPE-Material hat eine hohe Haltbarkeit und Rei\u00dffestigkeit.<\/li>\n<li>Hohe Sichtbarkeit: Leuchtende Farben und Warnmuster k\u00f6nnen Menschen wirksam daran erinnern, auf ihre Sicherheit zu achten.<\/li>\n<li>Wasserbest\u00e4ndigkeit: Unempfindlich gegen\u00fcber Feuchtigkeit oder Eintauchen in Wasser, geeignet f\u00fcr den Einsatz in feuchten Umgebungen.<\/li>\n<li>Leicht und tragbar: Leicht im Gewicht, ist es bequem f\u00fcr Transport und Lagerung.<\/li>\n<li>Breite Anpassungsf\u00e4higkeit: Es kann in verschiedenen Umgebungen eingesetzt werden, z. B. auf Baustellen, bei Stra\u00dfensperrungen, in gef\u00e4hrlichen Bereichen, am Unfallort, im Bereich des Umgangs mit Chemikalien, im Verkehrsbaubereich<\/li>\n<\/ul>\n<p>TOPRISE widmet sich seit \u00fcber einem Jahrzehnt der Warnbandindustrie und ist auf die Herstellung von Warnb\u00e4ndern, Isolierb\u00e4ndern, unterirdischen PE-Warnb\u00e4ndern, Warnb\u00e4ndern mit Aluminiumfolie und anderen Produkten spezialisiert. Die Warnband-Serie umfasst unterirdische Warnb\u00e4nder f\u00fcr Gas, optische Kabel, Kabel, \u00d6lleitungen, Heizung, Leitungswasser usw. Allgemeine Isolationswarnb\u00e4nder, Sicherheitswarnb\u00e4nder, unterirdische detektierbare Warnb\u00e4nder aus Aluminiumfolie usw.<\/p>\n<table>\n<tbody>\n<tr>\n<td width=\"284\">ART NO.<\/td>\n<td width=\"284\">WT04<\/td>\n<\/tr>\n<tr>\n<td width=\"284\">Material<\/td>\n<td width=\"284\">LDPE<\/td>\n<\/tr>\n<tr>\n<td width=\"284\">Dicke<\/td>\n<td width=\"284\">30micron-200micron(0.03-0.20mm)or customized<\/td>\n<\/tr>\n<tr>\n<td width=\"284\">\u00dcbliche Breite<\/td>\n<td width=\"284\">50mm, 75mm, 100mm, 150mm, 300mm oder kundenspezifisch<\/td>\n<\/tr>\n<tr>\n<td width=\"284\">L\u00e4nge<\/td>\n<td width=\"284\">100-600M oder kundenspezifisch<\/td>\n<\/tr>\n<tr>\n<td width=\"284\">Farbe<\/td>\n<td width=\"284\">angepasst<\/td>\n<\/tr>\n<tr>\n<td width=\"284\">Logo-Druck<\/td>\n<td width=\"284\">angepasst<\/td>\n<\/tr>\n<\/tbody>\n<\/table>","protected":false},"excerpt":{"rendered":"<p>Art.Nr.: WT04<\/p>\n<p>Dicke: 30micron-200micron( 0.03mm-0.20mm) oder kundenspezifisch<\/p>\n<p>\u00dcbliche Breite: 50mm, 75mm, 100mm, 150mm, 300mm oder kundenspezifisch<\/p>\n<p>L\u00e4nge: 100-600 m oder kundenspezifisch<\/p>\n<p>ST\u00dcCKZAHL: 500-1000 ROLLEN<\/p>","protected":false},"featured_media":12176,"template":"","meta":{"_acf_changed":false},"product_brand":[],"product_cat":[325,336],"product_tag":[],"class_list":{"0":"post-12175","1":"product","2":"type-product","3":"status-publish","4":"has-post-thumbnail","6":"product_cat-road-safety-products","7":"product_cat-pe-warning-tape-detectable-underground-warning-tape","9":"first","10":"instock","11":"shipping-taxable","12":"product-type-simple"},"acf":[],"_links":{"self":[{"href":"https:\/\/toprisesafety.com\/de\/wp-json\/wp\/v2\/product\/12175"}],"collection":[{"href":"https:\/\/toprisesafety.com\/de\/wp-json\/wp\/v2\/product"}],"about":[{"href":"https:\/\/toprisesafety.com\/de\/wp-json\/wp\/v2\/types\/product"}],"wp:featuredmedia":[{"embeddable":true,"href":"https:\/\/toprisesafety.com\/de\/wp-json\/wp\/v2\/media\/12176"}],"wp:attachment":[{"href":"https:\/\/toprisesafety.com\/de\/wp-json\/wp\/v2\/media?parent=12175"}],"wp:term":[{"taxonomy":"product_brand","embeddable":true,"href":"https:\/\/toprisesafety.com\/de\/wp-json\/wp\/v2\/product_brand?post=12175"},{"taxonomy":"product_cat","embeddable":true,"href":"https:\/\/toprisesafety.com\/de\/wp-json\/wp\/v2\/product_cat?post=12175"},{"taxonomy":"product_tag","embeddable":true,"href":"https:\/\/toprisesafety.com\/de\/wp-json\/wp\/v2\/product_tag?post=12175"}],"curies":[{"name":"wp","href":"https:\/\/api.w.org\/{rel}","templated":true}]}}