{"id":12077,"date":"2025-04-29T07:21:19","date_gmt":"2025-04-29T07:21:19","guid":{"rendered":"https:\/\/toprisesafety.com\/?post_type=product&#038;p=12077"},"modified":"2025-05-06T07:52:48","modified_gmt":"2025-05-06T07:52:48","slug":"hi-vis-jacket","status":"publish","type":"product","link":"https:\/\/toprisesafety.com\/de\/product\/hi-vis-jacket\/","title":{"rendered":"Hi Vis Jacke"},"content":{"rendered":"<h2>Hi Vis Jacke<\/h2>\n<ul>\n<li>300D Oxford-Gewebe: Aus verschlei\u00dffestem und wasserdichtem Oxford-Gewebe hergestellt, bietet es der Jacke einen hervorragenden Schutz bei schlechtem Wetter und erh\u00f6ht die Haltbarkeit.<\/li>\n<li>160g Isolierschicht aus Seidenwatte: Sie enth\u00e4lt eine Schicht aus Seidenwatte, die eine zus\u00e4tzliche Isolierleistung bietet. Sie ist f\u00fcr den Einsatz in kalten Umgebungen geeignet und sorgt f\u00fcr Komfort und W\u00e4rme.<\/li>\n<li>5CM reflektierender Streifen mit hoher Helligkeit: Der reflektierende Streifen mit hoher Leuchtkraft sorgt f\u00fcr hervorragende Sichtbarkeit bei schlechten Lichtverh\u00e4ltnissen und erh\u00f6ht die Arbeitssicherheit.<\/li>\n<li>Zusammenklappbare M\u00fctze: Der Hut kann zur einfachen Aufbewahrung zusammengeklappt werden, was unn\u00f6tigen Ballast reduziert und die Trageflexibilit\u00e4t erh\u00f6ht.<\/li>\n<li>Saum mit elastischem Band: Der Saum kann mit elastischen B\u00e4ndern angepasst werden, um eine bessere Passform zu gew\u00e4hrleisten, das Eindringen von kaltem Wind zu verhindern und den W\u00e4rmer\u00fcckhalt zu verbessern.<\/li>\n<li>LOGO-Anpassung: Unterst\u00fctzt benutzerdefinierte Logos, um Markenpers\u00f6nlichkeit und Wiedererkennung zu verbessern.<\/li>\n<li>Ma\u00dfgeschneiderte Verpackungen: Wir bieten ma\u00dfgeschneiderte Verpackungen an, um die Bed\u00fcrfnisse unserer Kunden zu erf\u00fcllen und die Marktattraktivit\u00e4t unserer Produkte zu erh\u00f6hen.<\/li>\n<\/ul>\n<table>\n<tbody>\n<tr>\n<td width=\"284\">ART NO.<\/td>\n<td width=\"284\">SJ04<\/td>\n<\/tr>\n<tr>\n<td width=\"284\">Material des Stoffes<\/td>\n<td width=\"284\">300D Oxford mit PU-Beschichtung, innen 160 Gramm mercerisierte Baumwolle<\/td>\n<\/tr>\n<tr>\n<td width=\"284\">Reflektierendes Band<\/td>\n<td width=\"284\">5CM reflektierendes Band mit hoher Sichtbarkeit<\/td>\n<\/tr>\n<tr>\n<td width=\"284\">Farbe<\/td>\n<td width=\"284\">Fluoreszierend gelb\/orange-rot\/fluoreszierend gelb+marineblau oder individuell<\/td>\n<\/tr>\n<tr>\n<td width=\"284\">Logo<\/td>\n<td width=\"284\">Kundenlogo-Druck, Stickerei oder Logo-Etikett ist verf\u00fcgbar<\/td>\n<\/tr>\n<tr>\n<td width=\"284\">MOQ<\/td>\n<td width=\"284\">1000 STCK.<\/td>\n<\/tr>\n<tr>\n<td width=\"284\">Verpacken<\/td>\n<td width=\"284\">1PC\/OPP, 50PC\/CTN, Sonderverpackung nach Kundenwunsch<\/td>\n<\/tr>\n<\/tbody>\n<\/table>\n<p>TOPRISE unterst\u00fctzt verschiedene Arten von Sicherheitsjacken, reflektierenden T-Shirts und Sicherheitskapuzenpullis; klicken Sie hier, um <a href=\"https:\/\/toprisesafety.com\/de\/product-category\/road-safety-products\/warning-wear\/warning-jacket-t-shirt-hoodie\/\">weitere Modelle von Sicherheits-Arbeitskleidung ansehen.<\/a><\/p>\n<p>Wenn Sie die von Ihnen ben\u00f6tigte Sicherheitskleidung wie Sicherheitswesten, reflektierende T-Shirts, Sicherheitskapuzenpullover usw. nicht finden, <a href=\"https:\/\/toprisesafety.com\/de\/contact-us\/\">kontaktieren Sie uns;<\/a> wir unterst\u00fctzen spezielle Anpassungen.<\/p>","protected":false},"excerpt":{"rendered":"<p>Art.Nr.: SJ07<\/p>\n<p>Material: 300D Oxford mit PU-Beschichtung, innen 160 Gramm mercerisierte Baumwolle<\/p>\n<p>Gr\u00f6\u00dfe: S-XXXL oder individuell<\/p>\n<p>Reflektierendes Band: 5CM reflektierendes Band mit hoher Sichtbarkeit<\/p>\n<p>Farbe: Fluoreszierendes Gelb \/Orange-Rot\/ Fluoreszierendes Gelb + Marineblau oder individuell<\/p>\n<p>Logodruck: verf\u00fcgbar<\/p>\n<p>MOQ: 1000PCS<\/p>","protected":false},"featured_media":12078,"template":"","meta":{"_acf_changed":false},"product_brand":[],"product_cat":[339,325],"product_tag":[],"class_list":{"0":"post-12077","1":"product","2":"type-product","3":"status-publish","4":"has-post-thumbnail","6":"product_cat-warning-jacket-t-shirt-hoodie","7":"product_cat-road-safety-products","9":"first","10":"instock","11":"shipping-taxable","12":"product-type-simple"},"acf":[],"_links":{"self":[{"href":"https:\/\/toprisesafety.com\/de\/wp-json\/wp\/v2\/product\/12077"}],"collection":[{"href":"https:\/\/toprisesafety.com\/de\/wp-json\/wp\/v2\/product"}],"about":[{"href":"https:\/\/toprisesafety.com\/de\/wp-json\/wp\/v2\/types\/product"}],"wp:featuredmedia":[{"embeddable":true,"href":"https:\/\/toprisesafety.com\/de\/wp-json\/wp\/v2\/media\/12078"}],"wp:attachment":[{"href":"https:\/\/toprisesafety.com\/de\/wp-json\/wp\/v2\/media?parent=12077"}],"wp:term":[{"taxonomy":"product_brand","embeddable":true,"href":"https:\/\/toprisesafety.com\/de\/wp-json\/wp\/v2\/product_brand?post=12077"},{"taxonomy":"product_cat","embeddable":true,"href":"https:\/\/toprisesafety.com\/de\/wp-json\/wp\/v2\/product_cat?post=12077"},{"taxonomy":"product_tag","embeddable":true,"href":"https:\/\/toprisesafety.com\/de\/wp-json\/wp\/v2\/product_tag?post=12077"}],"curies":[{"name":"wp","href":"https:\/\/api.w.org\/{rel}","templated":true}]}}