{"id":12071,"date":"2025-04-29T07:15:29","date_gmt":"2025-04-29T07:15:29","guid":{"rendered":"https:\/\/toprisesafety.com\/?post_type=product&#038;p=12071"},"modified":"2025-05-06T07:53:12","modified_gmt":"2025-05-06T07:53:12","slug":"reflective-winter-jacket-2","status":"publish","type":"product","link":"https:\/\/toprisesafety.com\/de\/product\/reflective-winter-jacket-2\/","title":{"rendered":"Reflektierende Winterjacke"},"content":{"rendered":"<h2>Reflektierende Winterjacke<\/h2>\n<ul>\n<li>Vierseitig elastischer, reflektierender Fleecestoff: Die vierseitig elastische Konstruktion bietet mehr Komfort und Flexibilit\u00e4t bei der Bewegung. Das Fleece-Futter bleibt warm und eignet sich daher f\u00fcr den Einsatz in Umgebungen mit niedrigen Temperaturen.<\/li>\n<li>5CM reflektierender Streifen mit hoher Helligkeit: Der reflektierende Streifen mit hoher Leuchtkraft sorgt f\u00fcr Sichtbarkeit in schwach beleuchteten Umgebungen, erh\u00f6ht die Sicherheit und ist besonders f\u00fcr Nachtarbeit oder Aktivit\u00e4ten im Freien geeignet.<\/li>\n<li>Verstellbarer Kordelzug am Saum: Der Saum ist mit einem verstellbaren Kordelzug ausgestattet, der eine einfache Anpassung der Enge erm\u00f6glicht, um eine gute Passform zu gew\u00e4hrleisten und das Eindringen von kaltem Wind zu verhindern.<\/li>\n<li>Verstellbares B\u00fcndchen-Design: Das Manschettendesign kann in der Gr\u00f6\u00dfe verstellt werden, um es an verschiedene K\u00f6rpertypen anzupassen, und bietet einen bequemen Sitz sowie winddichten und warmen Schutz.<\/li>\n<li>LOGO-Anpassung: Wir unterst\u00fctzen die LOGO-Anpassung, um die Markenpersonalisierung zu verbessern und die Markenpr\u00e4senz zu erh\u00f6hen.<\/li>\n<li>Ma\u00dfgeschneiderte Verpackungen: Wir bieten ma\u00dfgeschneiderte Verpackungsdienstleistungen an, um die unterschiedlichen Bed\u00fcrfnisse der verschiedenen Kunden zu erf\u00fcllen und die Wettbewerbsf\u00e4higkeit und das Markenimage zu verbessern.<\/li>\n<\/ul>\n<table>\n<tbody>\n<tr>\n<td width=\"284\">ART NO.<\/td>\n<td width=\"284\">SJ05<\/td>\n<\/tr>\n<tr>\n<td width=\"284\">Material des Stoffes<\/td>\n<td width=\"284\">310g 75D Twill Vier-Seiten-Stretch-Verbundfleece<\/td>\n<\/tr>\n<tr>\n<td width=\"284\">Reflektierendes Band<\/td>\n<td width=\"284\">5CM reflektierendes Band mit hoher Sichtbarkeit<\/td>\n<\/tr>\n<tr>\n<td width=\"284\">Farbe<\/td>\n<td width=\"284\">Fluoreszierend gelb\/orange-rot\/fluoreszierend gelb+marineblau\/orange-rot+marineblau oder individuell<\/td>\n<\/tr>\n<tr>\n<td width=\"284\">Logo<\/td>\n<td width=\"284\">Kundenlogo-Druck, Stickerei oder Logo-Etikett ist verf\u00fcgbar<\/td>\n<\/tr>\n<tr>\n<td width=\"284\">MOQ<\/td>\n<td width=\"284\">1000 STCK.<\/td>\n<\/tr>\n<tr>\n<td width=\"284\">Verpacken<\/td>\n<td width=\"284\">1PC\/OPP, 20PC\/CTN, Sonderverpackung nach Kundenwunsch<\/td>\n<\/tr>\n<\/tbody>\n<\/table>\n<p>TOPRISE unterst\u00fctzt verschiedene Arten von Sicherheitsjacken, reflektierenden T-Shirts und Sicherheitskapuzenpullis; klicken Sie hier, um <a href=\"https:\/\/toprisesafety.com\/de\/product-category\/road-safety-products\/warning-wear\/warning-jacket-t-shirt-hoodie\/\">weitere Modelle von Sicherheits-Arbeitskleidung ansehen.<\/a><\/p>\n<p>Wenn Sie die von Ihnen ben\u00f6tigte Sicherheitskleidung wie Sicherheitswesten, reflektierende T-Shirts, Sicherheitskapuzenpullover usw. nicht finden, <a href=\"https:\/\/toprisesafety.com\/de\/contact-us\/\">kontaktieren Sie uns;<\/a> wir unterst\u00fctzen spezielle Anpassungen.<\/p>","protected":false},"excerpt":{"rendered":"<p>Art.Nr.: SJ06<\/p>\n<p>Material: 310g 75D Twill Vier-Seiten-Stretch-Verbundfleece<\/p>\n<p>Gr\u00f6\u00dfe: S-XXXL oder individuell<\/p>\n<p>Reflektierendes Band: 5CM reflektierendes Band mit hoher Sichtbarkeit<\/p>\n<p>Farbe: Fluoreszierendes Gelb \/Orange-Rot\/ Fluoreszierendes Gelb + Marineblau oder individuell<\/p>\n<p>Logodruck: verf\u00fcgbar<\/p>\n<p>MOQ: 1000PCS<\/p>","protected":false},"featured_media":12074,"template":"","meta":{"_acf_changed":false},"product_brand":[],"product_cat":[339,325],"product_tag":[],"class_list":{"0":"post-12071","1":"product","2":"type-product","3":"status-publish","4":"has-post-thumbnail","6":"product_cat-warning-jacket-t-shirt-hoodie","7":"product_cat-road-safety-products","9":"first","10":"instock","11":"shipping-taxable","12":"product-type-simple"},"acf":[],"_links":{"self":[{"href":"https:\/\/toprisesafety.com\/de\/wp-json\/wp\/v2\/product\/12071","targetHints":{"allow":["GET"]}}],"collection":[{"href":"https:\/\/toprisesafety.com\/de\/wp-json\/wp\/v2\/product"}],"about":[{"href":"https:\/\/toprisesafety.com\/de\/wp-json\/wp\/v2\/types\/product"}],"wp:featuredmedia":[{"embeddable":true,"href":"https:\/\/toprisesafety.com\/de\/wp-json\/wp\/v2\/media\/12074"}],"wp:attachment":[{"href":"https:\/\/toprisesafety.com\/de\/wp-json\/wp\/v2\/media?parent=12071"}],"wp:term":[{"taxonomy":"product_brand","embeddable":true,"href":"https:\/\/toprisesafety.com\/de\/wp-json\/wp\/v2\/product_brand?post=12071"},{"taxonomy":"product_cat","embeddable":true,"href":"https:\/\/toprisesafety.com\/de\/wp-json\/wp\/v2\/product_cat?post=12071"},{"taxonomy":"product_tag","embeddable":true,"href":"https:\/\/toprisesafety.com\/de\/wp-json\/wp\/v2\/product_tag?post=12071"}],"curies":[{"name":"wp","href":"https:\/\/api.w.org\/{rel}","templated":true}]}}