{"id":12065,"date":"2025-04-29T07:08:35","date_gmt":"2025-04-29T07:08:35","guid":{"rendered":"https:\/\/toprisesafety.com\/?post_type=product&#038;p=12065"},"modified":"2025-05-06T07:53:34","modified_gmt":"2025-05-06T07:53:34","slug":"7-in-1-cotton-detachable-reflective-jacket","status":"publish","type":"product","link":"https:\/\/toprisesafety.com\/de\/product\/7-in-1-cotton-detachable-reflective-jacket\/","title":{"rendered":"7-in-1-Baumwolljacke mit abnehmbaren Reflektoren"},"content":{"rendered":"<h2>7-in-1-Baumwolljacke mit abnehmbaren Reflektoren<\/h2>\n<ul>\n<li>Multifunktionales Design: Die \u00c4rmel sind abnehmbar, so dass sie leicht in eine Weste umgewandelt werden k\u00f6nnen, die sich an verschiedene Arbeitsumgebungen und saisonale Ver\u00e4nderungen anpasst und die Flexibilit\u00e4t erh\u00f6ht.<\/li>\n<li>Der Innentank ist herausnehmbar: Der Innentank ist abnehmbar, so dass es bequem, je nach Klima Temperatur und geeignet f\u00fcr verschiedene Wetterbedingungen anzupassen.<\/li>\n<li>Die Weste kann beidseitig getragen werden: Das Design der Weste erlaubt es, sie beidseitig zu tragen, was mehr Kombinationsm\u00f6glichkeiten bietet und ihre Multifunktionalit\u00e4t erh\u00f6ht.<\/li>\n<li>Reflektierende Streifen mit hoher Leuchtkraft: Reflektierende Streifen mit hoher Leuchtkraft sorgen f\u00fcr gute Sichtbarkeit bei Nacht und in schwach beleuchteten Umgebungen und erh\u00f6hen die Sicherheit bei der Arbeit.<\/li>\n<li>7-in-1-Funktionsjacke: Eine Jacke bietet sieben verschiedene Tragem\u00f6glichkeiten, die den unterschiedlichen Nutzungsbed\u00fcrfnissen und Wetterver\u00e4nderungen gerecht werden, und ist \u00e4u\u00dferst kosteng\u00fcnstig.<\/li>\n<li>LOGO-Anpassung: Unterst\u00fctzt die LOGO-Anpassung zur Verbesserung des Markenimages und zur Erf\u00fcllung individueller Anforderungen.<\/li>\n<li>Ma\u00dfgeschneiderte Verpackungen: Wir bieten kundenspezifische Verpackungen an, um die Attraktivit\u00e4t des Marktes und die Personalisierung der Produkte zu erh\u00f6hen und den Markenwert zu steigern.<\/li>\n<\/ul>\n<table>\n<tbody>\n<tr>\n<td width=\"284\">ART NO.<\/td>\n<td width=\"284\">SJ05<\/td>\n<\/tr>\n<tr>\n<td width=\"284\">Material des Stoffes<\/td>\n<td width=\"284\">Abnehmbare reflektierende 7-in-1-Baumwolljacke<\/td>\n<\/tr>\n<tr>\n<td width=\"284\">Reflektierendes Band<\/td>\n<td width=\"284\">5CM reflektierendes Band mit hoher Sichtbarkeit<\/td>\n<\/tr>\n<tr>\n<td width=\"284\">Farbe<\/td>\n<td width=\"284\">Fluoreszierend gelb\/orange-rot\/fluoreszierend gelb+marineblau\/orange-rot+marineblau oder individuell<\/td>\n<\/tr>\n<tr>\n<td width=\"284\">Logo<\/td>\n<td width=\"284\">Kundenlogo-Druck, Stickerei oder Logo-Etikett ist verf\u00fcgbar<\/td>\n<\/tr>\n<tr>\n<td width=\"284\">MOQ<\/td>\n<td width=\"284\">1000 STCK.<\/td>\n<\/tr>\n<tr>\n<td width=\"284\">Verpacken<\/td>\n<td width=\"284\">1PC\/OPP, 20PC\/CTN, Sonderverpackung nach Kundenwunsch<\/td>\n<\/tr>\n<\/tbody>\n<\/table>\n<p>TOPRISE unterst\u00fctzt verschiedene Arten von Sicherheitsjacken, reflektierenden T-Shirts und Sicherheitskapuzenpullis; klicken Sie hier, um <a href=\"https:\/\/toprisesafety.com\/de\/product-category\/road-safety-products\/warning-wear\/warning-jacket-t-shirt-hoodie\/\">weitere Modelle von Sicherheits-Arbeitskleidung ansehen.<\/a><\/p>\n<p>Wenn Sie die von Ihnen ben\u00f6tigte Sicherheitskleidung wie Sicherheitswesten, reflektierende T-Shirts, Sicherheitskapuzenpullover usw. nicht finden, <a href=\"https:\/\/toprisesafety.com\/de\/contact-us\/\">kontaktieren Sie uns;<\/a> wir unterst\u00fctzen spezielle Anpassungen.<\/p>","protected":false},"excerpt":{"rendered":"<p>Art.Nr.: SJ05<\/p>\n<p>Material: 300D Oxford mit PU-Beschichtung, innen 160 Gramm mercerisierte Baumwolle<\/p>\n<p>Gr\u00f6\u00dfe: S-XXXL oder individuell<\/p>\n<p>Reflektierendes Band: 5CM reflektierendes Band mit hoher Sichtbarkeit<\/p>\n<p>Farbe: Fluoreszierendes Gelb \/Orange-Rot\/ Fluoreszierendes Gelb + Marineblau oder individuell<\/p>\n<p>Logodruck: verf\u00fcgbar<\/p>\n<p>MOQ: 1000PCS<\/p>","protected":false},"featured_media":12066,"template":"","meta":{"_acf_changed":false},"product_brand":[],"product_cat":[339,325],"product_tag":[],"class_list":{"0":"post-12065","1":"product","2":"type-product","3":"status-publish","4":"has-post-thumbnail","6":"product_cat-warning-jacket-t-shirt-hoodie","7":"product_cat-road-safety-products","9":"first","10":"instock","11":"shipping-taxable","12":"product-type-simple"},"acf":[],"_links":{"self":[{"href":"https:\/\/toprisesafety.com\/de\/wp-json\/wp\/v2\/product\/12065","targetHints":{"allow":["GET"]}}],"collection":[{"href":"https:\/\/toprisesafety.com\/de\/wp-json\/wp\/v2\/product"}],"about":[{"href":"https:\/\/toprisesafety.com\/de\/wp-json\/wp\/v2\/types\/product"}],"wp:featuredmedia":[{"embeddable":true,"href":"https:\/\/toprisesafety.com\/de\/wp-json\/wp\/v2\/media\/12066"}],"wp:attachment":[{"href":"https:\/\/toprisesafety.com\/de\/wp-json\/wp\/v2\/media?parent=12065"}],"wp:term":[{"taxonomy":"product_brand","embeddable":true,"href":"https:\/\/toprisesafety.com\/de\/wp-json\/wp\/v2\/product_brand?post=12065"},{"taxonomy":"product_cat","embeddable":true,"href":"https:\/\/toprisesafety.com\/de\/wp-json\/wp\/v2\/product_cat?post=12065"},{"taxonomy":"product_tag","embeddable":true,"href":"https:\/\/toprisesafety.com\/de\/wp-json\/wp\/v2\/product_tag?post=12065"}],"curies":[{"name":"wp","href":"https:\/\/api.w.org\/{rel}","templated":true}]}}