{"id":12058,"date":"2025-04-29T06:59:06","date_gmt":"2025-04-29T06:59:06","guid":{"rendered":"https:\/\/toprisesafety.com\/?post_type=product&#038;p=12058"},"modified":"2025-05-06T07:53:58","modified_gmt":"2025-05-06T07:53:58","slug":"reflective-safety-jacket","status":"publish","type":"product","link":"https:\/\/toprisesafety.com\/de\/product\/reflective-safety-jacket\/","title":{"rendered":"Reflektierende Sicherheitsjacke"},"content":{"rendered":"<h2>Reflektierende Sicherheitsjacke<\/h2>\n<ul>\n<li>300D Oxford-Gewebe mit PU-Beschichtung: Die PU-Beschichtung aus verschlei\u00dffestem und wasserdichtem Oxford-Gewebe verbessert die Wind- und Wasserbest\u00e4ndigkeit, passt sich verschiedenen rauen Wetterbedingungen an und sorgt f\u00fcr Trockenheit und Komfort.<\/li>\n<li>Futter aus 160 g mercerisierter Baumwolle: Die mercerisierte Baumwolle ist weich und bequem, verbessert das Tragegef\u00fchl und h\u00e4lt gleichzeitig warm, geeignet f\u00fcr Umgebungen mit niedrigen Temperaturen.<\/li>\n<li>5CM reflektierender Streifen mit hoher Helligkeit: Der reflektierende Streifen mit hoher Leuchtkraft sorgt f\u00fcr Sichtbarkeit in der Nacht oder bei schlechten Lichtverh\u00e4ltnissen und erh\u00f6ht die Sicherheit.<\/li>\n<li>Color-Blocking-Design: Das modische Color-Blocking-Design verst\u00e4rkt den visuellen Effekt und sorgt f\u00fcr eine hohe Sichtbarkeit und einen hohen Wiedererkennungswert.<\/li>\n<li>LOGO-Anpassung: Unterst\u00fctzt die LOGO-Anpassung, um den Wiedererkennungswert der Marke zu erh\u00f6hen und individuelle Bed\u00fcrfnisse zu erf\u00fcllen.<\/li>\n<li>Die M\u00fctze kann im Stehkragen aufbewahrt werden, was praktisch f\u00fcr die Aufbewahrung ist und den Komfort erh\u00f6ht, da sie sich an unterschiedliche Wetterbedingungen anpasst.<\/li>\n<li>Elastische Taille: Das elastische Taillendesign am Saum sorgt f\u00fcr eine gute Passform und Komfort, passt sich verschiedenen K\u00f6rperformen an und verhindert das Eindringen von kaltem Wind.<\/li>\n<\/ul>\n<table>\n<tbody>\n<tr>\n<td width=\"284\">ART NO.<\/td>\n<td width=\"284\">SJ04<\/td>\n<\/tr>\n<tr>\n<td width=\"284\">Material des Stoffes<\/td>\n<td width=\"284\">300D Oxford mit PU-Beschichtung, innen 160 Gramm mercerisierte Baumwolle<\/td>\n<\/tr>\n<tr>\n<td width=\"284\">Reflektierendes Band<\/td>\n<td width=\"284\">5CM reflektierendes Band mit hoher Sichtbarkeit<\/td>\n<\/tr>\n<tr>\n<td width=\"284\">Farbe<\/td>\n<td width=\"284\">Fluoreszierend gelb\/orange-rot\/fluoreszierend gelb+marineblau oder individuell<\/td>\n<\/tr>\n<tr>\n<td width=\"284\">Logo<\/td>\n<td width=\"284\">Kundenlogo-Druck, Stickerei oder Logo-Etikett ist verf\u00fcgbar<\/td>\n<\/tr>\n<tr>\n<td width=\"284\">MOQ<\/td>\n<td width=\"284\">1000 STCK.<\/td>\n<\/tr>\n<tr>\n<td width=\"284\">Verpacken<\/td>\n<td width=\"284\">1PC\/OPP, 50PC\/CTN, Sonderverpackung nach Kundenwunsch<\/td>\n<\/tr>\n<\/tbody>\n<\/table>\n<p>TOPRISE unterst\u00fctzt verschiedene Arten von Sicherheitsjacken, reflektierenden T-Shirts und Sicherheitskapuzenpullis; klicken Sie hier, um <a href=\"https:\/\/toprisesafety.com\/de\/product-category\/road-safety-products\/warning-wear\/warning-jacket-t-shirt-hoodie\/\">weitere Modelle von Sicherheits-Arbeitskleidung ansehen.<\/a><\/p>\n<p>Wenn Sie die von Ihnen ben\u00f6tigte Sicherheitskleidung wie Sicherheitswesten, reflektierende T-Shirts, Sicherheitskapuzenpullover usw. nicht finden, <a href=\"https:\/\/toprisesafety.com\/de\/contact-us\/\">kontaktieren Sie uns;<\/a> wir unterst\u00fctzen spezielle Anpassungen.<\/p>","protected":false},"excerpt":{"rendered":"<p>Art.Nr.: SJ04<\/p>\n<p>Material: 300D Oxford mit PU-Beschichtung, innen 160 Gramm mercerisierte Baumwolle<\/p>\n<p>Gr\u00f6\u00dfe: S-XXXL oder individuell<\/p>\n<p>Reflektierendes Band: 5CM reflektierendes Band mit hoher Sichtbarkeit<\/p>\n<p>Farbe: Fluoreszierendes Gelb \/Orange-Rot\/ Fluoreszierendes Gelb + Marineblau oder individuell<\/p>\n<p>Logodruck: verf\u00fcgbar<\/p>\n<p>MOQ: 1000PCS<\/p>","protected":false},"featured_media":12064,"template":"","meta":{"_acf_changed":false},"product_brand":[],"product_cat":[339,325],"product_tag":[],"class_list":{"0":"post-12058","1":"product","2":"type-product","3":"status-publish","4":"has-post-thumbnail","6":"product_cat-warning-jacket-t-shirt-hoodie","7":"product_cat-road-safety-products","9":"first","10":"instock","11":"shipping-taxable","12":"product-type-simple"},"acf":[],"_links":{"self":[{"href":"https:\/\/toprisesafety.com\/de\/wp-json\/wp\/v2\/product\/12058","targetHints":{"allow":["GET"]}}],"collection":[{"href":"https:\/\/toprisesafety.com\/de\/wp-json\/wp\/v2\/product"}],"about":[{"href":"https:\/\/toprisesafety.com\/de\/wp-json\/wp\/v2\/types\/product"}],"wp:featuredmedia":[{"embeddable":true,"href":"https:\/\/toprisesafety.com\/de\/wp-json\/wp\/v2\/media\/12064"}],"wp:attachment":[{"href":"https:\/\/toprisesafety.com\/de\/wp-json\/wp\/v2\/media?parent=12058"}],"wp:term":[{"taxonomy":"product_brand","embeddable":true,"href":"https:\/\/toprisesafety.com\/de\/wp-json\/wp\/v2\/product_brand?post=12058"},{"taxonomy":"product_cat","embeddable":true,"href":"https:\/\/toprisesafety.com\/de\/wp-json\/wp\/v2\/product_cat?post=12058"},{"taxonomy":"product_tag","embeddable":true,"href":"https:\/\/toprisesafety.com\/de\/wp-json\/wp\/v2\/product_tag?post=12058"}],"curies":[{"name":"wp","href":"https:\/\/api.w.org\/{rel}","templated":true}]}}