{"id":12055,"date":"2025-04-29T06:44:46","date_gmt":"2025-04-29T06:44:46","guid":{"rendered":"https:\/\/toprisesafety.com\/?post_type=product&#038;p=12055"},"modified":"2025-05-06T07:54:27","modified_gmt":"2025-05-06T07:54:27","slug":"safety-reflective-shirts","status":"publish","type":"product","link":"https:\/\/toprisesafety.com\/de\/product\/safety-reflective-shirts\/","title":{"rendered":"Reflektierende Sicherheitsshirts"},"content":{"rendered":"<h2>Reflektierende Sicherheitsshirts<\/h2>\n<ul>\n<li>130 g\/qm 100% Polyester-Vogelaugengewebe: Aus hochwertigem 100%-Polyester-Vogelaugengewebe hergestellt, ist es atmungsaktiv und f\u00fcr langes Tragen geeignet.<\/li>\n<li>5CM reflektierender Streifen mit hoher Helligkeit: Der reflektierende Streifen mit hoher Leuchtkraft erh\u00f6ht die Sichtbarkeit und sorgt f\u00fcr Sicherheit bei schlechten Lichtverh\u00e4ltnissen.<\/li>\n<li>Brusttaschen-Design: Sie bietet ein praktisches Taschendesign f\u00fcr die bequeme Aufbewahrung von kleinen Gegenst\u00e4nden, was den Komfort erh\u00f6ht.<\/li>\n<li>LOGO-Anpassung: Unterst\u00fctzt benutzerdefinierte Logos zur Verbesserung der Markenerkennung und Personalisierung.<\/li>\n<li>Ma\u00dfgeschneiderte Verpackungen: Wir bieten ma\u00dfgeschneiderte Verpackungsdienstleistungen an, um die Bed\u00fcrfnisse unserer Kunden zu erf\u00fcllen und die Wettbewerbsf\u00e4higkeit auf dem Markt zu verbessern.<\/li>\n<\/ul>\n<table>\n<tbody>\n<tr>\n<td width=\"284\">ART NO.<\/td>\n<td width=\"284\">RT07<\/td>\n<\/tr>\n<tr>\n<td width=\"284\">Material des Stoffes<\/td>\n<td width=\"284\">100% Polyester, 130g\/qm<\/td>\n<\/tr>\n<tr>\n<td width=\"284\">Reflektierendes Band<\/td>\n<td width=\"284\">5CM reflektierendes Band mit hoher Sichtbarkeit<\/td>\n<\/tr>\n<tr>\n<td width=\"284\">Gewicht des Materials<\/td>\n<td width=\"284\">130g\/qm<\/td>\n<\/tr>\n<tr>\n<td width=\"284\">Farbe<\/td>\n<td width=\"284\">Fluoreszierendes Gelb oder kundenspezifisch<\/td>\n<\/tr>\n<tr>\n<td width=\"284\">Nacken<\/td>\n<td width=\"284\">Rundhalsausschnitt<\/td>\n<\/tr>\n<tr>\n<td width=\"284\">Logo<\/td>\n<td width=\"284\">Kundenlogo-Druck, Stickerei oder Logo-Etikett ist verf\u00fcgbar<\/td>\n<\/tr>\n<tr>\n<td width=\"284\">MOQ<\/td>\n<td width=\"284\">1000 STCK.<\/td>\n<\/tr>\n<tr>\n<td width=\"284\">Verpacken<\/td>\n<td width=\"284\">1PC\/OPP, 50PC\/CTN, Sonderverpackung nach Kundenwunsch<\/td>\n<\/tr>\n<\/tbody>\n<\/table>\n<p>TOPRISE unterst\u00fctzt verschiedene Arten von Sicherheitsjacken, reflektierenden T-Shirts und Sicherheitskapuzenpullis; klicken Sie hier, um <a href=\"https:\/\/toprisesafety.com\/de\/product-category\/road-safety-products\/warning-wear\/warning-jacket-t-shirt-hoodie\/\">weitere Modelle von Sicherheits-Arbeitskleidung ansehen.<\/a><\/p>\n<p>Wenn Sie die von Ihnen ben\u00f6tigte Sicherheitskleidung wie Sicherheitswesten, reflektierende T-Shirts, Sicherheitskapuzenpullover usw. nicht finden, <a href=\"https:\/\/toprisesafety.com\/de\/contact-us\/\">kontaktieren Sie uns;<\/a> wir unterst\u00fctzen spezielle Anpassungen.<\/p>","protected":false},"excerpt":{"rendered":"<p>Art.Nr.: RT07<\/p>\n<p>Material: 100%polyester,130g\/sqm<\/p>\n<p>Gr\u00f6\u00dfe: S-XXXL oder individuell<\/p>\n<p>Reflektierendes Band: 5CM reflektierendes Band mit hoher Sichtbarkeit<\/p>\n<p>Farbe: Fluoreszierendes Gelb oder kundenspezifisch<\/p>\n<p>Logodruck: verf\u00fcgbar<\/p>\n<p>MOQ: 1000PCS<\/p>","protected":false},"featured_media":12056,"template":"","meta":{"_acf_changed":false},"product_brand":[],"product_cat":[325,339],"product_tag":[],"class_list":{"0":"post-12055","1":"product","2":"type-product","3":"status-publish","4":"has-post-thumbnail","6":"product_cat-road-safety-products","7":"product_cat-warning-jacket-t-shirt-hoodie","9":"first","10":"instock","11":"shipping-taxable","12":"product-type-simple"},"acf":[],"_links":{"self":[{"href":"https:\/\/toprisesafety.com\/de\/wp-json\/wp\/v2\/product\/12055"}],"collection":[{"href":"https:\/\/toprisesafety.com\/de\/wp-json\/wp\/v2\/product"}],"about":[{"href":"https:\/\/toprisesafety.com\/de\/wp-json\/wp\/v2\/types\/product"}],"wp:featuredmedia":[{"embeddable":true,"href":"https:\/\/toprisesafety.com\/de\/wp-json\/wp\/v2\/media\/12056"}],"wp:attachment":[{"href":"https:\/\/toprisesafety.com\/de\/wp-json\/wp\/v2\/media?parent=12055"}],"wp:term":[{"taxonomy":"product_brand","embeddable":true,"href":"https:\/\/toprisesafety.com\/de\/wp-json\/wp\/v2\/product_brand?post=12055"},{"taxonomy":"product_cat","embeddable":true,"href":"https:\/\/toprisesafety.com\/de\/wp-json\/wp\/v2\/product_cat?post=12055"},{"taxonomy":"product_tag","embeddable":true,"href":"https:\/\/toprisesafety.com\/de\/wp-json\/wp\/v2\/product_tag?post=12055"}],"curies":[{"name":"wp","href":"https:\/\/api.w.org\/{rel}","templated":true}]}}