{"id":12043,"date":"2025-04-29T05:25:18","date_gmt":"2025-04-29T05:25:18","guid":{"rendered":"https:\/\/toprisesafety.com\/?post_type=product&#038;p=12043"},"modified":"2025-05-06T07:55:37","modified_gmt":"2025-05-06T07:55:37","slug":"high-visibility-work-t-shirt","status":"publish","type":"product","link":"https:\/\/toprisesafety.com\/de\/product\/high-visibility-work-t-shirt\/","title":{"rendered":"Arbeits-T-Shirt mit hoher Sichtbarkeit"},"content":{"rendered":"<h2>Arbeits-T-Shirt mit hoher Sichtbarkeit<\/h2>\n<ul>\n<li>Atmungsaktives Design mit Rundhalsausschnitt: Bequemer Rundhalsausschnitt, hergestellt aus atmungsaktivem Vogelaugengewebe, geeignet f\u00fcr langes Tragen und k\u00fchl halten.<\/li>\n<li>Reflektierende Streifen mit hoher Sichtbarkeit: Reflektierende Streifen bieten hervorragende Sichtbarkeit und erh\u00f6hen die Sicherheit bei Nacht oder in schwach beleuchteten Umgebungen.<\/li>\n<li>Warnkleidung f\u00fcr das Baugewerbe: Speziell f\u00fcr das Baugewerbe entwickelt, erf\u00fcllt sie die Sicherheitsanforderungen der Industrie.<\/li>\n<li>Farbkombination oder einfarbiges Design: Wir bieten Farbkombinationen und einfarbige Designs an, um den Bed\u00fcrfnissen der verschiedenen Kunden gerecht zu werden.<\/li>\n<li>Brusttaschen-Design: Das praktische Taschendesign erleichtert die Aufbewahrung kleiner Gegenst\u00e4nde und erh\u00f6ht die Praktikabilit\u00e4t.<\/li>\n<li>LOGO-Anpassung: Unterst\u00fctzt benutzerdefinierte Logos, um Markenpers\u00f6nlichkeit und Wiedererkennung zu verbessern.<\/li>\n<li>Ma\u00dfgeschneiderte Verpackungen: Wir bieten ma\u00dfgeschneiderte Verpackungsdienstleistungen an, um die individuellen Anforderungen der Kunden zu erf\u00fcllen und die Wettbewerbsf\u00e4higkeit auf dem Markt zu verbessern.<\/li>\n<\/ul>\n<table>\n<tbody>\n<tr>\n<td width=\"284\">ART NO.<\/td>\n<td width=\"284\">RT05<\/td>\n<\/tr>\n<tr>\n<td width=\"284\">Material des Stoffes<\/td>\n<td width=\"284\">100% Polyester, 130g\/qm<\/td>\n<\/tr>\n<tr>\n<td width=\"284\">Reflektierendes Band<\/td>\n<td width=\"284\">5CM reflektierendes Band mit hoher Sichtbarkeit<\/td>\n<\/tr>\n<tr>\n<td width=\"284\">Gewicht des Materials<\/td>\n<td width=\"284\">130g\/qm<\/td>\n<\/tr>\n<tr>\n<td width=\"284\">Farbe<\/td>\n<td width=\"284\">Fluoreszierendes Gelb+Schwarz, fluoreszierendes Orange+Schwarz, schwarze Farbe oder kundenspezifisch<\/td>\n<\/tr>\n<tr>\n<td width=\"284\">Nacken<\/td>\n<td width=\"284\">Rundhalsausschnitt<\/td>\n<\/tr>\n<tr>\n<td width=\"284\">Logo<\/td>\n<td width=\"284\">Kundenlogo-Druck, Stickerei oder Logo-Etikett ist verf\u00fcgbar<\/td>\n<\/tr>\n<tr>\n<td width=\"284\">MOQ<\/td>\n<td width=\"284\">1000 STCK.<\/td>\n<\/tr>\n<tr>\n<td width=\"284\">Verpacken<\/td>\n<td width=\"284\">1PC\/OPP, 50PC\/CTN, Sonderverpackung nach Kundenwunsch<\/td>\n<\/tr>\n<\/tbody>\n<\/table>\n<p>TOPRISE unterst\u00fctzt verschiedene Arten von Sicherheitsjacken, reflektierenden T-Shirts und Sicherheitskapuzenpullis; klicken Sie hier, um <a href=\"https:\/\/toprisesafety.com\/de\/product-category\/road-safety-products\/warning-wear\/warning-jacket-t-shirt-hoodie\/\">weitere Modelle von Sicherheits-Arbeitskleidung ansehen.<\/a><\/p>\n<p>Wenn Sie die von Ihnen ben\u00f6tigte Sicherheitskleidung wie Sicherheitswesten, reflektierende T-Shirts, Sicherheitskapuzenpullover usw. nicht finden, <a href=\"https:\/\/toprisesafety.com\/de\/contact-us\/\">kontaktieren Sie uns;<\/a> wir unterst\u00fctzen spezielle Anpassungen.<\/p>","protected":false},"excerpt":{"rendered":"<p>Art.Nr.: RT05<\/p>\n<p>Material: 100%polyester,130g\/sqm<\/p>\n<p>Gr\u00f6\u00dfe: S-XXXL oder individuell<\/p>\n<p>Reflektierendes Band: 5CM reflektierendes Band mit hoher Sichtbarkeit<\/p>\n<p>Farbe: Fluoreszierendes Gelb+Schwarz\/Fluoreszierendes Orange + Schwarz\/Schwarz<\/p>\n<p>Logodruck: verf\u00fcgbar<\/p>\n<p>MOQ: 1000PCS<\/p>","protected":false},"featured_media":12045,"template":"","meta":{"_acf_changed":false},"product_brand":[],"product_cat":[325,339,338],"product_tag":[],"class_list":{"0":"post-12043","1":"product","2":"type-product","3":"status-publish","4":"has-post-thumbnail","6":"product_cat-road-safety-products","7":"product_cat-warning-jacket-t-shirt-hoodie","8":"product_cat-warning-wear","10":"first","11":"instock","12":"shipping-taxable","13":"product-type-simple"},"acf":[],"_links":{"self":[{"href":"https:\/\/toprisesafety.com\/de\/wp-json\/wp\/v2\/product\/12043"}],"collection":[{"href":"https:\/\/toprisesafety.com\/de\/wp-json\/wp\/v2\/product"}],"about":[{"href":"https:\/\/toprisesafety.com\/de\/wp-json\/wp\/v2\/types\/product"}],"wp:featuredmedia":[{"embeddable":true,"href":"https:\/\/toprisesafety.com\/de\/wp-json\/wp\/v2\/media\/12045"}],"wp:attachment":[{"href":"https:\/\/toprisesafety.com\/de\/wp-json\/wp\/v2\/media?parent=12043"}],"wp:term":[{"taxonomy":"product_brand","embeddable":true,"href":"https:\/\/toprisesafety.com\/de\/wp-json\/wp\/v2\/product_brand?post=12043"},{"taxonomy":"product_cat","embeddable":true,"href":"https:\/\/toprisesafety.com\/de\/wp-json\/wp\/v2\/product_cat?post=12043"},{"taxonomy":"product_tag","embeddable":true,"href":"https:\/\/toprisesafety.com\/de\/wp-json\/wp\/v2\/product_tag?post=12043"}],"curies":[{"name":"wp","href":"https:\/\/api.w.org\/{rel}","templated":true}]}}