{"id":12037,"date":"2025-04-29T05:17:19","date_gmt":"2025-04-29T05:17:19","guid":{"rendered":"https:\/\/toprisesafety.com\/?post_type=product&#038;p=12037"},"modified":"2025-05-06T07:55:59","modified_gmt":"2025-05-06T07:55:59","slug":"high-vis-long-sleeve-t-shirts","status":"publish","type":"product","link":"https:\/\/toprisesafety.com\/de\/product\/high-vis-long-sleeve-t-shirts\/","title":{"rendered":"Lang\u00e4rmelige T-Shirts mit hoher Sichtbarkeit"},"content":{"rendered":"<h2>Lang\u00e4rmelige T-Shirts mit hoher Sichtbarkeit<\/h2>\n<ul>\n<li>130g Vogelaugengewebe: Aus hochwertigem Vogelaugengewebe hergestellt, ist es sehr atmungsaktiv und eignet sich f\u00fcr langes Tragen, um den Komfort zu erhalten.<\/li>\n<li>Material: Vollpolyester: Strapazierf\u00e4hig und leicht zu reinigen, so dass es auch nach l\u00e4ngerem Gebrauch in gutem Zustand bleibt.<\/li>\n<li>5CM reflektierender Streifen mit hoher Helligkeit: Die hohe Helligkeit reflektierende Streifen Design bietet hervorragende Sichtbarkeit und verbessert die Sicherheit in der Nacht.<\/li>\n<li>Lang\u00e4rmeliges Design: Geeignet f\u00fcr kaltes Wetter, bietet umfassenderen Schutz.<\/li>\n<li>LOGO-Anpassung: Unterst\u00fctzt die LOGO-Anpassung zur Verbesserung des Markenimages und zur Erf\u00fcllung individueller Anforderungen.<\/li>\n<li>Ma\u00dfgeschneiderte Verpackungen: Wir bieten ma\u00dfgeschneiderte Verpackungsdienstleistungen an, um den Anforderungen der verschiedenen M\u00e4rkte und Kunden gerecht zu werden und unsere Wettbewerbsf\u00e4higkeit zu steigern.<\/li>\n<\/ul>\n<table>\n<tbody>\n<tr>\n<td width=\"284\">ART NO.<\/td>\n<td width=\"284\">RT04<\/td>\n<\/tr>\n<tr>\n<td width=\"284\">Material des Stoffes<\/td>\n<td width=\"284\">100% Polyester, 130g\/qm<\/td>\n<\/tr>\n<tr>\n<td width=\"284\">Reflektierendes Band<\/td>\n<td width=\"284\">5CM reflektierendes Band mit hoher Sichtbarkeit<\/td>\n<\/tr>\n<tr>\n<td width=\"284\">Gewicht des Materials<\/td>\n<td width=\"284\">130g\/qm<\/td>\n<\/tr>\n<tr>\n<td width=\"284\">Farbe<\/td>\n<td width=\"284\">Fluoreszierend gelb, schwarz, orange-rot<\/td>\n<\/tr>\n<tr>\n<td width=\"284\">Nacken<\/td>\n<td width=\"284\">Rundhalsausschnitt<\/td>\n<\/tr>\n<tr>\n<td width=\"284\">Logo<\/td>\n<td width=\"284\">Kundenlogo-Druck, Stickerei oder Logo-Etikett ist verf\u00fcgbar<\/td>\n<\/tr>\n<tr>\n<td width=\"284\">MOQ<\/td>\n<td width=\"284\">1000 STCK.<\/td>\n<\/tr>\n<tr>\n<td width=\"284\">Verpacken<\/td>\n<td width=\"284\">1PC\/OPP, 50PC\/CTN, Sonderverpackung nach Kundenwunsch<\/td>\n<\/tr>\n<\/tbody>\n<\/table>\n<p>TOPRISE unterst\u00fctzt verschiedene Arten von Sicherheitsjacken, reflektierenden T-Shirts und Sicherheitskapuzenpullis; klicken Sie hier, um <a href=\"https:\/\/toprisesafety.com\/de\/product-category\/road-safety-products\/warning-wear\/warning-jacket-t-shirt-hoodie\/\">weitere Modelle von Sicherheits-Arbeitskleidung ansehen.<\/a><\/p>\n<p>Wenn Sie die von Ihnen ben\u00f6tigte Sicherheitskleidung wie Sicherheitswesten, reflektierende T-Shirts, Sicherheitskapuzenpullover usw. nicht finden, <a href=\"https:\/\/toprisesafety.com\/de\/contact-us\/\">kontaktieren Sie uns;<\/a> wir unterst\u00fctzen spezielle Anpassungen.<\/p>","protected":false},"excerpt":{"rendered":"<p>Art.Nr.: RT04<\/p>\n<p>Material: 100%polyester,130g\/sqm<\/p>\n<p>Gr\u00f6\u00dfe: S-XXXL oder individuell<\/p>\n<p>Reflektierendes Band: 5CM reflektierendes Band mit hoher Sichtbarkeit<\/p>\n<p>Farbe: Fluoreszierend gelb\/orange-rot\/schwarz<\/p>\n<p>Logodruck: verf\u00fcgbar<\/p>\n<p>MOQ: 1000PCS<\/p>","protected":false},"featured_media":12040,"template":"","meta":{"_acf_changed":false},"product_brand":[],"product_cat":[325,339,338],"product_tag":[],"class_list":{"0":"post-12037","1":"product","2":"type-product","3":"status-publish","4":"has-post-thumbnail","6":"product_cat-road-safety-products","7":"product_cat-warning-jacket-t-shirt-hoodie","8":"product_cat-warning-wear","10":"first","11":"instock","12":"shipping-taxable","13":"product-type-simple"},"acf":[],"_links":{"self":[{"href":"https:\/\/toprisesafety.com\/de\/wp-json\/wp\/v2\/product\/12037"}],"collection":[{"href":"https:\/\/toprisesafety.com\/de\/wp-json\/wp\/v2\/product"}],"about":[{"href":"https:\/\/toprisesafety.com\/de\/wp-json\/wp\/v2\/types\/product"}],"wp:featuredmedia":[{"embeddable":true,"href":"https:\/\/toprisesafety.com\/de\/wp-json\/wp\/v2\/media\/12040"}],"wp:attachment":[{"href":"https:\/\/toprisesafety.com\/de\/wp-json\/wp\/v2\/media?parent=12037"}],"wp:term":[{"taxonomy":"product_brand","embeddable":true,"href":"https:\/\/toprisesafety.com\/de\/wp-json\/wp\/v2\/product_brand?post=12037"},{"taxonomy":"product_cat","embeddable":true,"href":"https:\/\/toprisesafety.com\/de\/wp-json\/wp\/v2\/product_cat?post=12037"},{"taxonomy":"product_tag","embeddable":true,"href":"https:\/\/toprisesafety.com\/de\/wp-json\/wp\/v2\/product_tag?post=12037"}],"curies":[{"name":"wp","href":"https:\/\/api.w.org\/{rel}","templated":true}]}}