{"id":12017,"date":"2025-04-28T07:12:16","date_gmt":"2025-04-28T07:12:16","guid":{"rendered":"https:\/\/toprisesafety.com\/?post_type=product&#038;p=12017"},"modified":"2025-05-06T07:25:17","modified_gmt":"2025-05-06T07:25:17","slug":"safety-vest-with-led","status":"publish","type":"product","link":"https:\/\/toprisesafety.com\/de\/product\/safety-vest-with-led\/","title":{"rendered":"Sicherheitsweste mit Led"},"content":{"rendered":"<p>Sicherheitsweste mit Led<\/p>\n<ul>\n<li>Multifunktionales, verstellbares Reflektorband: Geeignet f\u00fcr alle K\u00f6rperformen, Taillenumfang und Schulterh\u00f6he k\u00f6nnen eingestellt werden, um eine bequeme Passform zu gew\u00e4hrleisten.<\/li>\n<li>LED-Licht und USB-Aufladung: Eingebautes LED-Licht, unterst\u00fctzt USB-Ladung, umweltfreundlich und energiesparend, geeignet f\u00fcr den Nachtbetrieb.<\/li>\n<li>F\u00fcnf Farben und drei Modi: Sie bietet drei Modi - konstantes Licht, langsames Blinken und schnelles Blinken - um in verschiedenen Umgebungen eine hohe Sichtbarkeit zu gew\u00e4hrleisten.<\/li>\n<li>Verstellbereich: Taillenumfang 64-105 cm, Schulterh\u00f6he 33-46 cm, geeignet f\u00fcr verschiedene K\u00f6rpertypen und zur Erf\u00fcllung individueller Bed\u00fcrfnisse.<\/li>\n<li>Erh\u00f6hte Sicherheit: Die Kombination aus reflektierenden Streifen und LED-Leuchten sorgt f\u00fcr hohe Sichtbarkeit w\u00e4hrend des ganzen Tages und erh\u00f6ht die Sicherheit bei Aktivit\u00e4ten im Freien.<\/li>\n<\/ul>\n<table>\n<tbody>\n<tr>\n<td width=\"284\">Art Nr.<\/td>\n<td width=\"284\">SV18<\/td>\n<\/tr>\n<tr>\n<td width=\"284\">Material des Stoffes<\/td>\n<td width=\"284\">4CM elastisches Band, 1,5CM reflektierendes Band mit hoher Sichtbarkeit<\/td>\n<\/tr>\n<tr>\n<td width=\"284\">Reflektierendes Band<\/td>\n<td width=\"284\">1,5 cm reflektierendes Band mit hoher Sichtbarkeit<\/td>\n<\/tr>\n<tr>\n<td width=\"284\">Reflektierendes Bandmaterial<\/td>\n<td width=\"284\">Silbernes T\/C-Band<\/td>\n<\/tr>\n<tr>\n<td width=\"284\">Farbe<\/td>\n<td width=\"284\">Fluoreszierend gelb\/geen\/orange-rot\/marineblau\/rosa<\/p>\n<p>&nbsp;<\/td>\n<\/tr>\n<tr>\n<td width=\"284\">Funktion<\/td>\n<td width=\"284\">Usb-Steuerung, 5 Farben LED-Leuchten, 3 Modelle: st\u00e4ndig an, langsam blinkend, schnell blinkend.<\/td>\n<\/tr>\n<tr>\n<td width=\"284\">Qualit\u00e4tsstandard<\/td>\n<td width=\"284\">CE EN471, KLASSE 2<\/td>\n<\/tr>\n<tr>\n<td width=\"284\">Logo<\/td>\n<td width=\"284\">Kundenlogo ist verf\u00fcgbar<\/td>\n<\/tr>\n<tr>\n<td width=\"284\">MOQ<\/td>\n<td width=\"284\">1000 STCK.<\/td>\n<\/tr>\n<tr>\n<td width=\"284\">Verpacken<\/td>\n<td width=\"284\">1PC\/OPP, 100PC\/CTN, Sonderverpackung nach Kundenwunsch<\/td>\n<\/tr>\n<\/tbody>\n<\/table>\n<p>TOPRISE unterst\u00fctzt verschiedene Arten der Anpassung von Sicherheitswesten; klicken Sie hier, um <a href=\"https:\/\/toprisesafety.com\/de\/product-category\/road-safety-products\/warning-wear\/warning-vest-sun-shade\/\">weitere Modelle von Sicherheitswesten ansehen.<\/a><\/p>\n<p>Wenn Sie die erforderlichen Sicherheitswesten nicht finden,<a href=\"https:\/\/toprisesafety.com\/de\/contact-us\/\"> kontaktieren Sie uns;<\/a> wir unterst\u00fctzen spezielle Anpassungen.<\/p>","protected":false},"excerpt":{"rendered":"<p>Art.Nr.: SV18<\/p>\n<p>Material: 4 CM elastisches Band, 1,5CM hochsichtbares reflektierendes Band<\/p>\n<p>Gr\u00f6\u00dfe: freie Gr\u00f6\u00dfe, einstellbar<\/p>\n<p>Farbe: Fluoreszierendes Gelb\/Gr\u00fcn\/Orange-Rot\/Marineblau\/Rosa<\/p>\n<p>Logo: Unterst\u00fctzung nach Ma\u00df<\/p>\n<p>Funktion: usb-Steuerung, 5 Farben LED-Leuchten, 3 Modelle: st\u00e4ndig an, langsam blinkend, schnell blinkend<\/p>\n<p>MOQ: 1000 STK.<\/p>","protected":false},"featured_media":12026,"template":"","meta":{"_acf_changed":false},"product_brand":[],"product_cat":[325,341],"product_tag":[],"class_list":{"0":"post-12017","1":"product","2":"type-product","3":"status-publish","4":"has-post-thumbnail","6":"product_cat-road-safety-products","7":"product_cat-warning-vest-sun-shade","9":"first","10":"instock","11":"shipping-taxable","12":"product-type-simple"},"acf":[],"_links":{"self":[{"href":"https:\/\/toprisesafety.com\/de\/wp-json\/wp\/v2\/product\/12017"}],"collection":[{"href":"https:\/\/toprisesafety.com\/de\/wp-json\/wp\/v2\/product"}],"about":[{"href":"https:\/\/toprisesafety.com\/de\/wp-json\/wp\/v2\/types\/product"}],"wp:featuredmedia":[{"embeddable":true,"href":"https:\/\/toprisesafety.com\/de\/wp-json\/wp\/v2\/media\/12026"}],"wp:attachment":[{"href":"https:\/\/toprisesafety.com\/de\/wp-json\/wp\/v2\/media?parent=12017"}],"wp:term":[{"taxonomy":"product_brand","embeddable":true,"href":"https:\/\/toprisesafety.com\/de\/wp-json\/wp\/v2\/product_brand?post=12017"},{"taxonomy":"product_cat","embeddable":true,"href":"https:\/\/toprisesafety.com\/de\/wp-json\/wp\/v2\/product_cat?post=12017"},{"taxonomy":"product_tag","embeddable":true,"href":"https:\/\/toprisesafety.com\/de\/wp-json\/wp\/v2\/product_tag?post=12017"}],"curies":[{"name":"wp","href":"https:\/\/api.w.org\/{rel}","templated":true}]}}