{"id":12007,"date":"2025-04-28T07:01:39","date_gmt":"2025-04-28T07:01:39","guid":{"rendered":"https:\/\/toprisesafety.com\/?post_type=product&#038;p=12007"},"modified":"2025-05-06T07:25:51","modified_gmt":"2025-05-06T07:25:51","slug":"kids-hi-vis-safety-vest","status":"publish","type":"product","link":"https:\/\/toprisesafety.com\/de\/product\/kids-hi-vis-safety-vest\/","title":{"rendered":"Kinder Hi Vis Sicherheitsweste"},"content":{"rendered":"<h2>Kinder Hi Vis Sicherheitsweste<\/h2>\n<ul>\n<li>Reflektierende Weste f\u00fcr Kinder mit hoher Leuchtkraft: Speziell f\u00fcr Kinder entwickelt, bietet sie eine h\u00f6here Nachtsichtbarkeit und sorgt f\u00fcr die Sicherheit der Kinder bei schlechten Lichtverh\u00e4ltnissen.<\/li>\n<li>120g gewirktes Stoffmaterial: Hergestellt aus hochwertigem Kettengewirke, ist es leicht und bequem, geeignet f\u00fcr Kinder f\u00fcr eine lange Zeit zu tragen.<\/li>\n<li>LOGO-Anpassung: Unterst\u00fctzt benutzerdefinierte Logos, um das Markenimage zu verbessern und eine pers\u00f6nliche Note zu verleihen.<\/li>\n<li>Ma\u00dfgeschneiderte Verpackungen: Wir bieten kundenspezifische Verpackungen an, um die verschiedenen Marktanforderungen zu erf\u00fcllen und die Attraktivit\u00e4t der Produkte zu steigern.<\/li>\n<li>Hochwertige reflektierende Streifen: Reflektierende Streifen mit hoher Leuchtkraft verbessern die Sichtbarkeit und sorgen f\u00fcr die Sicherheit der Kinder im Stra\u00dfenverkehr.<\/li>\n<\/ul>\n<table>\n<tbody>\n<tr>\n<td width=\"284\">Art Nr.<\/td>\n<td width=\"284\">SV16<\/td>\n<\/tr>\n<tr>\n<td width=\"284\">Material des Stoffes<\/td>\n<td width=\"284\">100%polyester ,120g\/qm oder kundenspezifisch<\/td>\n<\/tr>\n<tr>\n<td width=\"284\">Reflektierendes Band<\/td>\n<td width=\"284\">Normale Sichtbarkeit, hohe Sichtbarkeit<\/td>\n<\/tr>\n<tr>\n<td width=\"284\">Reflektierendes Bandmaterial<\/td>\n<td width=\"284\">Silbernes T\/C-Band, PVC-Gitter, 3M-Band usw.<\/td>\n<\/tr>\n<tr>\n<td width=\"284\">Gewicht des Materials<\/td>\n<td width=\"284\">120g\/qm, 50-140G\/SQM zur Auswahl.<\/td>\n<\/tr>\n<tr>\n<td width=\"284\">Gr\u00f6\u00dfe<\/td>\n<td width=\"284\">36*50CM oder kundenspezifisch<\/td>\n<\/tr>\n<tr>\n<td width=\"284\">Farbe<\/td>\n<td width=\"284\">Fluoreszierend gelb, fluoreszierend gr\u00fcn, orange-rot<\/td>\n<\/tr>\n<tr>\n<td width=\"284\">Qualit\u00e4tsstandard<\/td>\n<td width=\"284\">CE EN471, KLASSE 2<\/td>\n<\/tr>\n<tr>\n<td width=\"284\">Logo<\/td>\n<td width=\"284\">Kundenlogodruck oder Stickerei oder reflektierendes Logo oder Logoetikett ist verf\u00fcgbar<\/td>\n<\/tr>\n<tr>\n<td width=\"284\">MOQ<\/td>\n<td width=\"284\">1000 STCK.<\/td>\n<\/tr>\n<tr>\n<td width=\"284\">Verpacken<\/td>\n<td width=\"284\">1PC\/OPP, 100PC\/CTN, Sonderverpackung nach Kundenwunsch<\/td>\n<\/tr>\n<\/tbody>\n<\/table>\n<p>TOPRISE unterst\u00fctzt verschiedene Arten der Anpassung von Sicherheitswesten; klicken Sie hier, um <a href=\"https:\/\/toprisesafety.com\/de\/product-category\/road-safety-products\/warning-wear\/warning-vest-sun-shade\/\">weitere Modelle von Sicherheitswesten ansehen.<\/a><\/p>\n<p>Wenn Sie die erforderlichen Sicherheitswesten nicht finden,<a href=\"https:\/\/toprisesafety.com\/de\/contact-us\/\"> kontaktieren Sie uns;<\/a> wir unterst\u00fctzen spezielle Anpassungen.<\/p>","protected":false},"excerpt":{"rendered":"<p>Art.Nr.: SV16<\/p>\n<p>Material: 100%polyester,120g\/qm oder kundenspezifisch.<\/p>\n<p>Gr\u00f6\u00dfe: 36*50CM oder individuell<\/p>\n<p>Farbe: Fluoreszierend gelb\/gr\u00fcn\/orange-rot oder individuell<\/p>\n<p>Logo: Unterst\u00fctzung nach Ma\u00df<\/p>\n<p>MOQ: 1000 STK.<\/p>","protected":false},"featured_media":12009,"template":"","meta":{"_acf_changed":false},"product_brand":[],"product_cat":[341,325,338],"product_tag":[],"class_list":{"0":"post-12007","1":"product","2":"type-product","3":"status-publish","4":"has-post-thumbnail","6":"product_cat-warning-vest-sun-shade","7":"product_cat-road-safety-products","8":"product_cat-warning-wear","10":"first","11":"instock","12":"shipping-taxable","13":"product-type-simple"},"acf":[],"_links":{"self":[{"href":"https:\/\/toprisesafety.com\/de\/wp-json\/wp\/v2\/product\/12007","targetHints":{"allow":["GET"]}}],"collection":[{"href":"https:\/\/toprisesafety.com\/de\/wp-json\/wp\/v2\/product"}],"about":[{"href":"https:\/\/toprisesafety.com\/de\/wp-json\/wp\/v2\/types\/product"}],"wp:featuredmedia":[{"embeddable":true,"href":"https:\/\/toprisesafety.com\/de\/wp-json\/wp\/v2\/media\/12009"}],"wp:attachment":[{"href":"https:\/\/toprisesafety.com\/de\/wp-json\/wp\/v2\/media?parent=12007"}],"wp:term":[{"taxonomy":"product_brand","embeddable":true,"href":"https:\/\/toprisesafety.com\/de\/wp-json\/wp\/v2\/product_brand?post=12007"},{"taxonomy":"product_cat","embeddable":true,"href":"https:\/\/toprisesafety.com\/de\/wp-json\/wp\/v2\/product_cat?post=12007"},{"taxonomy":"product_tag","embeddable":true,"href":"https:\/\/toprisesafety.com\/de\/wp-json\/wp\/v2\/product_tag?post=12007"}],"curies":[{"name":"wp","href":"https:\/\/api.w.org\/{rel}","templated":true}]}}