{"id":11989,"date":"2025-04-28T06:43:46","date_gmt":"2025-04-28T06:43:46","guid":{"rendered":"https:\/\/toprisesafety.com\/?post_type=product&#038;p=11989"},"modified":"2025-05-06T07:26:30","modified_gmt":"2025-05-06T07:26:30","slug":"adjustable-high-visibility-safety-vest","status":"publish","type":"product","link":"https:\/\/toprisesafety.com\/de\/product\/adjustable-high-visibility-safety-vest\/","title":{"rendered":"Einstellbare Sicherheitsweste mit hoher Sichtbarkeit"},"content":{"rendered":"<h2>Einstellbare Sicherheitsweste mit hoher Sichtbarkeit<\/h2>\n<ul>\n<li>Reflektierende Hochtemperatur-Hei\u00dfpr\u00e4gefolie: Sorgt f\u00fcr hohe Helligkeit und Reflexion bei Nacht und erh\u00f6ht die Sicherheit in schwach beleuchteten Umgebungen.<\/li>\n<li>Verstellbare Schultergurte: Die Schultergurte sind verstellbar, um sich verschiedenen K\u00f6rperformen anzupassen und einen bequemen und festen Sitz zu gew\u00e4hrleisten.<\/li>\n<li>Verstellbarer G\u00fcrtel: Der G\u00fcrtel ist verstellbar, um verschiedenen Bed\u00fcrfnissen gerecht zu werden und die Flexibilit\u00e4t beim Tragen zu erh\u00f6hen.<\/li>\n<li>Breiter Anwendungsbereich: Geeignet f\u00fcr verschiedene Szenarien wie Laufen, Radfahren und Sanit\u00e4rarbeiten, mit starker Vielseitigkeit.<\/li>\n<li>Schnallen-Design: Einfaches An- und Ausziehen, spart Zeit und verbessert die Effizienz.<\/li>\n<li>Unterst\u00fctzung des LOGO-Drucks: Es sind anpassbare Logos verf\u00fcgbar, um die Markenpr\u00e4senz zu erh\u00f6hen und die Personalisierung zu verbessern.<\/li>\n<\/ul>\n<table>\n<tbody>\n<tr>\n<td width=\"284\">Art Nr.<\/td>\n<td width=\"284\">SV13<\/td>\n<\/tr>\n<tr>\n<td width=\"284\">Material des Stoffes<\/td>\n<td width=\"284\">4-5CM elastisches Band, 1,5cm reflektierendes Band mit hoher Sichtbarkeit<\/td>\n<\/tr>\n<tr>\n<td width=\"284\">Reflektierendes Band<\/td>\n<td width=\"284\">1,5 cm reflektierendes Band mit hoher Sichtbarkeit<\/td>\n<\/tr>\n<tr>\n<td width=\"284\">Reflektierendes Bandmaterial<\/td>\n<td width=\"284\">Silbernes T\/C-Band<\/td>\n<\/tr>\n<tr>\n<td width=\"284\">Farbe<\/td>\n<td width=\"284\">Fluoreszierend gelb\/gr\u00fcn\/orange-rot\/lila\/marineblau\/hellblau\/rot<\/td>\n<\/tr>\n<tr>\n<td width=\"284\">Qualit\u00e4tsstandard<\/td>\n<td width=\"284\">CE EN471, KLASSE 2<\/td>\n<\/tr>\n<tr>\n<td width=\"284\">Logo<\/td>\n<td width=\"284\">Kundenlogo ist verf\u00fcgbar<\/td>\n<\/tr>\n<tr>\n<td width=\"284\">MOQ<\/td>\n<td width=\"284\">1000 STCK.<\/td>\n<\/tr>\n<tr>\n<td width=\"284\">Verpacken<\/td>\n<td width=\"284\">1PC\/OPP, 100PC\/CTN, Sonderverpackung nach Kundenwunsch<\/td>\n<\/tr>\n<\/tbody>\n<\/table>\n<p>TOPRISE unterst\u00fctzt verschiedene Arten der Anpassung von Sicherheitswesten; klicken Sie hier, um <a href=\"https:\/\/toprisesafety.com\/de\/product-category\/road-safety-products\/warning-wear\/warning-vest-sun-shade\/\">weitere Modelle von Sicherheitswesten ansehen.<\/a><\/p>\n<p>Wenn Sie die erforderlichen Sicherheitswesten nicht finden,<a href=\"https:\/\/toprisesafety.com\/de\/contact-us\/\"> kontaktieren Sie uns;<\/a> wir unterst\u00fctzen spezielle Anpassungen.<\/p>","protected":false},"excerpt":{"rendered":"<p>Art-Nr.: SV13<\/p>\n<p>Material: 4-5CM elastisches Band, 1,5cm reflektierendes Band mit hoher Sichtbarkeit<\/p>\n<p>Gr\u00f6\u00dfe: freie Gr\u00f6\u00dfe, einstellbar<\/p>\n<p>Farbe: Fluoreszierendes Gelb\/Gr\u00fcn\/Orange-Rot\/Lila\/Marineblau\/Hellblau\/Rot<\/p>\n<p>Logo: Unterst\u00fctzung nach Ma\u00df<\/p>\n<p>MOQ: 1000 STK.<\/p>","protected":false},"featured_media":11998,"template":"","meta":{"_acf_changed":false},"product_brand":[],"product_cat":[325,341],"product_tag":[],"class_list":{"0":"post-11989","1":"product","2":"type-product","3":"status-publish","4":"has-post-thumbnail","6":"product_cat-road-safety-products","7":"product_cat-warning-vest-sun-shade","9":"first","10":"instock","11":"shipping-taxable","12":"product-type-simple"},"acf":[],"_links":{"self":[{"href":"https:\/\/toprisesafety.com\/de\/wp-json\/wp\/v2\/product\/11989"}],"collection":[{"href":"https:\/\/toprisesafety.com\/de\/wp-json\/wp\/v2\/product"}],"about":[{"href":"https:\/\/toprisesafety.com\/de\/wp-json\/wp\/v2\/types\/product"}],"wp:featuredmedia":[{"embeddable":true,"href":"https:\/\/toprisesafety.com\/de\/wp-json\/wp\/v2\/media\/11998"}],"wp:attachment":[{"href":"https:\/\/toprisesafety.com\/de\/wp-json\/wp\/v2\/media?parent=11989"}],"wp:term":[{"taxonomy":"product_brand","embeddable":true,"href":"https:\/\/toprisesafety.com\/de\/wp-json\/wp\/v2\/product_brand?post=11989"},{"taxonomy":"product_cat","embeddable":true,"href":"https:\/\/toprisesafety.com\/de\/wp-json\/wp\/v2\/product_cat?post=11989"},{"taxonomy":"product_tag","embeddable":true,"href":"https:\/\/toprisesafety.com\/de\/wp-json\/wp\/v2\/product_tag?post=11989"}],"curies":[{"name":"wp","href":"https:\/\/api.w.org\/{rel}","templated":true}]}}