{"id":11987,"date":"2025-04-28T06:36:55","date_gmt":"2025-04-28T06:36:55","guid":{"rendered":"https:\/\/toprisesafety.com\/?post_type=product&#038;p=11987"},"modified":"2025-05-06T07:26:44","modified_gmt":"2025-05-06T07:26:44","slug":"police-reflective-safety-vest","status":"publish","type":"product","link":"https:\/\/toprisesafety.com\/de\/product\/police-reflective-safety-vest\/","title":{"rendered":"Reflektierende Sicherheitsweste der Polizei"},"content":{"rendered":"<h2>Reflektierende Sicherheitsweste der Polizei<\/h2>\n<ul>\n<li>Multifunktionale Taschen: Ausgestattet mit verschiedenen Taschen, ist es bequem zu speichern Werkzeuge, Zertifikate und andere Gegenst\u00e4nde, die Verbesserung der Arbeitseffizienz.<\/li>\n<li>Walkie-Talkie-Tasche: Speziell f\u00fcr die Aufbewahrung von Walkie-Talkies entwickelt, ist es bequem f\u00fcr die Kommunikation jederzeit und sorgt f\u00fcr die Arbeit Koordination.<\/li>\n<li>Dreidimensionales gro\u00dfes Fach: Bietet mehr Stauraum, eignet sich f\u00fcr den Transport gro\u00dfer Gegenst\u00e4nde und erh\u00f6ht die Praktikabilit\u00e4t.<\/li>\n<li>Ausweistasche: Ein speziell entwickeltes Ausweisfach sorgt f\u00fcr eine einfache Identit\u00e4tspr\u00fcfung.<\/li>\n<li>Reflektierende Streifen mit hoher Leuchtkraft: Verbessern die Nachtsichtbarkeit und bieten Schutz bei jedem Wetter.<\/li>\n<li>Reflektierende Weste mit Farbblockierung: Einzigartiges Farbblock-Design erh\u00f6ht den visuellen Effekt und verbessert das Image von Polizeibeamten.<\/li>\n<li>Kundenspezifisches LOGO und Verpackung: Wir unterst\u00fctzen unsere Kunden bei der Festlegung von Logos und Verpackungen, um individuelle Anforderungen zu erf\u00fcllen.<\/li>\n<\/ul>\n<table>\n<tbody>\n<tr>\n<td width=\"284\">Art Nr.<\/td>\n<td width=\"284\">SV12<\/td>\n<\/tr>\n<tr>\n<td width=\"284\">Material des Stoffes<\/td>\n<td width=\"284\">100%polyester-Strick fluoreszierendem Gewebe oder Mesh-Gewebe zur Auswahl.<\/td>\n<\/tr>\n<tr>\n<td width=\"284\">Reflektierendes Band<\/td>\n<td width=\"284\">Normale Sichtbarkeit, hohe Sichtbarkeit<\/td>\n<\/tr>\n<tr>\n<td width=\"284\">Reflektierendes Bandmaterial<\/td>\n<td width=\"284\">Silbernes T\/C-Band, PVC-Gitter, 3M-Band usw.<\/td>\n<\/tr>\n<tr>\n<td width=\"284\">Gewicht des Materials<\/td>\n<td width=\"284\">120g\/qm, 50-140G\/SQM zur Auswahl.<\/td>\n<\/tr>\n<tr>\n<td width=\"284\">Farbe<\/td>\n<td width=\"284\">Fluoreszierend gelb, fluoreszierend gr\u00fcn, orange-rot<\/td>\n<\/tr>\n<tr>\n<td width=\"284\">Fliege oben<\/td>\n<td width=\"284\">Rei\u00dfverschluss, Klettverschluss zur Auswahl.<\/td>\n<\/tr>\n<tr>\n<td width=\"284\">Tasche<\/td>\n<td width=\"284\">Mehrere dreidimensionale Taschen<\/td>\n<\/tr>\n<tr>\n<td width=\"284\">Qualit\u00e4tsstandard<\/td>\n<td width=\"284\">CE EN471, KLASSE 2<\/td>\n<\/tr>\n<tr>\n<td width=\"284\">Logo<\/td>\n<td width=\"284\">Kundenlogodruck oder Stickerei oder reflektierendes Logo oder Logoetikett ist verf\u00fcgbar<\/td>\n<\/tr>\n<tr>\n<td width=\"284\">MOQ<\/td>\n<td width=\"284\">1000 STCK.<\/td>\n<\/tr>\n<tr>\n<td width=\"284\">Verpacken<\/td>\n<td width=\"284\">1PC\/OPP, 100PC\/CTN, Sonderverpackung nach Kundenwunsch<\/td>\n<\/tr>\n<\/tbody>\n<\/table>\n<p>TOPRISE unterst\u00fctzt verschiedene Arten der Anpassung von Sicherheitswesten; klicken Sie hier, um <a href=\"https:\/\/toprisesafety.com\/de\/product-category\/road-safety-products\/warning-wear\/warning-vest-sun-shade\/\">weitere Modelle von Sicherheitswesten ansehen.<\/a><\/p>\n<p>Wenn Sie die erforderlichen Sicherheitswesten nicht finden,<a href=\"https:\/\/toprisesafety.com\/de\/contact-us\/\"> kontaktieren Sie uns;<\/a> wir unterst\u00fctzen spezielle Anpassungen.<\/p>","protected":false},"excerpt":{"rendered":"<p>Art-Nr.: SV12<\/p>\n<p>Material: 100%polyester,120g\/qm oder kundenspezifisch.<\/p>\n<p>Gr\u00f6\u00dfe: S-XXXL oder individuell<\/p>\n<p>Farbe: Fluoreszierendes Gelb\/Gr\u00fcn\/Orange-Rot<\/p>\n<p>Logo: Unterst\u00fctzung nach Ma\u00df<\/p>\n<p>MOQ: 1000 STK.<\/p>","protected":false},"featured_media":11988,"template":"","meta":{"_acf_changed":false},"product_brand":[],"product_cat":[325,341],"product_tag":[],"class_list":{"0":"post-11987","1":"product","2":"type-product","3":"status-publish","4":"has-post-thumbnail","6":"product_cat-road-safety-products","7":"product_cat-warning-vest-sun-shade","9":"first","10":"instock","11":"shipping-taxable","12":"product-type-simple"},"acf":[],"_links":{"self":[{"href":"https:\/\/toprisesafety.com\/de\/wp-json\/wp\/v2\/product\/11987"}],"collection":[{"href":"https:\/\/toprisesafety.com\/de\/wp-json\/wp\/v2\/product"}],"about":[{"href":"https:\/\/toprisesafety.com\/de\/wp-json\/wp\/v2\/types\/product"}],"wp:featuredmedia":[{"embeddable":true,"href":"https:\/\/toprisesafety.com\/de\/wp-json\/wp\/v2\/media\/11988"}],"wp:attachment":[{"href":"https:\/\/toprisesafety.com\/de\/wp-json\/wp\/v2\/media?parent=11987"}],"wp:term":[{"taxonomy":"product_brand","embeddable":true,"href":"https:\/\/toprisesafety.com\/de\/wp-json\/wp\/v2\/product_brand?post=11987"},{"taxonomy":"product_cat","embeddable":true,"href":"https:\/\/toprisesafety.com\/de\/wp-json\/wp\/v2\/product_cat?post=11987"},{"taxonomy":"product_tag","embeddable":true,"href":"https:\/\/toprisesafety.com\/de\/wp-json\/wp\/v2\/product_tag?post=11987"}],"curies":[{"name":"wp","href":"https:\/\/api.w.org\/{rel}","templated":true}]}}