{"id":11946,"date":"2025-04-17T08:05:37","date_gmt":"2025-04-17T08:05:37","guid":{"rendered":"https:\/\/toprisesafety.com\/?post_type=product&#038;p=11946"},"modified":"2025-05-06T08:12:45","modified_gmt":"2025-05-06T08:12:45","slug":"chemical-respirator-mask","status":"publish","type":"product","link":"https:\/\/toprisesafety.com\/de\/product\/chemical-respirator-mask\/","title":{"rendered":"Atemschutzmaske f\u00fcr Chemikalien"},"content":{"rendered":"<h2>Atemschutzmaske f\u00fcr Chemikalien<\/h2>\n<ul>\n<li>Aktivkohle-Filterbox: Adsorbiert wirksam organische Gase in geringer Konzentration und sch\u00fctzt die Atemwege vor sch\u00e4dlichen Gasen.<\/li>\n<li>Breite Anwendung: Er eignet sich f\u00fcr Arbeiten wie Spritzlackierung, Elektroschwei\u00dfen und Pestizideinsatz und gew\u00e4hrleistet einen sicheren Betrieb in Umgebungen mit sch\u00e4dlichen Gasen.<\/li>\n<li>Hohe Temperaturbest\u00e4ndigkeit: Besonders geeignet f\u00fcr niedrig konzentrierte organische Gase mit einem Siedepunkt \u00fcber 65 Grad, die wirksam vor hohen Temperaturen sch\u00fctzen.<\/li>\n<li>Bequemes Tragen: Das Design ist ergonomisch, bietet ein angenehmes Tragegef\u00fchl und eignet sich f\u00fcr den langfristigen Gebrauch.<\/li>\n<\/ul>\n<table>\n<tbody>\n<tr>\n<td width=\"284\">ART NO.<\/td>\n<td width=\"284\">DM08<\/td>\n<\/tr>\n<tr>\n<td width=\"284\">Stil<\/td>\n<td width=\"284\">Doppelte Patrone<\/td>\n<\/tr>\n<tr>\n<td width=\"284\">Material<\/td>\n<td width=\"284\">Weicher Silikonrahmen<\/td>\n<\/tr>\n<tr>\n<td width=\"284\">Kartusche<\/td>\n<td width=\"284\">Aktivkohle, wird f\u00fcr niedrig konzentrierte organische Gase mit einem Siedepunkt \u00fcber 65 Grad verwendet<\/td>\n<\/tr>\n<tr>\n<td width=\"284\">Auswechselbare Patrone<\/td>\n<td width=\"284\">Ja<\/td>\n<\/tr>\n<tr>\n<td width=\"284\">Verpacken<\/td>\n<td width=\"284\">Farbkasten oder kundenspezifisch<\/td>\n<\/tr>\n<tr>\n<td width=\"284\">Jedes Set enth\u00e4lt die folgenden Artikel<\/td>\n<td width=\"284\">Ein Maskenk\u00f6rper, zwei Filtermatten, zwei Filterboxen, zwei Filterboxabdeckungen<\/td>\n<\/tr>\n<tr>\n<td width=\"284\">Anwendungsbereiche<\/td>\n<td width=\"284\">Streichen, Schwei\u00dfen und Spr\u00fchen von Pestiziden<\/td>\n<\/tr>\n<\/tbody>\n<\/table>\n<p>&nbsp;<\/p>","protected":false},"excerpt":{"rendered":"<p>Art.Nr. : DM08<\/p>\n<p>Material: PVC-Schale K\u00f6rper<\/p>\n<p>Patrone: Chemische Kartusche mit<\/p>\n<p>MOQ: 1000PCS<\/p>","protected":false},"featured_media":11947,"template":"","meta":{"_acf_changed":false},"product_brand":[],"product_cat":[351,352],"product_tag":[],"class_list":{"0":"post-11946","1":"product","2":"type-product","3":"status-publish","4":"has-post-thumbnail","6":"product_cat-respiratory-protection","7":"product_cat-dust-mask-chemical-mask","9":"first","10":"instock","11":"shipping-taxable","12":"product-type-simple"},"acf":[],"_links":{"self":[{"href":"https:\/\/toprisesafety.com\/de\/wp-json\/wp\/v2\/product\/11946"}],"collection":[{"href":"https:\/\/toprisesafety.com\/de\/wp-json\/wp\/v2\/product"}],"about":[{"href":"https:\/\/toprisesafety.com\/de\/wp-json\/wp\/v2\/types\/product"}],"wp:featuredmedia":[{"embeddable":true,"href":"https:\/\/toprisesafety.com\/de\/wp-json\/wp\/v2\/media\/11947"}],"wp:attachment":[{"href":"https:\/\/toprisesafety.com\/de\/wp-json\/wp\/v2\/media?parent=11946"}],"wp:term":[{"taxonomy":"product_brand","embeddable":true,"href":"https:\/\/toprisesafety.com\/de\/wp-json\/wp\/v2\/product_brand?post=11946"},{"taxonomy":"product_cat","embeddable":true,"href":"https:\/\/toprisesafety.com\/de\/wp-json\/wp\/v2\/product_cat?post=11946"},{"taxonomy":"product_tag","embeddable":true,"href":"https:\/\/toprisesafety.com\/de\/wp-json\/wp\/v2\/product_tag?post=11946"}],"curies":[{"name":"wp","href":"https:\/\/api.w.org\/{rel}","templated":true}]}}