{"id":11938,"date":"2025-04-17T07:57:13","date_gmt":"2025-04-17T07:57:13","guid":{"rendered":"https:\/\/toprisesafety.com\/?post_type=product&#038;p=11938"},"modified":"2025-05-06T07:27:49","modified_gmt":"2025-05-06T07:27:49","slug":"full-face-mask","status":"publish","type":"product","link":"https:\/\/toprisesafety.com\/de\/product\/full-face-mask\/","title":{"rendered":"Vollgesichtsmaske"},"content":{"rendered":"<h2>Vollgesichtsmaske<\/h2>\n<p>Wir haben derzeit das englische Paket von Nr. 3 chemischen Patronen und eine umfassende Patrone, die die Funktionen von Nr. 1\/3\/4\/7 haben.<\/p>\n<p>&nbsp;<\/p>\n<ul>\n<li>Umfassender Schutz: Mit seinem Vollgesichtsdesign bietet er einen gr\u00f6\u00dferen Gesichtsschutzbereich und stellt sicher, dass Augen, Nase und Mund vor sch\u00e4dlichen Gasen, Staub und Chemikalien gesch\u00fctzt sind.<\/li>\n<li>Komfort: Die Maske besteht aus TPE-Material, das weich ist und eine ausgezeichnete Dichtungsleistung aufweist, wodurch sie bequemer zu tragen ist und nach l\u00e4ngerem Gebrauch weniger Beschwerden verursachen kann.<\/li>\n<li>Starke Haltbarkeit: Der Rahmen ist aus robustem und langlebigem Material gefertigt.<\/li>\n<li>Kundenspezifisches LOGO und Verpackung: unterst\u00fctzt kundenspezifisches Logo und Verpackung.<\/li>\n<li>Multifunktionale Anwendung: Weit verbreitet in Arbeitsumgebungen wie Chemietechnik, Lackiererei, Schleiferei und Laboratorien, kann es sich an verschiedene komplexe industrielle Anforderungen anpassen.<\/li>\n<li>Doppeltes Filterelement-System: Die Maske ist beidseitig mit PC-Polycarbonat-Filterelementen ausgestattet, die Schadstoffe effektiv herausfiltern und die Sicherheit der Atemwege gew\u00e4hrleisten k\u00f6nnen.<\/li>\n<\/ul>\n<table>\n<tbody>\n<tr>\n<td width=\"284\">ART NO.<\/td>\n<td width=\"365\">6800<\/td>\n<\/tr>\n<tr>\n<td width=\"284\">Stil<\/td>\n<td width=\"365\">Doppelte Patrone<\/td>\n<\/tr>\n<tr>\n<td width=\"284\">Material<\/td>\n<td width=\"365\">Rahmen: ABS, Nase und Mundschutz: TPE, Gesichtsschirm: PC<\/td>\n<\/tr>\n<tr>\n<td width=\"284\">Funktion<\/td>\n<td width=\"365\">Organische Gase und D\u00e4mpfe, Benzol und seine Homologe, Chlor, Alkohole, Aniline, Schwefelkohlenstoff, Aceton, Tetrachlorkohlenstoff, Trichlormethan, Chlormethan, Methylbromid, usw.<\/p>\n<p>&nbsp;<\/td>\n<\/tr>\n<tr>\n<td width=\"284\">Auswechselbare Patrone<\/td>\n<td width=\"365\">Ja<\/td>\n<\/tr>\n<tr>\n<td width=\"284\">Verpacken<\/td>\n<td width=\"365\">Farbkasten oder kundenspezifisch<\/td>\n<\/tr>\n<tr>\n<td width=\"284\">Jedes Set enth\u00e4lt die folgenden Artikel<\/td>\n<td width=\"365\">Ein Maskenk\u00f6rper, zwei Filtermatten, zwei Filterboxen, zwei Filterboxabdeckungen<\/td>\n<\/tr>\n<tr>\n<td width=\"284\">Anwendungsbereiche<\/td>\n<td width=\"365\">Es ist vielseitig einsetzbar, z. B. in der Spritzlackierung, in der Chemietechnik, in Labors, bei Graffiti usw.<\/td>\n<\/tr>\n<\/tbody>\n<\/table>\n<table>\n<tbody>\n<tr>\n<td width=\"137\"><strong><b>Unterschiedliche chemische Kartuschen zur Auswahl<\/b><\/strong><\/td>\n<td width=\"514\"><strong><b>Funktionen<\/b><\/strong><\/td>\n<\/tr>\n<tr>\n<td width=\"137\">NR. 1<\/td>\n<td width=\"514\">Anorganische Gase oder D\u00e4mpfe: Blaus\u00e4ure, Cyanidchlorid, Chlorgas, usw.<\/td>\n<\/tr>\n<tr>\n<td width=\"137\">NR. 3<\/td>\n<td width=\"514\">Organische Gase und D\u00e4mpfe: Benzol und seine Homologe, Chlor, Alkohole, Aniline, Schwefelkohlenstoff, Aceton, Tetrachlorkohlenstoff, Trichlormethan, Bromotan, Chlormethan, Nitroalkan, Dichlormethan, Chlorethan, Cycloethan, Phenylethan, Trichlorethan, Phenol, usw.<\/td>\n<\/tr>\n<tr>\n<td width=\"137\">NR. 4<\/td>\n<td width=\"514\">Ammoniak und seine organischen Derivate, Schwefelwasserstoff<\/td>\n<\/tr>\n<tr>\n<td width=\"137\">NR. 7<\/td>\n<td width=\"514\">Schwefeldioxid und s\u00e4urehaltige Gase und D\u00e4mpfe<\/td>\n<\/tr>\n<tr>\n<td width=\"137\">NR. 8<\/td>\n<td width=\"514\">geschwefelter Wasserstoff<\/td>\n<\/tr>\n<\/tbody>\n<\/table>\n<p>TOPRISE unterst\u00fctzt verschiedene Arten der Anpassung von Sicherheitswesten; klicken Sie hier, um <a href=\"https:\/\/toprisesafety.com\/de\/product-category\/road-safety-products\/warning-wear\/warning-vest-sun-shade\/\">weitere Modelle von Sicherheitswesten ansehen.<\/a><\/p>\n<p>Wenn Sie die erforderlichen Sicherheitswesten nicht finden,<a href=\"https:\/\/toprisesafety.com\/de\/contact-us\/\"> kontaktieren Sie uns;<\/a> wir unterst\u00fctzen spezielle Anpassungen.<\/p>","protected":false},"excerpt":{"rendered":"<p>Art Nr. : 6800<\/p>\n<p>Material: Rahmen: ABS, Nase und Mundschutz: TPE, Gesichtsschirm: PC<\/p>\n<p>Patrone: Chemische Kartusche mit<\/p>\n<p>MOQ: 500PCS<\/p>","protected":false},"featured_media":11941,"template":"","meta":{"_acf_changed":false},"product_brand":[],"product_cat":[351,352],"product_tag":[],"class_list":{"0":"post-11938","1":"product","2":"type-product","3":"status-publish","4":"has-post-thumbnail","6":"product_cat-respiratory-protection","7":"product_cat-dust-mask-chemical-mask","9":"first","10":"instock","11":"shipping-taxable","12":"product-type-simple"},"acf":[],"_links":{"self":[{"href":"https:\/\/toprisesafety.com\/de\/wp-json\/wp\/v2\/product\/11938"}],"collection":[{"href":"https:\/\/toprisesafety.com\/de\/wp-json\/wp\/v2\/product"}],"about":[{"href":"https:\/\/toprisesafety.com\/de\/wp-json\/wp\/v2\/types\/product"}],"wp:featuredmedia":[{"embeddable":true,"href":"https:\/\/toprisesafety.com\/de\/wp-json\/wp\/v2\/media\/11941"}],"wp:attachment":[{"href":"https:\/\/toprisesafety.com\/de\/wp-json\/wp\/v2\/media?parent=11938"}],"wp:term":[{"taxonomy":"product_brand","embeddable":true,"href":"https:\/\/toprisesafety.com\/de\/wp-json\/wp\/v2\/product_brand?post=11938"},{"taxonomy":"product_cat","embeddable":true,"href":"https:\/\/toprisesafety.com\/de\/wp-json\/wp\/v2\/product_cat?post=11938"},{"taxonomy":"product_tag","embeddable":true,"href":"https:\/\/toprisesafety.com\/de\/wp-json\/wp\/v2\/product_tag?post=11938"}],"curies":[{"name":"wp","href":"https:\/\/api.w.org\/{rel}","templated":true}]}}