{"id":11894,"date":"2025-04-14T08:09:55","date_gmt":"2025-04-14T08:09:55","guid":{"rendered":"https:\/\/toprisesafety.com\/?post_type=product&#038;p=11894"},"modified":"2025-04-15T06:06:56","modified_gmt":"2025-04-15T06:06:56","slug":"safety-harness-with-lanyard","status":"publish","type":"product","link":"https:\/\/toprisesafety.com\/de\/product\/safety-harness-with-lanyard\/","title":{"rendered":"Sicherheitsgeschirr mit Lanyard"},"content":{"rendered":"<h2>Sicherheitsgeschirr mit Lanyard<\/h2>\n<ul>\n<li>Hochfestes Polyestermaterial: Langlebig und zuverl\u00e4ssig sicher.<\/li>\n<li>Elastisches Sicherheitsseil: Erh\u00f6ht die Flexibilit\u00e4t und reduziert Zugst\u00f6\u00dfe w\u00e4hrend des Betriebs.<\/li>\n<li>Optionales Pufferpaket: mildert wirksam die Auswirkungen von St\u00fcrzen und erh\u00f6ht die Sicherheit.<\/li>\n<li>Wahlweise mit Einzel- oder Doppelhaken: Flexible Auswahl je nach Bedarf zur Anpassung an unterschiedliche Arbeitsszenarien.<\/li>\n<li>LOGO und Verpackung k\u00f6nnen angepasst werden. Unterst\u00fctzung der personalisierten Anpassung, Verbesserung des Markenimages.<\/li>\n<\/ul>\n<table>\n<tbody>\n<tr>\n<td width=\"284\">ART NO.<\/td>\n<td width=\"284\">SH07<\/td>\n<\/tr>\n<tr>\n<td width=\"284\">Material des Gurtbandes<\/td>\n<td width=\"284\">Polyester, legierter Stahl, Aluminiumlegierung<\/td>\n<\/tr>\n<tr>\n<td width=\"284\">Gr\u00f6\u00dfe des Gurtbandes<\/td>\n<td width=\"284\">4,5CM Breite<\/td>\n<\/tr>\n<tr>\n<td width=\"284\">Farbe<\/td>\n<td width=\"284\">Gr\u00fcn\/gelb oder individuell<\/td>\n<\/tr>\n<tr>\n<td width=\"284\">Struktur<\/td>\n<td width=\"284\">D-Ringe mit 5 Positionen, schnelles Metall-Konfigurationsdesign.<\/p>\n<p>&nbsp;<\/td>\n<\/tr>\n<tr>\n<td width=\"284\">St\u00e4rke<\/td>\n<td width=\"284\">&gt;23KN<\/td>\n<\/tr>\n<tr>\n<td width=\"284\">Gr\u00f6\u00dfe des Sicherheitsseils<\/td>\n<td width=\"284\">Breite Energieabsorber 1,34-1,94m<\/td>\n<\/tr>\n<tr>\n<td width=\"284\">Qualit\u00e4tsstandard<\/td>\n<td width=\"284\">CE EN361<\/td>\n<\/tr>\n<tr>\n<td width=\"284\">Verpacken<\/td>\n<td width=\"284\">1PC\/Farbkarton oder schwarzer Vliesstoffbeutel, 10PCS\/CTN<\/td>\n<\/tr>\n<tr>\n<td width=\"284\">Anmeldung<\/td>\n<td width=\"284\">Bergsteigen, Ausbau, Rettung, Arbeiten aus der Luft, H\u00f6hlenerkundung, Schnellabstieg, usw.<\/td>\n<\/tr>\n<\/tbody>\n<\/table>\n<p>TOPRISE unterst\u00fctzt verschiedene Arten der Anpassung von Sicherheitsgurten; klicken Sie zum <a href=\"https:\/\/toprisesafety.com\/de\/product-category\/personal-protective-equipment\/safety-harness\/\">weitere Modelle von Sicherheitsgeschirren ansehen.<\/a><\/p>\n<p>Wenn Sie die ben\u00f6tigten Sicherheitsgurte nicht finden, <a href=\"https:\/\/toprisesafety.com\/de\/contact-us\/\">Kontaktieren Sie uns<\/a>; wir unterst\u00fctzen spezielle Anpassungen.<\/p>","protected":false},"excerpt":{"rendered":"<p>ART NO. SH07<\/p>\n<p>Farbe: Schwarz, gelb\/blau, gelb\/grau oder individuell<\/p>\n<p>MOQ : 100 STK.<\/p>\n<p>Qualit\u00e4tsstandard: CE EN361<\/p>","protected":false},"featured_media":11896,"template":"","meta":{"_acf_changed":false},"product_brand":[],"product_cat":[327],"product_tag":[],"class_list":{"0":"post-11894","1":"product","2":"type-product","3":"status-publish","4":"has-post-thumbnail","6":"product_cat-safety-harness","8":"first","9":"instock","10":"shipping-taxable","11":"product-type-simple"},"acf":[],"_links":{"self":[{"href":"https:\/\/toprisesafety.com\/de\/wp-json\/wp\/v2\/product\/11894"}],"collection":[{"href":"https:\/\/toprisesafety.com\/de\/wp-json\/wp\/v2\/product"}],"about":[{"href":"https:\/\/toprisesafety.com\/de\/wp-json\/wp\/v2\/types\/product"}],"wp:featuredmedia":[{"embeddable":true,"href":"https:\/\/toprisesafety.com\/de\/wp-json\/wp\/v2\/media\/11896"}],"wp:attachment":[{"href":"https:\/\/toprisesafety.com\/de\/wp-json\/wp\/v2\/media?parent=11894"}],"wp:term":[{"taxonomy":"product_brand","embeddable":true,"href":"https:\/\/toprisesafety.com\/de\/wp-json\/wp\/v2\/product_brand?post=11894"},{"taxonomy":"product_cat","embeddable":true,"href":"https:\/\/toprisesafety.com\/de\/wp-json\/wp\/v2\/product_cat?post=11894"},{"taxonomy":"product_tag","embeddable":true,"href":"https:\/\/toprisesafety.com\/de\/wp-json\/wp\/v2\/product_tag?post=11894"}],"curies":[{"name":"wp","href":"https:\/\/api.w.org\/{rel}","templated":true}]}}