{"id":11815,"date":"2025-04-09T07:19:02","date_gmt":"2025-04-09T07:19:02","guid":{"rendered":"https:\/\/toprisesafety.com\/?post_type=product&#038;p=11815"},"modified":"2025-04-14T06:08:37","modified_gmt":"2025-04-14T06:08:37","slug":"waist-and-back-support-belt","status":"publish","type":"product","link":"https:\/\/toprisesafety.com\/de\/product\/waist-and-back-support-belt\/","title":{"rendered":"St\u00fctzg\u00fcrtel f\u00fcr Taille und R\u00fccken"},"content":{"rendered":"<h2>St\u00fctzg\u00fcrtel f\u00fcr Taille und R\u00fccken<\/h2>\n<table>\n<tbody>\n<tr>\n<td width=\"284\">ART NO.<\/td>\n<td width=\"284\">BS04<\/td>\n<\/tr>\n<tr>\n<td width=\"284\">Material<\/td>\n<td width=\"284\">Polyester, Latexfaden, Klettverschluss<\/td>\n<\/tr>\n<tr>\n<td width=\"284\">Farbe<\/td>\n<td width=\"284\">Schwarz<\/td>\n<\/tr>\n<tr>\n<td width=\"284\">Gr\u00f6\u00dfe<\/td>\n<td width=\"284\">S:28-32\";M:32-38\";L:38-46\";XL:46-56\"; XXL:56-62\";XXXL:62-68\" oder individuell.<\/td>\n<\/tr>\n<tr>\n<td width=\"284\">Kundenlogo<\/td>\n<td width=\"284\">Verf\u00fcgbar<\/td>\n<\/tr>\n<tr>\n<td width=\"284\">Verpacken<\/td>\n<td width=\"284\">Farbige Schachtel, Blisterpackung, Kopfkarte usw.<\/td>\n<\/tr>\n<\/tbody>\n<\/table>\n<ul>\n<li>Unterst\u00fctzung der LOGO- und Verpackungsanpassung: Sie k\u00f6nnen das exklusive Markenimage entsprechend den Kundenanforderungen anpassen und das Unternehmensimage verbessern.<\/li>\n<li>Verbessert die Unterst\u00fctzung des R\u00fcckens: Bietet starke Unterst\u00fctzung, reduziert den Druck auf den R\u00fccken und verhindert und lindert R\u00fcckenschmerzen.<\/li>\n<li>Atmungsaktives und komfortables Design: Die Verwendung von atmungsaktiven Materialien und langfristige tragen, um trocken zu halten verbessern Komfort.<\/li>\n<li>Einstellbare Funktion: Flexible Anpassung an den Taillenumfang, um die beste Passform zu gew\u00e4hrleisten.<\/li>\n<li>Breiter Einsatzbereich: geeignet f\u00fcr Arbeiter, Sportler, B\u00fcroangestellte und andere Berufe; sch\u00fctzt die Taille und reduziert Erm\u00fcdung.<\/li>\n<\/ul>\n<p>TOPRISE unterst\u00fctzt verschiedene Arten der Anpassung von R\u00fcckenst\u00fctzgurten f\u00fcr die Arbeit; klicken Sie hier, um <a href=\"https:\/\/toprisesafety.com\/de\/product-category\/personal-protective-equipment\/back-support-belt\/\">weitere Modelle von R\u00fcckenst\u00fctzg\u00fcrteln f\u00fcr die Arbeit sehen.<\/a><\/p>\n<p>Wenn Sie Ihren gew\u00fcnschten R\u00fcckenst\u00fctzg\u00fcrtel nicht finden, <a href=\"https:\/\/toprisesafety.com\/de\/contact-us\/\">Kontaktieren Sie uns<\/a>; wir unterst\u00fctzen spezielle Anpassungen.<\/p>","protected":false},"excerpt":{"rendered":"<p>Art.Nr.: BS05<\/p>\n<p>Material: Polyester, Latexfaden, Klettverschluss<\/p>\n<p>Farbe: Schwarz oder individuell<\/p>\n<p>Versteifungsstreifen: PP-Leiste oder Stahlleiste oder Federleiste zur Auswahl<\/p>\n<p>Gr\u00f6\u00dfe: S-XXXL oder individuell<\/p>\n<p>MOQ: 1008PCS<\/p>","protected":false},"featured_media":11818,"template":"","meta":{"_acf_changed":false},"product_brand":[],"product_cat":[320,328],"product_tag":[],"class_list":{"0":"post-11815","1":"product","2":"type-product","3":"status-publish","4":"has-post-thumbnail","6":"product_cat-personal-protective-equipment","7":"product_cat-back-support-belt","9":"first","10":"instock","11":"shipping-taxable","12":"product-type-simple"},"acf":[],"_links":{"self":[{"href":"https:\/\/toprisesafety.com\/de\/wp-json\/wp\/v2\/product\/11815"}],"collection":[{"href":"https:\/\/toprisesafety.com\/de\/wp-json\/wp\/v2\/product"}],"about":[{"href":"https:\/\/toprisesafety.com\/de\/wp-json\/wp\/v2\/types\/product"}],"wp:featuredmedia":[{"embeddable":true,"href":"https:\/\/toprisesafety.com\/de\/wp-json\/wp\/v2\/media\/11818"}],"wp:attachment":[{"href":"https:\/\/toprisesafety.com\/de\/wp-json\/wp\/v2\/media?parent=11815"}],"wp:term":[{"taxonomy":"product_brand","embeddable":true,"href":"https:\/\/toprisesafety.com\/de\/wp-json\/wp\/v2\/product_brand?post=11815"},{"taxonomy":"product_cat","embeddable":true,"href":"https:\/\/toprisesafety.com\/de\/wp-json\/wp\/v2\/product_cat?post=11815"},{"taxonomy":"product_tag","embeddable":true,"href":"https:\/\/toprisesafety.com\/de\/wp-json\/wp\/v2\/product_tag?post=11815"}],"curies":[{"name":"wp","href":"https:\/\/api.w.org\/{rel}","templated":true}]}}