{"id":11811,"date":"2025-04-09T07:11:55","date_gmt":"2025-04-09T07:11:55","guid":{"rendered":"https:\/\/toprisesafety.com\/?post_type=product&#038;p=11811"},"modified":"2025-04-14T06:09:56","modified_gmt":"2025-04-14T06:09:56","slug":"belt-for-back-support","status":"publish","type":"product","link":"https:\/\/toprisesafety.com\/de\/product\/belt-for-back-support\/","title":{"rendered":"G\u00fcrtel zur Unterst\u00fctzung des R\u00fcckens"},"content":{"rendered":"<h2>G\u00fcrtel zur Unterst\u00fctzung des R\u00fcckens<\/h2>\n<table>\n<tbody>\n<tr>\n<td width=\"284\">ART NO.<\/td>\n<td width=\"284\">BS04<\/td>\n<\/tr>\n<tr>\n<td width=\"284\">Material<\/td>\n<td width=\"284\">Polyester, Latexfaden, Klettverschluss<\/td>\n<\/tr>\n<tr>\n<td width=\"284\">Farbe<\/td>\n<td width=\"284\">Schwarz<\/td>\n<\/tr>\n<tr>\n<td width=\"284\">Gr\u00f6\u00dfe<\/td>\n<td width=\"284\">S:28-32\u201d;M:32-38\u201d;L:38-46\u201d;XL:46-56\u201d; XXL:56-62\u201d;XXXL:62-68\u201d<\/td>\n<\/tr>\n<tr>\n<td width=\"284\">Kundenlogo<\/td>\n<td width=\"284\">Verf\u00fcgbar<\/td>\n<\/tr>\n<tr>\n<td width=\"284\">Verpacken<\/td>\n<td width=\"284\">Farbige Schachtel, Blisterpackung, Kopfkarte usw.<\/td>\n<\/tr>\n<\/tbody>\n<\/table>\n<ul>\n<li>Wirksame Reduzierung des Drucks im unteren R\u00fcckenbereich: geeignet f\u00fcr langes Stehen oder sitzende Berufsgruppen zur Vorbeugung und Linderung von Schmerzen im unteren R\u00fcckenbereich.<\/li>\n<li>Atmungsaktives Design: um Komfort und Passform zu gew\u00e4hrleisten, ist langfristiges Tragen nicht stickig.<\/li>\n<li>Einstellbare Funktion: Einstellbar auf den individuellen Taillenumfang, um eine perfekte Passform f\u00fcr verschiedene K\u00f6rpertypen zu gew\u00e4hrleisten.<\/li>\n<li>Verbessern Sie die Stabilit\u00e4t der Taille: Vermeiden Sie unsachgem\u00e4\u00dfes Verdrehen und \u00fcberm\u00e4\u00dfiges Biegen und bieten Sie wirksamen Halt.<\/li>\n<li>Breiter Einsatzbereich: geeignet f\u00fcr Tr\u00e4ger, B\u00fcroangestellte und Sportbegeisterte; reduziert die Belastung und beugt Sportverletzungen vor.<\/li>\n<\/ul>\n<p>TOPRISE unterst\u00fctzt verschiedene Arten der Anpassung von R\u00fcckenst\u00fctzgurten f\u00fcr die Arbeit; klicken Sie hier, um <a href=\"https:\/\/toprisesafety.com\/de\/product-category\/personal-protective-equipment\/back-support-belt\/\">weitere Modelle von R\u00fcckenst\u00fctzg\u00fcrteln f\u00fcr die Arbeit sehen.<\/a><\/p>\n<p>Wenn Sie Ihren gew\u00fcnschten R\u00fcckenst\u00fctzg\u00fcrtel nicht finden, <a href=\"https:\/\/toprisesafety.com\/de\/contact-us\/\">Kontaktieren Sie uns<\/a>; wir unterst\u00fctzen spezielle Anpassungen.<\/p>","protected":false},"excerpt":{"rendered":"<p>Art.Nr.: BS04<\/p>\n<p>Material: Polyester, Latexfaden, Klettverschluss<\/p>\n<p>Farbe: Schwarz oder individuell<\/p>\n<p>Versteifungsstreifen: PP-Leiste oder Stahlleiste oder Federleiste zur Auswahl<\/p>\n<p>Gr\u00f6\u00dfe: S-XXXL<\/p>\n<p>MOQ: 1008PCS<\/p>","protected":false},"featured_media":11814,"template":"","meta":{"_acf_changed":false},"product_brand":[],"product_cat":[320,328],"product_tag":[],"class_list":{"0":"post-11811","1":"product","2":"type-product","3":"status-publish","4":"has-post-thumbnail","6":"product_cat-personal-protective-equipment","7":"product_cat-back-support-belt","9":"first","10":"instock","11":"shipping-taxable","12":"product-type-simple"},"acf":[],"_links":{"self":[{"href":"https:\/\/toprisesafety.com\/de\/wp-json\/wp\/v2\/product\/11811"}],"collection":[{"href":"https:\/\/toprisesafety.com\/de\/wp-json\/wp\/v2\/product"}],"about":[{"href":"https:\/\/toprisesafety.com\/de\/wp-json\/wp\/v2\/types\/product"}],"wp:featuredmedia":[{"embeddable":true,"href":"https:\/\/toprisesafety.com\/de\/wp-json\/wp\/v2\/media\/11814"}],"wp:attachment":[{"href":"https:\/\/toprisesafety.com\/de\/wp-json\/wp\/v2\/media?parent=11811"}],"wp:term":[{"taxonomy":"product_brand","embeddable":true,"href":"https:\/\/toprisesafety.com\/de\/wp-json\/wp\/v2\/product_brand?post=11811"},{"taxonomy":"product_cat","embeddable":true,"href":"https:\/\/toprisesafety.com\/de\/wp-json\/wp\/v2\/product_cat?post=11811"},{"taxonomy":"product_tag","embeddable":true,"href":"https:\/\/toprisesafety.com\/de\/wp-json\/wp\/v2\/product_tag?post=11811"}],"curies":[{"name":"wp","href":"https:\/\/api.w.org\/{rel}","templated":true}]}}