{"id":11805,"date":"2025-04-09T07:06:17","date_gmt":"2025-04-09T07:06:17","guid":{"rendered":"https:\/\/toprisesafety.com\/?post_type=product&#038;p=11805"},"modified":"2025-04-14T06:10:21","modified_gmt":"2025-04-14T06:10:21","slug":"waist-back-suppot-belt","status":"publish","type":"product","link":"https:\/\/toprisesafety.com\/de\/product\/waist-back-suppot-belt\/","title":{"rendered":"Taille R\u00fcckenst\u00fctzg\u00fcrtel"},"content":{"rendered":"<h2>Taille R\u00fcckenst\u00fctzg\u00fcrtel<\/h2>\n<table>\n<tbody>\n<tr>\n<td width=\"284\">ART NO.<\/td>\n<td width=\"284\">BS04<\/td>\n<\/tr>\n<tr>\n<td width=\"284\">Material<\/td>\n<td width=\"284\">Polyester, Latexfaden, Klettverschluss<\/td>\n<\/tr>\n<tr>\n<td width=\"284\">Farbe<\/td>\n<td width=\"284\">Schwarz, grau, rosa oder individuell<\/td>\n<\/tr>\n<tr>\n<td width=\"284\">Gr\u00f6\u00dfe<\/td>\n<td width=\"284\">S:28-32\";M:32-38\";L:38-46\";XL:46-56\"; XXL:56-62\";XXXL:62-68\" oder individuell.<\/td>\n<\/tr>\n<tr>\n<td width=\"284\">Kundenlogo<\/td>\n<td width=\"284\">Verf\u00fcgbar<\/td>\n<\/tr>\n<tr>\n<td width=\"284\">Verpacken<\/td>\n<td width=\"284\">Farbige Schachtel, Blisterpackung, Kopfkarte usw.<\/td>\n<\/tr>\n<\/tbody>\n<\/table>\n<ul>\n<li>Unterst\u00fctzung der LOGO- und Verpackungsanpassung, um den Anforderungen der Markenanpassung gerecht zu werden und den Wiedererkennungswert auf dem Markt zu erh\u00f6hen.<\/li>\n<li>Verbesserte Lendenwirbelst\u00fctze: Bietet eine stabile Unterst\u00fctzung f\u00fcr die Taille und reduziert den Stress, der durch lange Arbeitszeiten verursacht wird.<\/li>\n<li>Atmungsaktives Design: Die Verwendung von atmungsaktivem Mesh-Stoff h\u00e4lt Sie trocken und eignet sich f\u00fcr den ganzen Tag tragen.<\/li>\n<li>Bequeme Passform: Das verstellbare Design sorgt f\u00fcr einen festen Sitz zwischen Taille und Bund f\u00fcr optimalen Komfort.<\/li>\n<\/ul>\n<p>TOPRISE unterst\u00fctzt verschiedene Arten der Anpassung von R\u00fcckenst\u00fctzgurten f\u00fcr die Arbeit; klicken Sie hier, um <a href=\"https:\/\/toprisesafety.com\/de\/product-category\/personal-protective-equipment\/back-support-belt\/\">weitere Modelle von R\u00fcckenst\u00fctzg\u00fcrteln f\u00fcr die Arbeit sehen.<\/a><\/p>\n<p>Wenn Sie Ihren gew\u00fcnschten R\u00fcckenst\u00fctzg\u00fcrtel nicht finden, <a href=\"https:\/\/toprisesafety.com\/de\/contact-us\/\">Kontaktieren Sie uns<\/a>; wir unterst\u00fctzen spezielle Anpassungen.<\/p>","protected":false},"excerpt":{"rendered":"<p>Art-Nr.: BS06<\/p>\n<p>Material: Polyester, Latexfaden, Klettverschluss<\/p>\n<p>Farbe: Schwarz, grau, rosa oder individuell<\/p>\n<p>Versteifungsstreifen: PP-Leiste oder Stahlleiste oder Federleiste zur Auswahl<\/p>\n<p>Gr\u00f6\u00dfe: S-XXXL oder individuell<\/p>\n<p>MOQ: 1008PCS<\/p>","protected":false},"featured_media":11809,"template":"","meta":{"_acf_changed":false},"product_brand":[],"product_cat":[320,328],"product_tag":[],"class_list":{"0":"post-11805","1":"product","2":"type-product","3":"status-publish","4":"has-post-thumbnail","6":"product_cat-personal-protective-equipment","7":"product_cat-back-support-belt","9":"first","10":"instock","11":"shipping-taxable","12":"product-type-simple"},"acf":[],"_links":{"self":[{"href":"https:\/\/toprisesafety.com\/de\/wp-json\/wp\/v2\/product\/11805"}],"collection":[{"href":"https:\/\/toprisesafety.com\/de\/wp-json\/wp\/v2\/product"}],"about":[{"href":"https:\/\/toprisesafety.com\/de\/wp-json\/wp\/v2\/types\/product"}],"wp:featuredmedia":[{"embeddable":true,"href":"https:\/\/toprisesafety.com\/de\/wp-json\/wp\/v2\/media\/11809"}],"wp:attachment":[{"href":"https:\/\/toprisesafety.com\/de\/wp-json\/wp\/v2\/media?parent=11805"}],"wp:term":[{"taxonomy":"product_brand","embeddable":true,"href":"https:\/\/toprisesafety.com\/de\/wp-json\/wp\/v2\/product_brand?post=11805"},{"taxonomy":"product_cat","embeddable":true,"href":"https:\/\/toprisesafety.com\/de\/wp-json\/wp\/v2\/product_cat?post=11805"},{"taxonomy":"product_tag","embeddable":true,"href":"https:\/\/toprisesafety.com\/de\/wp-json\/wp\/v2\/product_tag?post=11805"}],"curies":[{"name":"wp","href":"https:\/\/api.w.org\/{rel}","templated":true}]}}