{"id":11794,"date":"2025-04-09T06:59:59","date_gmt":"2025-04-09T06:59:59","guid":{"rendered":"https:\/\/toprisesafety.com\/?post_type=product&#038;p=11794"},"modified":"2025-04-14T06:10:52","modified_gmt":"2025-04-14T06:10:52","slug":"back-support-belt-for-work","status":"publish","type":"product","link":"https:\/\/toprisesafety.com\/de\/product\/back-support-belt-for-work\/","title":{"rendered":"R\u00fcckenst\u00fctzg\u00fcrtel f\u00fcr die Arbeit"},"content":{"rendered":"<h2>R\u00fcckenst\u00fctzg\u00fcrtel f\u00fcr die Arbeit<\/h2>\n<table>\n<tbody>\n<tr>\n<td width=\"284\">ART NO.<\/td>\n<td width=\"284\">BS10<\/td>\n<\/tr>\n<tr>\n<td width=\"284\">Material<\/td>\n<td width=\"284\">Polyester, Latexfaden, Klettverschluss<\/td>\n<\/tr>\n<tr>\n<td width=\"284\">Farbe<\/td>\n<td width=\"284\">Schwarz\/gr\u00fcn oder individuell<\/td>\n<\/tr>\n<tr>\n<td width=\"284\">Gr\u00f6\u00dfe<\/td>\n<td width=\"284\">S:28-32\";M:32-38\";L:38-46\";XL:46-56\"; XXL:56-62\";XXXL:62-68\" oder individuell.<\/td>\n<\/tr>\n<tr>\n<td width=\"284\">Kundenlogo<\/td>\n<td width=\"284\">Verf\u00fcgbar<\/td>\n<\/tr>\n<tr>\n<td width=\"284\">Verpacken<\/td>\n<td width=\"284\">Farbige Schachtel, Blisterpackung, Kopfkarte usw.<\/td>\n<\/tr>\n<\/tbody>\n<\/table>\n<ul>\n<li>Bessere Sichtbarkeit: Das helle fluoreszierende gr\u00fcne Design verbessert die Sichtbarkeit bei Nacht oder in schwach beleuchteten Umgebungen und erh\u00f6ht die Sicherheit.<\/li>\n<li>Bequeme Unterst\u00fctzung: ergonomisches Design, bietet Stabilit\u00e4t in der Taille, reduziert effektiv Stress und reduziert die Arbeitserm\u00fcdung.<\/li>\n<li>Verstellbares Design: Der G\u00fcrtel wird mit einem verstellbaren G\u00fcrtel geliefert, der sich an verschiedene K\u00f6rpertypen anpasst und ein individuelles Trageerlebnis bietet.<\/li>\n<li>Vielseitig einsetzbar: Geeignet f\u00fcr hochintensive Arbeitsumgebungen wie Fabriken und Geb\u00e4ude, um die Taille zu sch\u00fctzen und Belastungen zu vermeiden.<\/li>\n<li>Unterst\u00fctzung von LOGO und Verpackungsanpassung: Das LOGO des Kunden kann hinzugef\u00fcgt werden, und die Verpackung l\u00e4sst sich an die Bed\u00fcrfnisse der Marke anpassen.<\/li>\n<li>Langlebiges Material: Die Verwendung von langlebigen Materialien zur Gew\u00e4hrleistung einer langfristigen Nutzung ist nicht leicht zu besch\u00e4digen und verbessert die Kostenleistung.<\/li>\n<\/ul>\n<p>TOPRISE unterst\u00fctzt verschiedene Arten der Anpassung von R\u00fcckenst\u00fctzgurten f\u00fcr die Arbeit; klicken Sie hier, um <a href=\"https:\/\/toprisesafety.com\/de\/product-category\/personal-protective-equipment\/back-support-belt\/\">weitere Modelle von R\u00fcckenst\u00fctzg\u00fcrteln f\u00fcr die Arbeit sehen.<\/a><\/p>\n<p>Wenn Sie Ihren gew\u00fcnschten R\u00fcckenst\u00fctzg\u00fcrtel nicht finden, <a href=\"https:\/\/toprisesafety.com\/de\/contact-us\/\">Kontaktieren Sie uns<\/a>; wir unterst\u00fctzen spezielle Anpassungen.<\/p>","protected":false},"excerpt":{"rendered":"<p>Art-Nr.: BS11<\/p>\n<p>Material: Polyester, Latexfaden, Klettverschluss<\/p>\n<p>Farbe: &amp;nbspSchwarz\/gr\u00fcn oder individuell<\/p>\n<p>Versteifungsstreifen: PP-Leiste oder Stahlleiste oder Federleiste zur Auswahl<\/p>\n<p>Gr\u00f6\u00dfe: S-XXXL oder individuell<\/p>\n<p>MOQ: 1008PCS<\/p>","protected":false},"featured_media":11801,"template":"","meta":{"_acf_changed":false},"product_brand":[],"product_cat":[320,328],"product_tag":[],"class_list":{"0":"post-11794","1":"product","2":"type-product","3":"status-publish","4":"has-post-thumbnail","6":"product_cat-personal-protective-equipment","7":"product_cat-back-support-belt","9":"first","10":"instock","11":"shipping-taxable","12":"product-type-simple"},"acf":[],"_links":{"self":[{"href":"https:\/\/toprisesafety.com\/de\/wp-json\/wp\/v2\/product\/11794"}],"collection":[{"href":"https:\/\/toprisesafety.com\/de\/wp-json\/wp\/v2\/product"}],"about":[{"href":"https:\/\/toprisesafety.com\/de\/wp-json\/wp\/v2\/types\/product"}],"wp:featuredmedia":[{"embeddable":true,"href":"https:\/\/toprisesafety.com\/de\/wp-json\/wp\/v2\/media\/11801"}],"wp:attachment":[{"href":"https:\/\/toprisesafety.com\/de\/wp-json\/wp\/v2\/media?parent=11794"}],"wp:term":[{"taxonomy":"product_brand","embeddable":true,"href":"https:\/\/toprisesafety.com\/de\/wp-json\/wp\/v2\/product_brand?post=11794"},{"taxonomy":"product_cat","embeddable":true,"href":"https:\/\/toprisesafety.com\/de\/wp-json\/wp\/v2\/product_cat?post=11794"},{"taxonomy":"product_tag","embeddable":true,"href":"https:\/\/toprisesafety.com\/de\/wp-json\/wp\/v2\/product_tag?post=11794"}],"curies":[{"name":"wp","href":"https:\/\/api.w.org\/{rel}","templated":true}]}}