{"id":11771,"date":"2025-04-09T06:17:52","date_gmt":"2025-04-09T06:17:52","guid":{"rendered":"https:\/\/toprisesafety.com\/?post_type=product&#038;p=11771"},"modified":"2025-04-14T06:34:18","modified_gmt":"2025-04-14T06:34:18","slug":"reflective-belts-for-back-support","status":"publish","type":"product","link":"https:\/\/toprisesafety.com\/de\/product\/reflective-belts-for-back-support\/","title":{"rendered":"Reflektierende Gurte zur Unterst\u00fctzung des R\u00fcckens"},"content":{"rendered":"<h2>Reflektierende Gurte zur Unterst\u00fctzung des R\u00fcckens<\/h2>\n<table>\n<tbody>\n<tr>\n<td width=\"284\">ART NO.<\/td>\n<td width=\"284\">BS07<\/td>\n<\/tr>\n<tr>\n<td width=\"284\">Material<\/td>\n<td width=\"284\">Polyester, Latexfaden, Klettverschluss<\/td>\n<\/tr>\n<tr>\n<td width=\"284\">Farbe<\/td>\n<td width=\"284\">Schwarz oder individuell<\/td>\n<\/tr>\n<tr>\n<td width=\"284\">Merkmal<\/td>\n<td width=\"284\">Reflektierender G\u00fcrtel hinten hinzuf\u00fcgen<\/td>\n<\/tr>\n<tr>\n<td width=\"284\">Gr\u00f6\u00dfe<\/td>\n<td width=\"284\">S:28-32\";M:32-38\";L:38-46\";XL:46-56\"; XXL:56-62\";XXXL:62-68\" oder individuell.<\/td>\n<\/tr>\n<tr>\n<td width=\"284\">Kundenlogo<\/td>\n<td width=\"284\">Verf\u00fcgbar<\/td>\n<\/tr>\n<tr>\n<td width=\"284\">Verpacken<\/td>\n<td width=\"284\">Farbige Schachtel, Blisterpackung, Kopfkarte usw.<\/td>\n<\/tr>\n<\/tbody>\n<\/table>\n<ul>\n<li>Reflektierende Streifen auf der R\u00fcckseite: Erh\u00f6hte Sichtbarkeit und Sicherheit bei schlechten Lichtverh\u00e4ltnissen.<\/li>\n<li>Unterst\u00fctzung der LOGO- und Verpackungsanpassung: Passen Sie die Marke entsprechend den Kundenbed\u00fcrfnissen an, um den Wiedererkennungswert auf dem Markt zu erh\u00f6hen.<\/li>\n<li>Verbesserte Unterst\u00fctzung der Lendenwirbels\u00e4ule: Reduziert effektiv den Druck auf die Lendenwirbels\u00e4ule und verhindert und lindert Schmerzen im unteren R\u00fccken.<\/li>\n<li>Bequemes, verstellbares Design: Der G\u00fcrtel ist einstellbar, um eine perfekte Passform f\u00fcr optimalen Komfort zu gew\u00e4hrleisten.<\/li>\n<li>Breiter Einsatzbereich: Geeignet f\u00fcr Arbeiter, Logistikpersonal und andere Berufe, um langfristigen Tragekomfort und Sicherheit zu gew\u00e4hrleisten.<\/li>\n<\/ul>\n<p>TOPRISE unterst\u00fctzt verschiedene Arten der Anpassung von R\u00fcckenst\u00fctzgurten f\u00fcr die Arbeit; klicken Sie hier, um <a href=\"https:\/\/toprisesafety.com\/de\/product-category\/personal-protective-equipment\/back-support-belt\/\">weitere Modelle von R\u00fcckenst\u00fctzg\u00fcrteln f\u00fcr die Arbeit sehen.<\/a><\/p>\n<p>Wenn Sie Ihren gew\u00fcnschten R\u00fcckenst\u00fctzg\u00fcrtel nicht finden, <a href=\"https:\/\/toprisesafety.com\/de\/contact-us\/\">Kontaktieren Sie uns<\/a>; wir unterst\u00fctzen spezielle Anpassungen.<\/p>","protected":false},"excerpt":{"rendered":"<p>Art.Nr.: BS09<\/p>\n<p>Material: Polyester, Latexfaden, Klettverschluss<\/p>\n<p>Merkmal: Reflektierender G\u00fcrtel hinzuf\u00fcgen<\/p>\n<p>Farbe: &amp;nbspSchwarz oder individuell<\/p>\n<p>Versteifungsstreifen: PP-Leiste oder Stahlleiste oder Federleiste zur Auswahl<\/p>\n<p>Gr\u00f6\u00dfe: S-XXXL oder individuell<\/p>\n<p>MOQ: 1008PCS<\/p>","protected":false},"featured_media":11774,"template":"","meta":{"_acf_changed":false},"product_brand":[],"product_cat":[328,320],"product_tag":[],"class_list":{"0":"post-11771","1":"product","2":"type-product","3":"status-publish","4":"has-post-thumbnail","6":"product_cat-back-support-belt","7":"product_cat-personal-protective-equipment","9":"first","10":"instock","11":"shipping-taxable","12":"product-type-simple"},"acf":[],"_links":{"self":[{"href":"https:\/\/toprisesafety.com\/de\/wp-json\/wp\/v2\/product\/11771"}],"collection":[{"href":"https:\/\/toprisesafety.com\/de\/wp-json\/wp\/v2\/product"}],"about":[{"href":"https:\/\/toprisesafety.com\/de\/wp-json\/wp\/v2\/types\/product"}],"wp:featuredmedia":[{"embeddable":true,"href":"https:\/\/toprisesafety.com\/de\/wp-json\/wp\/v2\/media\/11774"}],"wp:attachment":[{"href":"https:\/\/toprisesafety.com\/de\/wp-json\/wp\/v2\/media?parent=11771"}],"wp:term":[{"taxonomy":"product_brand","embeddable":true,"href":"https:\/\/toprisesafety.com\/de\/wp-json\/wp\/v2\/product_brand?post=11771"},{"taxonomy":"product_cat","embeddable":true,"href":"https:\/\/toprisesafety.com\/de\/wp-json\/wp\/v2\/product_cat?post=11771"},{"taxonomy":"product_tag","embeddable":true,"href":"https:\/\/toprisesafety.com\/de\/wp-json\/wp\/v2\/product_tag?post=11771"}],"curies":[{"name":"wp","href":"https:\/\/api.w.org\/{rel}","templated":true}]}}